{"id":328208,"date":"2022-09-27T21:37:34","date_gmt":"2024-04-08T14:52:21","guid":{"rendered":"https:\/\/www.moskito.cz\/produkt\/coltello-fisso-crkt-chanceinhell-k910kkp\/"},"modified":"2025-05-07T11:09:26","modified_gmt":"2025-05-07T10:09:26","slug":"coltello-fisso-crkt-chanceinhell-k910kkp","status":"publish","type":"product","link":"https:\/\/www.moskito.cz\/it\/produkt\/coltello-fisso-crkt-chanceinhell-k910kkp\/","title":{"rendered":"Coltello Fisso CRKT CHANCEINHELL K910KKP"},"content":{"rendered":"<p>&nbsp;<\/p>\n<div class=\"flex-1 overflow-hidden @container\/thread\">\n<div class=\"h-full\">\n<div class=\"react-scroll-to-bottom--css-vxybp-79elbk h-full\">\n<div class=\"react-scroll-to-bottom--css-vxybp-1n7m0yu\">\n<div class=\"flex flex-col text-sm md:pb-9\">\n<article class=\"w-full scroll-mb-[var(--thread-trailing-height,150px)] text-token-text-primary focus-visible:outline-2 focus-visible:outline-offset-[-4px]\" dir=\"auto\" data-testid=\"conversation-turn-113\" data-scroll-anchor=\"true\">\n<div class=\"m-auto text-base py-[18px] px-3 md:px-4 w-full md:px-5 lg:px-4 xl:px-5\">\n<div class=\"mx-auto flex flex-1 gap-4 text-base md:gap-5 lg:gap-6 md:max-w-3xl\">\n<div class=\"group\/conversation-turn relative flex w-full min-w-0 flex-col agent-turn\">\n<div class=\"flex-col gap-1 md:gap-3\">\n<div class=\"flex max-w-full flex-col flex-grow\">\n<div class=\"min-h-8 text-message flex w-full flex-col items-end gap-2 whitespace-normal break-words text-start [.text-message+&amp;]:mt-5\" dir=\"auto\" data-message-author-role=\"assistant\" data-message-id=\"fd2a746f-053a-43ad-91d1-3415b9189814\" data-message-model-slug=\"gpt-4o-mini\">\n<div class=\"flex w-full flex-col gap-1 empty:hidden first:pt-[3px]\">\n<div class=\"markdown prose w-full break-words dark:prose-invert light\">\n<p><strong>Il coltello a lama fissa CRKT Chanceinhell K910KKP<\/strong> \u00e8 un <strong>machete da sopravvivenza<\/strong> estremamente resistente che unisce <strong>forza<\/strong> , <strong>prestazioni<\/strong> e <strong>versatilit\u00e0<\/strong> , rendendolo lo strumento ideale per le condizioni pi\u00f9 difficili. Progettato da <strong>Ken Onion<\/strong> , un rinomato produttore di coltelli di <strong>Kaneohe, Hawaii<\/strong> , <strong>il Chanceinhell\u2122<\/strong> \u00e8 progettato per compiti impegnativi e per un utilizzo a lungo termine in condizioni estreme. \u00c8 un coltello che pu\u00f2 <strong>aiutare nella sopravvivenza<\/strong> , <strong>nel taglio della legna<\/strong> , <strong>nei lavori forestali<\/strong> e <strong>in situazioni di combattimento<\/strong> .  <\/p>\n<h3>Caratteristiche e vantaggi principali:<\/h3>\n<ol>\n<li><strong>Lama robusta in acciaio al carbonio da 65Mn<\/strong>\n<ul>\n<li>La lama \u00e8 realizzata in <strong>acciaio al carbonio 65Mn<\/strong> , un materiale noto per la sua <strong>durevolezza<\/strong> e <strong>elevata durezza<\/strong> . Questo tipo di acciaio \u00e8 ottimo per <strong>tagliare<\/strong> e <strong>abbattere<\/strong> , consentendo comunque <strong>una buona tenuta della lama<\/strong> . <\/li>\n<li><strong>La finitura Powder Coat<\/strong> <strong>protegge la lama dalla corrosione<\/strong> e <strong>ne migliora la resistenza<\/strong> ai graffi e all&#8217;usura. La finitura nera \u00e8 ideale per lavorare in condizioni difficili, come in <strong>ambienti umidi<\/strong> o <strong>nei lavori forestali<\/strong> . <\/li>\n<\/ul>\n<\/li>\n<li><strong>Impugnatura ergonomica per ridurre l&#8217;affaticamento della mano<\/strong>\n<ul>\n<li><strong>L&#8217;impugnatura a doppia iniezione<\/strong> \u00e8 progettata per <strong>ridurre al minimo l&#8217;affaticamento della mano<\/strong> durante l&#8217;uso prolungato. L&#8217;impugnatura ha <strong>una forma speciale<\/strong> per una presa comoda e garantisce <strong>un migliore controllo<\/strong> del coltello durante il lavoro. <\/li>\n<li>L&#8217;impugnatura \u00e8 inoltre dotata <strong>di fori per cordino<\/strong> , che consentono <strong>di personalizzare l&#8217;impugnatura<\/strong> e di agganciare <strong>paracord<\/strong> o altri cordini per una maggiore flessibilit\u00e0 e sicurezza.<\/li>\n<\/ul>\n<\/li>\n<li><strong>Lama lunga per un taglio e una spaccatura efficaci<\/strong>\n<ul>\n<li>Con <strong>una lama lunga 12&#8243; (304,8 mm),<\/strong> <strong>Chanceinhell\u2122<\/strong> \u00e8 ideale per <strong>tagliare rami<\/strong> , <strong>abbattere alberi<\/strong> o <strong>spaccare la legna<\/strong> . La lama lunga conferisce <strong>maggiore potenza<\/strong> durante il taglio, il che significa che l&#8217;utensile pu\u00f2 gestire rami pi\u00f9 spessi e materiali pi\u00f9 pesanti. <\/li>\n<\/ul>\n<\/li>\n<li><strong>Custodia unica con posizione regolabile<\/strong>\n<ul>\n<li><strong>La custodia in nylon rinforzato<\/strong> \u00e8 estremamente <strong>durevole<\/strong> e offre <strong>pratiche opzioni di trasporto<\/strong> . La custodia \u00e8 progettata con <strong>un sistema universale in velcro<\/strong> che consente <strong>due diversi modi di indossarla<\/strong> : <strong>appesa<\/strong> o <strong>agganciata alla cintura<\/strong> . <\/li>\n<li>Un ulteriore <strong>ciondolo in paracord<\/strong> attaccato alla custodia consente <strong>il fissaggio a uno zaino<\/strong> o a un <strong>giubbotto tattico<\/strong> .<\/li>\n<\/ul>\n<\/li>\n<li><strong>Uno strumento versatile e durevole<\/strong>\n<ul>\n<li>Questo <strong>coltello da sopravvivenza<\/strong> \u00e8 ideale per <strong>lavori pesanti nella natura<\/strong> e <strong>attivit\u00e0 all&#8217;aria aperta<\/strong> . \u00c8 un potente strumento per <strong>la sopravvivenza<\/strong> , <strong>il campeggio<\/strong> e <strong>l&#8217;uso tattico<\/strong> , dove \u00e8 necessario <strong>uno strumento potente<\/strong> per <strong>vari compiti<\/strong> come <strong>falciare i prati<\/strong> e <strong>lavorare il legno<\/strong> . <\/li>\n<\/ul>\n<\/li>\n<\/ol>\n<h3>Specifiche:<\/h3>\n<ul>\n<li><strong>Lunghezza lama<\/strong> : 12,00&#8243; (304,80 mm)<\/li>\n<li><strong>Filo della lama<\/strong> : liscio<\/li>\n<li><strong>Acciaio della lama<\/strong> : acciaio al carbonio 65Mn<\/li>\n<li><strong>Finitura della lama<\/strong> : verniciatura a polvere<\/li>\n<li><strong>Spessore della lama<\/strong> : 0,10&#8243; (2,54 mm)<\/li>\n<li><strong>Lunghezza totale<\/strong> : 17,88&#8243; (454,15 mm)<\/li>\n<li><strong>Peso<\/strong> : 1,25 libbre (0,57 kg)<\/li>\n<li><strong>Manico<\/strong> : nylon rinforzato con fibra di vetro con rivestimento in gomma<\/li>\n<li><strong>Stile<\/strong> : coltello a lama fissa con fodero<\/li>\n<li><strong>Materiale della calotta<\/strong> : nylon intrecciato<\/li>\n<li><strong>Peso del guscio<\/strong> : 6,10 once (172,93 g)<\/li>\n<\/ul>\n<h3>Opzioni di utilizzo:<\/h3>\n<ol>\n<li><strong>Sopravvivenza e campeggio<\/strong><br \/>\n Questo coltello \u00e8 progettato per <strong>lavorare all&#8217;aperto<\/strong> ed \u00e8 ideale per <strong>sopravvivere<\/strong> in condizioni difficili. Ti aiuter\u00e0 ad <strong>abbattere la legna<\/strong> , <strong>a spaccare i rami<\/strong> e <strong>ad allestire l&#8217;accampamento<\/strong> . <\/li>\n<li><strong>Lavori forestali e attivit\u00e0 all&#8217;aperto<\/strong><br \/>\n Grazie alla sua <strong>lama robusta<\/strong> e <strong>lunga,<\/strong> \u00e8 ideale per <strong>i lavori forestali<\/strong> . Che tu debba <strong>tagliare rami<\/strong> , <strong>legna<\/strong> o <strong>districarti in una vegetazione fitta<\/strong> , Chanceinhell\u2122 \u00e8 un valido aiuto. <\/li>\n<li><strong>Uso tattico<\/strong><br \/>\n In <strong>situazioni di emergenza o di crisi,<\/strong> questo coltello pu\u00f2 rivelarsi un valido strumento <strong>di autodifesa<\/strong> . Grazie alla sua <strong>lama massiccia<\/strong> e <strong>al design ergonomico,<\/strong> \u00e8 pronto per qualsiasi compito. <\/li>\n<li><strong>Uso quotidiano<\/strong><br \/>\n Se stai cercando un coltello per <strong>lavori domestici o all&#8217;aperto pi\u00f9 impegnativi<\/strong> , il Chanceinhell\u2122 \u00e8 una scelta robusta per <strong>una variet\u00e0 di lavori di taglio<\/strong> . La sua <strong>durevolezza<\/strong> e <strong>versatilit\u00e0<\/strong> lo rendono ideale per <strong>la lavorazione del legno<\/strong> o <strong>la manutenzione del giardino<\/strong> . <\/li>\n<\/ol>\n<h3>Riepilogo:<\/h3>\n<p><strong>Il CRKT Chanceinhell K910KKP<\/strong> \u00e8 <strong>un coltello da sopravvivenza ad alte prestazioni<\/strong> , ideale per <strong>tagliare<\/strong> , <strong>spaccare<\/strong> e <strong>svolgere lavori pesanti<\/strong> all&#8217;aperto. Dotato di <strong>una lama in acciaio al carbonio resistente<\/strong> , <strong>di un&#8217;impugnatura ergonomica<\/strong> e <strong>di un pratico fodero<\/strong> , \u00e8 lo strumento perfetto per chiunque cerchi <strong>uno strumento di sopravvivenza robusto e affidabile<\/strong> . La sua <strong>versatilit\u00e0<\/strong> e <strong>le sue prestazioni<\/strong> lo rendono il compagno ideale per <strong>la sopravvivenza<\/strong> , <strong>il campeggio<\/strong> o <strong>i lavori forestali<\/strong> .  <\/p>\n<\/div>\n<\/div>\n<\/div>\n<\/div>\n<\/div>\n<div class=\"absolute\">\n<div class=\"flex items-center justify-center\"><\/div>\n<\/div>\n<\/div>\n<\/div>\n<\/div>\n<\/article>\n<\/div>\n<\/div>\n<\/div>\n<\/div>\n<\/div>\n<div class=\"md:pt-0 dark:border-white\/20 md:border-transparent md:dark:border-transparent w-full\">\n<div>\n<div class=\"m-auto text-base px-3 md:px-4 w-full md:px-5 lg:px-4 xl:px-5\">\n<div class=\"mx-auto flex flex-1 gap-4 text-base md:gap-5 lg:gap-6 md:max-w-3xl\">\n<div class=\"flex justify-center\"><\/div>\n<\/div>\n<\/div>\n<\/div>\n<\/div>\n<p><iframe title=\"CRKT Chanceinhell Machete | by Ken Onion\" width=\"800\" height=\"450\" src=\"https:\/\/www.youtube.com\/embed\/n0ZQvCS_4z4?feature=oembed\" frameborder=\"0\" allow=\"accelerometer; autoplay; clipboard-write; encrypted-media; gyroscope; picture-in-picture; web-share\" referrerpolicy=\"strict-origin-when-cross-origin\" allowfullscreen><\/iframe><\/p>\n<p>&nbsp;<\/p>\n<p>&nbsp;<\/p>\n","protected":false},"excerpt":{"rendered":"<p><strong>Il CRKT Chanceinhell K910KKP \u00e8 un coltello da sopravvivenza ad alte prestazioni, ideale per tagliare, spaccare e svolgere lavori pesanti all&#8217;aperto. Dotato di una lama in acciaio al carbonio resistente, di un&#8217;impugnatura ergonomica e di un pratico fodero, \u00e8 lo strumento perfetto per chi cerca uno strumento di sopravvivenza robusto e affidabile. La sua versatilit\u00e0 e le sue prestazioni lo rendono il compagno ideale per la sopravvivenza, il campeggio o i lavori forestali.  <\/strong><\/p>\n","protected":false},"featured_media":328209,"comment_status":"open","ping_status":"closed","template":"","meta":[],"pwb-brand":[3763],"product_brand":[],"product_cat":[3745,3746],"product_tag":[3755],"class_list":{"0":"post-328208","1":"product","2":"type-product","3":"status-publish","4":"has-post-thumbnail","6":"pwb-brand-crkt-it","7":"product_cat-coltelli","8":"product_cat-coltelli-solidi","9":"product_tag-b2b-it","11":"first","12":"instock","13":"taxable","14":"shipping-taxable","15":"purchasable","16":"product-type-simple"},"brands":[{"id":3763,"name":"CRKT","slug":"crkt-it"}],"_links":{"self":[{"href":"https:\/\/www.moskito.cz\/it\/wp-json\/wp\/v2\/product\/328208","targetHints":{"allow":["GET"]}}],"collection":[{"href":"https:\/\/www.moskito.cz\/it\/wp-json\/wp\/v2\/product"}],"about":[{"href":"https:\/\/www.moskito.cz\/it\/wp-json\/wp\/v2\/types\/product"}],"replies":[{"embeddable":true,"href":"https:\/\/www.moskito.cz\/it\/wp-json\/wp\/v2\/comments?post=328208"}],"wp:featuredmedia":[{"embeddable":true,"href":"https:\/\/www.moskito.cz\/it\/wp-json\/wp\/v2\/media\/328209"}],"wp:attachment":[{"href":"https:\/\/www.moskito.cz\/it\/wp-json\/wp\/v2\/media?parent=328208"}],"wp:term":[{"taxonomy":"pwb-brand","embeddable":true,"href":"https:\/\/www.moskito.cz\/it\/wp-json\/wp\/v2\/pwb-brand?post=328208"},{"taxonomy":"product_brand","embeddable":true,"href":"https:\/\/www.moskito.cz\/it\/wp-json\/wp\/v2\/product_brand?post=328208"},{"taxonomy":"product_cat","embeddable":true,"href":"https:\/\/www.moskito.cz\/it\/wp-json\/wp\/v2\/product_cat?post=328208"},{"taxonomy":"product_tag","embeddable":true,"href":"https:\/\/www.moskito.cz\/it\/wp-json\/wp\/v2\/product_tag?post=328208"}],"curies":[{"name":"wp","href":"https:\/\/api.w.org\/{rel}","templated":true}]}}