{"id":328238,"date":"2023-01-10T21:47:26","date_gmt":"2024-04-08T14:53:15","guid":{"rendered":"https:\/\/www.moskito.cz\/produkt\/ascia-crkt-freya-2749\/"},"modified":"2025-05-07T11:09:27","modified_gmt":"2025-05-07T10:09:27","slug":"ascia-crkt-freya-2749","status":"publish","type":"product","link":"https:\/\/www.moskito.cz\/it\/produkt\/ascia-crkt-freya-2749\/","title":{"rendered":"Ascia CRKT FREYA 2749"},"content":{"rendered":"<p>Ascia <strong>CRKT<\/strong> FREYA 2749<\/p>\n<p>Un antico design offshore costruito per i boschi.<\/p>\n<p>Pi\u00f9 di mille anni fa, un progettista di armi norreno cre\u00f2 l&#8217;ascia vichinga. Da allora questa forma \u00e8 rimasta riconoscibile e sostanzialmente invariata. Per una buona ragione. L&#8217;ascia multiuso Freya\u2122 \/fray-uh\/ in stile vichingo \u00e8 una potente ascia per tutti i giorni che attinge alle antiche radici del design e prospera all&#8217;aperto.<br \/>\nRobustezza forgiata: l&#8217;acciaio al carbonio 1055 garantisce durata e ritenzione dei bordi<br \/>\nProtezione migliorata: il rivestimento in fosfato di manganese migliora la resistenza alla corrosione<br \/>\nDurevole: il noce americano del Tennessee \u00e8 un materiale denso che pu\u00f2 resistere a un uso intenso<br \/>\nStrumento multiuso: spacca facilmente il legno o martella i picchetti della tenda<\/p>\n<p>SPECIFICHE<br \/>\nLunghezza lama 3,46&#8243; (87,88 mm)<br \/>\nLama Lama liscia<br \/>\nLama in acciaio Acciaio al carbonio S55C, acciaio al carbonio 1055<br \/>\nTrattamento superficiale della lama Rivestimento a base di fosfato di manganese<br \/>\nSpessore lama 1,25&#8243; (31,78 mm)<br \/>\nPeso 1,93 libbre (0,87 kg)<br \/>\nManico in noce americano Tennessee<br \/>\nStile ascia<\/p>\n<p><iframe title=\"CRKT FREYA\u2122 | Elmer Roush Design\" width=\"800\" height=\"450\" src=\"https:\/\/www.youtube.com\/embed\/mYqLLaAK9jM?feature=oembed\" frameborder=\"0\" allow=\"accelerometer; autoplay; clipboard-write; encrypted-media; gyroscope; picture-in-picture; web-share\" referrerpolicy=\"strict-origin-when-cross-origin\" allowfullscreen><\/iframe><\/p>\n<p>&nbsp;<\/p>\n","protected":false},"excerpt":{"rendered":"<p>Progettato da Elmer Roush a Brasstown, nella Carolina del Nord.<\/p>\n","protected":false},"featured_media":328239,"comment_status":"open","ping_status":"closed","template":"","meta":[],"pwb-brand":[3763],"product_brand":[],"product_cat":[3733],"product_tag":[3755],"class_list":{"0":"post-328238","1":"product","2":"type-product","3":"status-publish","4":"has-post-thumbnail","6":"pwb-brand-crkt-it","7":"product_cat-assi","8":"product_tag-b2b-it","10":"first","11":"instock","12":"taxable","13":"shipping-taxable","14":"purchasable","15":"product-type-simple"},"brands":[{"id":3763,"name":"CRKT","slug":"crkt-it"}],"_links":{"self":[{"href":"https:\/\/www.moskito.cz\/it\/wp-json\/wp\/v2\/product\/328238","targetHints":{"allow":["GET"]}}],"collection":[{"href":"https:\/\/www.moskito.cz\/it\/wp-json\/wp\/v2\/product"}],"about":[{"href":"https:\/\/www.moskito.cz\/it\/wp-json\/wp\/v2\/types\/product"}],"replies":[{"embeddable":true,"href":"https:\/\/www.moskito.cz\/it\/wp-json\/wp\/v2\/comments?post=328238"}],"wp:featuredmedia":[{"embeddable":true,"href":"https:\/\/www.moskito.cz\/it\/wp-json\/wp\/v2\/media\/328239"}],"wp:attachment":[{"href":"https:\/\/www.moskito.cz\/it\/wp-json\/wp\/v2\/media?parent=328238"}],"wp:term":[{"taxonomy":"pwb-brand","embeddable":true,"href":"https:\/\/www.moskito.cz\/it\/wp-json\/wp\/v2\/pwb-brand?post=328238"},{"taxonomy":"product_brand","embeddable":true,"href":"https:\/\/www.moskito.cz\/it\/wp-json\/wp\/v2\/product_brand?post=328238"},{"taxonomy":"product_cat","embeddable":true,"href":"https:\/\/www.moskito.cz\/it\/wp-json\/wp\/v2\/product_cat?post=328238"},{"taxonomy":"product_tag","embeddable":true,"href":"https:\/\/www.moskito.cz\/it\/wp-json\/wp\/v2\/product_tag?post=328238"}],"curies":[{"name":"wp","href":"https:\/\/api.w.org\/{rel}","templated":true}]}}