{"id":328311,"date":"2021-07-29T22:19:39","date_gmt":"2024-04-08T15:00:16","guid":{"rendered":"https:\/\/www.moskito.cz\/produkt\/ascia-crkt-woods-kangee-t-hawk\/"},"modified":"2026-02-14T14:03:59","modified_gmt":"2026-02-14T13:03:59","slug":"ascia-crkt-woods-kangee-t-hawk","status":"publish","type":"product","link":"https:\/\/www.moskito.cz\/it\/produkt\/ascia-crkt-woods-kangee-t-hawk\/","title":{"rendered":"Ascia CRKT WOODS KANGEE\u2122 T-HAWK"},"content":{"rendered":"<p><strong>Ascia CRKT<\/strong> WOODS KANGEE\u2122 T-HAWK.<\/p>\n<p>Progettato da Ryan Johnson di RMJ Tactical a Chattanooga, Tennessee<br \/>\nCostruisci un bel caminetto. Diavolo, costruisciti una bella casa di tronchi.<\/p>\n<p>Questa ascia da campo a due mani con manico in noce americano, lama forgiata ed estremit\u00e0 appuntita ti render\u00e0 la vita pi\u00f9 facile.<\/p>\n<p>Ryan Johnson di RMJ Tactical a Chattanooga, TN ha progettato il Woods Kangee\u2122 T-Hawk. Lo specialista nell&#8217;applicazione dell&#8217;ingegneria moderna a concetti di strumenti e armi vecchi di secoli alza nuovamente la posta con una nuova gamma di tomahawk per esterni.<br \/>\nAcciaio al carbonio 1055 forgiato a caldo<br \/>\nManico in noce americano Tennessee<br \/>\nAscia con Spike<\/p>\n<p>SPECIFICHE<br \/>\nLunghezza lama 4,21&#8243; (106,93 mm)<br \/>\nAscia a lama tagliente con punta<br \/>\nLama in acciaio Acciaio al carbonio 1055<br \/>\nFinitura lama Lacca trasparente<br \/>\nSpessore lama 0,40 pollici (10,16 mm)<br \/>\nLunghezza totale 19,13&#8243; (485,90 mm)<br \/>\nPeso 0,90kg<br \/>\nManico in noce americano Tennessee<br \/>\nStile Tomahawk<\/p>\n<p><strong>CRKT\u00ae<\/strong> (Columbia River Knife and Tool\u00ae) \u00e8 stata fondata nel 1994. Fin dal primo giorno, ha messo al primo posto l\u2019innovazione e l\u2019integrit\u00e0. Si impegna a realizzare coltelli e strumenti che ispirino e durino. Lavora con i migliori designer del mondo e lavora secondo un principio semplice: la cosa pi\u00f9 grande che pu\u00f2 dare ai clienti \u00e8 la fiducia nelle sue mani.<\/p>\n<p><iframe title=\"CRKT Woods T-Hawks Overview | Designer Ryan Johnson of RMJ Tactical\" width=\"800\" height=\"450\" src=\"https:\/\/www.youtube.com\/embed\/ppyvBc0y1ZQ?feature=oembed\" frameborder=\"0\" allow=\"accelerometer; autoplay; clipboard-write; encrypted-media; gyroscope; picture-in-picture; web-share\" referrerpolicy=\"strict-origin-when-cross-origin\" allowfullscreen><\/iframe><\/p>\n<p>&nbsp;<\/p>\n","protected":false},"excerpt":{"rendered":"<p>Ascia da campo a due mani.<\/p>\n<h1 class=\"page-title\"><\/h1>\n","protected":false},"featured_media":328312,"comment_status":"open","ping_status":"closed","template":"","meta":[],"pwb-brand":[3763],"product_brand":[],"product_cat":[3733],"product_tag":[3755],"class_list":{"0":"post-328311","1":"product","2":"type-product","3":"status-publish","4":"has-post-thumbnail","6":"pwb-brand-crkt-it","7":"product_cat-assi","8":"product_tag-b2b-it","10":"first","11":"instock","12":"taxable","13":"shipping-taxable","14":"purchasable","15":"product-type-simple"},"brands":[{"id":3763,"name":"CRKT","slug":"crkt-it"}],"_links":{"self":[{"href":"https:\/\/www.moskito.cz\/it\/wp-json\/wp\/v2\/product\/328311","targetHints":{"allow":["GET"]}}],"collection":[{"href":"https:\/\/www.moskito.cz\/it\/wp-json\/wp\/v2\/product"}],"about":[{"href":"https:\/\/www.moskito.cz\/it\/wp-json\/wp\/v2\/types\/product"}],"replies":[{"embeddable":true,"href":"https:\/\/www.moskito.cz\/it\/wp-json\/wp\/v2\/comments?post=328311"}],"wp:featuredmedia":[{"embeddable":true,"href":"https:\/\/www.moskito.cz\/it\/wp-json\/wp\/v2\/media\/328312"}],"wp:attachment":[{"href":"https:\/\/www.moskito.cz\/it\/wp-json\/wp\/v2\/media?parent=328311"}],"wp:term":[{"taxonomy":"pwb-brand","embeddable":true,"href":"https:\/\/www.moskito.cz\/it\/wp-json\/wp\/v2\/pwb-brand?post=328311"},{"taxonomy":"product_brand","embeddable":true,"href":"https:\/\/www.moskito.cz\/it\/wp-json\/wp\/v2\/product_brand?post=328311"},{"taxonomy":"product_cat","embeddable":true,"href":"https:\/\/www.moskito.cz\/it\/wp-json\/wp\/v2\/product_cat?post=328311"},{"taxonomy":"product_tag","embeddable":true,"href":"https:\/\/www.moskito.cz\/it\/wp-json\/wp\/v2\/product_tag?post=328311"}],"curies":[{"name":"wp","href":"https:\/\/api.w.org\/{rel}","templated":true}]}}