{"id":328420,"date":"2022-04-11T21:36:52","date_gmt":"2024-04-09T13:01:58","guid":{"rendered":"https:\/\/www.moskito.cz\/produkt\/coltello-pieghevole-piccolo-classico-italiano-boker-magnum-01ll110\/"},"modified":"2025-05-07T11:09:31","modified_gmt":"2025-05-07T10:09:31","slug":"coltello-pieghevole-piccolo-classico-italiano-boker-magnum-01ll110","status":"publish","type":"product","link":"https:\/\/www.moskito.cz\/it\/produkt\/coltello-pieghevole-piccolo-classico-italiano-boker-magnum-01ll110\/","title":{"rendered":"Coltello pieghevole piccolo classico italiano B\u00f6ker Magnum 01LL110"},"content":{"rendered":"<p>Coltello pieghevole piccolo classico italiano <strong>B\u00f6ker<\/strong> Magnum 01LL110<\/p>\n<p>L&#8217;ispirazione per il Magnum Italian Classic Small \u00e8 stata ovviamente il classico stile italiano. Si dice che i primi coltelli automatici della storia siano stati particolarmente apprezzati dalle donne, poich\u00e9 altri coltelli tascabili erano difficili da aprire con le unghie ben curate. La versione pi\u00f9 piccola del modello di successo presenta una lama in acciaio inossidabile 440A lucidato con un elegante ricasso. Si apre con un flipper a molla e si blocca in posizione in modo affidabile con un linerlock stabile. Le ganasce in acciaio inox e il manico in scaglie di palissandro sottolineano il carattere tradizionale del coltello. Con clip (pieghevole\/dx).<\/p>\n<p>Tipo di articolo: coltello tascabile<br \/>\nLunghezza totale: 19,30 cm<br \/>\nLunghezza lama: 8,40 cm<br \/>\nSpessore lama: 2,90 mm<br \/>\nPeso: 119,00 grammi<br \/>\nMateriale lama: 440A<br \/>\nMateriale manico: acciaio inossidabile, palissandro<\/p>\n<p>L&#8217;ispirazione per il Magnum Italian Classic Small \u00e8 stata inconfondibilmente il classico stilletto italiano. Si dice che i primi coltelli automatici della storia fossero estremamente popolari, soprattutto tra le donne, poich\u00e9 altri coltelli tascabili con le unghie ben curate erano difficili da aprire. La versione pi\u00f9 piccola del modello di successo \u00e8 dotata di una lama lucida in acciaio inossidabile 440A con un elegante ricasso. \u00c8 assistito a molla da un flipper e bloccato in modo affidabile da uno stabile liner lock. I supporti in acciaio inossidabile e le guancette in palissandro sottolineano il carattere tradizionale del coltello. Con clip (ribaltabile\/dx)<\/p>\n<p>Tipo:<br \/>\nColtello tascabile<br \/>\nLunghezza totale:<br \/>\n19,30 cm<br \/>\nLunghezza della lama:<br \/>\n8,40 cm<br \/>\nSpessore della lama:<br \/>\n2,90 mm<br \/>\nPeso:<br \/>\n119,00 g<br \/>\nMateriale lama:<br \/>\n440A<br \/>\nMateriale della maniglia:<br \/>\nPalissandro, acciaio inossidabile<br \/>\napri:<br \/>\nFlipper<br \/>\nApertura:<br \/>\nPrimavera assistita<br \/>\nTipo di blocco:<br \/>\nBlocco della linea<br \/>\nFatto in:<br \/>\nAsia<br \/>\nColore:<br \/>\nMarrone<br \/>\nColore lama:<br \/>\nNon rivestito<br \/>\nCodice articolo:<br \/>\n01LL110<\/p>\n<p>&nbsp;<\/p>\n","protected":false},"excerpt":{"rendered":"<p>Nel corso del tempo, la fabbrica di coltelli <strong>B\u00f6ker<\/strong> si \u00e8 trasformata in un leader globale dell&#8217;innovazione e nel pi\u00f9 grande produttore di coltelli sportivi, coltelli tattici e coltelli da collezione in Europa.<\/p>\n","protected":false},"featured_media":328421,"comment_status":"open","ping_status":"closed","template":"","meta":[],"pwb-brand":[3798],"product_brand":[],"product_cat":[3745,3749],"product_tag":[3755],"class_list":{"0":"post-328420","1":"product","2":"type-product","3":"status-publish","4":"has-post-thumbnail","6":"pwb-brand-boker-it","7":"product_cat-coltelli","8":"product_cat-coltelli-di-chiusura","9":"product_tag-b2b-it","11":"first","12":"outofstock","13":"taxable","14":"shipping-taxable","15":"purchasable","16":"product-type-simple"},"brands":[{"id":3798,"name":"Boker","slug":"boker-it"}],"_links":{"self":[{"href":"https:\/\/www.moskito.cz\/it\/wp-json\/wp\/v2\/product\/328420","targetHints":{"allow":["GET"]}}],"collection":[{"href":"https:\/\/www.moskito.cz\/it\/wp-json\/wp\/v2\/product"}],"about":[{"href":"https:\/\/www.moskito.cz\/it\/wp-json\/wp\/v2\/types\/product"}],"replies":[{"embeddable":true,"href":"https:\/\/www.moskito.cz\/it\/wp-json\/wp\/v2\/comments?post=328420"}],"wp:featuredmedia":[{"embeddable":true,"href":"https:\/\/www.moskito.cz\/it\/wp-json\/wp\/v2\/media\/328421"}],"wp:attachment":[{"href":"https:\/\/www.moskito.cz\/it\/wp-json\/wp\/v2\/media?parent=328420"}],"wp:term":[{"taxonomy":"pwb-brand","embeddable":true,"href":"https:\/\/www.moskito.cz\/it\/wp-json\/wp\/v2\/pwb-brand?post=328420"},{"taxonomy":"product_brand","embeddable":true,"href":"https:\/\/www.moskito.cz\/it\/wp-json\/wp\/v2\/product_brand?post=328420"},{"taxonomy":"product_cat","embeddable":true,"href":"https:\/\/www.moskito.cz\/it\/wp-json\/wp\/v2\/product_cat?post=328420"},{"taxonomy":"product_tag","embeddable":true,"href":"https:\/\/www.moskito.cz\/it\/wp-json\/wp\/v2\/product_tag?post=328420"}],"curies":[{"name":"wp","href":"https:\/\/api.w.org\/{rel}","templated":true}]}}