{"id":328562,"date":"2023-04-20T21:42:02","date_gmt":"2024-04-11T14:42:31","guid":{"rendered":"https:\/\/www.moskito.cz\/?post_type=product&#038;p=328562"},"modified":"2025-05-07T11:09:35","modified_gmt":"2025-05-07T10:09:35","slug":"coltello-fisso-crkt-minimalist-spear-point-2396","status":"publish","type":"product","link":"https:\/\/www.moskito.cz\/it\/produkt\/coltello-fisso-crkt-minimalist-spear-point-2396\/","title":{"rendered":"Coltello Fisso CRKT MINIMALIST SPEAR POINT 2396"},"content":{"rendered":"<p>Coltello Fisso <strong>CRKT<\/strong> MINIMALIST SPEAR POINT 2396<\/p>\n<p>Appositamente costruito per tutto ci\u00f2 che deve essere tagliato.<\/p>\n<p>Questo coltello compatto a lama fissa \u00e8 dotato di una versatile lancia in pietra. Misurando solo 5,2 pollici in totale e pesando 2,1 once, questo coltello rimane fedele al suo nome, offrendoti un coltello minimalista da portare ovunque, pronto a tutto.<br \/>\nDue volte pi\u00f9 resistente: basato sulla versione dell&#8217;X2, il materiale della lama \u00e8 due volte pi\u00f9 resistente<br \/>\nAltamente durevole: la finitura Stonewash \u00e8 durevole e invecchia bene<br \/>\nSolido e visivo: la maniglia in resina unisce forza e fascino visivo<br \/>\nCompatibile con la trasmissione: guscio termoplastico durevole con opzione di montaggio<br \/>\nStrumento compatto: leggero e facile da trasportare<\/p>\n<p>SPECIFICHE<br \/>\nLunghezza lama: 5,45 cm<br \/>\nBordo della lama liscio<br \/>\nLama in acciaio 8Cr13MoV<br \/>\nFinitura lama Stonewash<br \/>\nSpessore lama: 0,36 cm<br \/>\nLunghezza totale: 13,17 cm<br \/>\nPeso: 59,53 grammi<br \/>\nManico in fibra impregnata di resina<br \/>\nElegante coltello a lama fissa con fodero<br \/>\nMateriale della calotta Termoplastico<br \/>\nPeso della cassa 1,10 once. (31,18 g)<\/p>\n","protected":false},"excerpt":{"rendered":"<p><strong>Progettato da Alan Folts a Melbourne, in Florida<\/strong><\/p>\n","protected":false},"featured_media":328569,"comment_status":"open","ping_status":"closed","template":"","meta":[],"pwb-brand":[3763],"product_brand":[],"product_cat":[3745,3746],"product_tag":[3755],"class_list":{"0":"post-328562","1":"product","2":"type-product","3":"status-publish","4":"has-post-thumbnail","6":"pwb-brand-crkt-it","7":"product_cat-coltelli","8":"product_cat-coltelli-solidi","9":"product_tag-b2b-it","11":"first","12":"outofstock","13":"taxable","14":"shipping-taxable","15":"purchasable","16":"product-type-simple"},"brands":[{"id":3763,"name":"CRKT","slug":"crkt-it"}],"_links":{"self":[{"href":"https:\/\/www.moskito.cz\/it\/wp-json\/wp\/v2\/product\/328562","targetHints":{"allow":["GET"]}}],"collection":[{"href":"https:\/\/www.moskito.cz\/it\/wp-json\/wp\/v2\/product"}],"about":[{"href":"https:\/\/www.moskito.cz\/it\/wp-json\/wp\/v2\/types\/product"}],"replies":[{"embeddable":true,"href":"https:\/\/www.moskito.cz\/it\/wp-json\/wp\/v2\/comments?post=328562"}],"wp:featuredmedia":[{"embeddable":true,"href":"https:\/\/www.moskito.cz\/it\/wp-json\/wp\/v2\/media\/328569"}],"wp:attachment":[{"href":"https:\/\/www.moskito.cz\/it\/wp-json\/wp\/v2\/media?parent=328562"}],"wp:term":[{"taxonomy":"pwb-brand","embeddable":true,"href":"https:\/\/www.moskito.cz\/it\/wp-json\/wp\/v2\/pwb-brand?post=328562"},{"taxonomy":"product_brand","embeddable":true,"href":"https:\/\/www.moskito.cz\/it\/wp-json\/wp\/v2\/product_brand?post=328562"},{"taxonomy":"product_cat","embeddable":true,"href":"https:\/\/www.moskito.cz\/it\/wp-json\/wp\/v2\/product_cat?post=328562"},{"taxonomy":"product_tag","embeddable":true,"href":"https:\/\/www.moskito.cz\/it\/wp-json\/wp\/v2\/product_tag?post=328562"}],"curies":[{"name":"wp","href":"https:\/\/api.w.org\/{rel}","templated":true}]}}