{"id":328822,"date":"2023-10-03T14:30:13","date_gmt":"2024-04-11T15:08:02","guid":{"rendered":"https:\/\/www.moskito.cz\/produkt\/coltello-di-chiusura-crkt-dextro-6295\/"},"modified":"2025-05-07T11:09:40","modified_gmt":"2025-05-07T10:09:40","slug":"coltello-di-chiusura-crkt-dextro-6295","status":"publish","type":"product","link":"https:\/\/www.moskito.cz\/it\/produkt\/coltello-di-chiusura-crkt-dextro-6295\/","title":{"rendered":"Coltello di chiusura CRKT Dextro 6295"},"content":{"rendered":"<p>Coltello di chiusura <strong>CRKT<\/strong> Dextro 6295<\/p>\n<p>Il Dextro quasi completamente nero \u00e8 un capo da indossare tutti i giorni fatto per volare sotto il radar, ma un piccolo accento verde sul perno suggerisce qualcosa di speciale sotto il cofano. Spingi verso il basso la pinna e la lama con punta inclinata e angolata in modo aggressivo scivola dolcemente sui cuscinetti IKBS\u2122, pronta a perforare, tagliare o affettare qualunque cosa la giornata gli riservi.<\/p>\n<p>Prestazioni superiori: lama in acciaio D2 per una ritenzione superiore della lama<br \/>\nApertura fluida: il perno con cuscinetto a sfera IKBS\u2122 distribuisce la lama senza intoppi<br \/>\nApertura rapida: Flipper apre rapidamente la lama<br \/>\nProtezione migliorata: il rivestimento nero migliora la resistenza alla corrosione<br \/>\nRobusto e leggero: la maniglia in alluminio unisce robustezza e peso minimo<br \/>\nFacile da chiudere: il blocco dell&#8217;inserto pu\u00f2 essere facilmente chiuso con una mano<\/p>\n<p>Lama in acciaio D2<br \/>\nBordo della lama liscio<br \/>\nTrattamento superficiale della lama al nitruro di titanio<\/p>\n<p>Lunghezza lama: 80,85 cm)<\/p>\n<p>Spessore lama: 0,37 cm<br \/>\nLunghezza totale: 19,82 centimetri<br \/>\nLunghezza da chiuso: 11,70 cm<br \/>\nPeso: 136,08 grammi<\/p>\n<p>Maniglia materiale alluminio<br \/>\nElegante coltello pieghevole con Liner Lock<\/p>\n<p>&nbsp;<\/p>\n","protected":false},"excerpt":{"rendered":"<p><strong>ProgettistaT.J. Schwarzboise, Idaho<\/strong><\/p>\n<p><strong>TJ era destinato a diventare un designer di automobili. Al liceo, scopr\u00ec la sua straordinaria abilit\u00e0 nel disegnare automobili: in effetti, era cos\u00ec bravo che quando era al college accettava commissioni dai proprietari di auto d&#8217;epoca. Proprio quando la sua carriera stava iniziando nel mondo automobilistico, il suo caro amico Bill Koenig di Koenig Knives intervenne e tutto cambi\u00f2. Una volta che ha avuto un assaggio del design dei coltelli, non ha mai guardato indietro. Quindi quando dicono &#8220;costruito per le prestazioni&#8221;, lo intendono sul serio.<\/strong><\/p>\n<p>&nbsp;<\/p>\n","protected":false},"featured_media":328823,"comment_status":"open","ping_status":"closed","template":"","meta":[],"pwb-brand":[3763],"product_brand":[],"product_cat":[3749,3745],"product_tag":[3755],"class_list":{"0":"post-328822","1":"product","2":"type-product","3":"status-publish","4":"has-post-thumbnail","6":"pwb-brand-crkt-it","7":"product_cat-coltelli-di-chiusura","8":"product_cat-coltelli","9":"product_tag-b2b-it","11":"first","12":"instock","13":"sale","14":"taxable","15":"shipping-taxable","16":"purchasable","17":"product-type-simple"},"brands":[{"id":3763,"name":"CRKT","slug":"crkt-it"}],"_links":{"self":[{"href":"https:\/\/www.moskito.cz\/it\/wp-json\/wp\/v2\/product\/328822","targetHints":{"allow":["GET"]}}],"collection":[{"href":"https:\/\/www.moskito.cz\/it\/wp-json\/wp\/v2\/product"}],"about":[{"href":"https:\/\/www.moskito.cz\/it\/wp-json\/wp\/v2\/types\/product"}],"replies":[{"embeddable":true,"href":"https:\/\/www.moskito.cz\/it\/wp-json\/wp\/v2\/comments?post=328822"}],"wp:featuredmedia":[{"embeddable":true,"href":"https:\/\/www.moskito.cz\/it\/wp-json\/wp\/v2\/media\/328823"}],"wp:attachment":[{"href":"https:\/\/www.moskito.cz\/it\/wp-json\/wp\/v2\/media?parent=328822"}],"wp:term":[{"taxonomy":"pwb-brand","embeddable":true,"href":"https:\/\/www.moskito.cz\/it\/wp-json\/wp\/v2\/pwb-brand?post=328822"},{"taxonomy":"product_brand","embeddable":true,"href":"https:\/\/www.moskito.cz\/it\/wp-json\/wp\/v2\/product_brand?post=328822"},{"taxonomy":"product_cat","embeddable":true,"href":"https:\/\/www.moskito.cz\/it\/wp-json\/wp\/v2\/product_cat?post=328822"},{"taxonomy":"product_tag","embeddable":true,"href":"https:\/\/www.moskito.cz\/it\/wp-json\/wp\/v2\/product_tag?post=328822"}],"curies":[{"name":"wp","href":"https:\/\/api.w.org\/{rel}","templated":true}]}}