{"id":328902,"date":"2024-04-11T17:52:37","date_gmt":"2024-04-11T16:53:49","guid":{"rendered":"https:\/\/www.moskito.cz\/produkt\/coltello-di-chiusura-crkt-provoke-grivory-4041b\/"},"modified":"2025-05-07T11:09:41","modified_gmt":"2025-05-07T10:09:41","slug":"coltello-di-chiusura-crkt-provoke-grivory-4041b","status":"publish","type":"product","link":"https:\/\/www.moskito.cz\/it\/produkt\/coltello-di-chiusura-crkt-provoke-grivory-4041b\/","title":{"rendered":"Coltello Di Chiusura CRKT Provoke Grivory 4041B"},"content":{"rendered":"<p>Coltello Di Chiusura <strong>CRKT<\/strong> Provoke Grivory 4041B.<\/p>\n<p>Servire. e proteggere. Il coltello karambit morphing Provoke\u00ae Blue Metallic si ispira a un design antico ma nasconde un segreto futuristico. Il primo coltello in assoluto con tecnologia Kinematic\u00ae, rimane ben nascosto durante il trasporto e prende vita quando si verificano problemi. Ora realizzato in Grivory\u00ae, un materiale termoplastico ingegnerizzato, resistente e leggero, \u00e8 pi\u00f9 leggero e pi\u00f9 agile.<\/p>\n<p>Alla CRKT, considerano il designer Joe Caswell una specie di scienziato pazzo. Quando videro gli schizzi di quello che sarebbe diventato il Provok, progettato a Newbury Park, in California, capirono che era destinato a diventare uno dei designer di coltelli pi\u00f9 innovativi che il mondo dei coltelli avesse mai visto. Modellata sul modello di un karambit tradizionale, la lama in stile falco nero \u00e8 realizzata in acciaio inossidabile di qualit\u00e0 pietra.<\/p>\n<p>Il meccanismo di apertura trascina la cartella nel futuro, pronta o meno. La pressione del pollice sulla barra superiore innesca una reazione a catena, facendo entrare in azione la lama mentre si mantiene una presa salda sul manico. \u00c8 realizzato in Grivory blu metallizzato, una termoplastica super resistente e leggera per un facile trasporto e una transizione senza soluzione di continuit\u00e0 all&#8217;uso quotidiano. In vero stile Joe, anche la clip da tasca \u00e8 una prima mondiale, posizionata quasi completamente a filo con la maniglia e attivata anche con una leggera pressione del pollice.<\/p>\n<p>Provocare \u00e8 potente quando viene chiamato in servizio.<\/p>\n<p>Come funziona la cinematica<\/p>\n<p>Spingi il pollice nella traversa superiore, mentre le altre dita afferrano saldamente la maniglia, e la lama prende vita e scatta in posizione. Far scorrere la leva discreta alla base del passante per le dita e la lama si ritrae nella posizione chiusa.<\/p>\n<p>Un&#8217;innovazione unica: Kinematic\u00ae apre la lama premendo il pollice<br \/>\nAffilatura semplice: la lama in acciaio inossidabile ad alto tenore di carbonio mantiene bene il filo<br \/>\nProtezione migliorata: il Black Stonewash \u00e8 durevole e invecchia bene<br \/>\nSemplice e durevole: la maniglia stampata ad iniezione \u00e8 resistente agli urti<br \/>\nBasso profilo: la clip da tasca garantisce un trasporto sicuro<\/p>\n<p>Specifiche:<br \/>\nLunghezza lama: 6,2 cm<br \/>\nLunghezza da chiuso: 12,58 cm<br \/>\nLunghezza totale: 18,25 centimetri<br \/>\nMateriale lama: acciaio inossidabile 1.4116<br \/>\nSpessore lama: 0,538 cm<br \/>\nStile lama: Hawkbill<br \/>\nAffilatura lama: scalpello<br \/>\nFinitura lama: Black Stonewash<br \/>\nMateriale manico: Grivory<br \/>\nMeccanismo di bloccaggio: Cinematico<br \/>\nClip da tasca: ribaltabile, da indossare a destra<br \/>\nPeso: 4,70 once. (133,24 g)<br \/>\nProgettista: Joe Caswell<\/p>\n<p><iframe title=\"CRKT Kinematic | How It Works\" width=\"800\" height=\"450\" src=\"https:\/\/www.youtube.com\/embed\/birKtIe7HRY?feature=oembed\" frameborder=\"0\" allow=\"accelerometer; autoplay; clipboard-write; encrypted-media; gyroscope; picture-in-picture; web-share\" referrerpolicy=\"strict-origin-when-cross-origin\" allowfullscreen><\/iframe><\/p>\n<p>&nbsp;<\/p>\n<p>&nbsp;<\/p>\n","protected":false},"excerpt":{"rendered":"<p><strong>Joe Caswell<\/strong><br \/>\nNewbury Park, California<br \/>\nGiornalista motociclistico. Saldatore per modelli di spade vichinghe. Inventore. Progettista di coltelli personalizzati. Si pu\u00f2 dire con certezza che Joe \u00e8 fatto di stoffa speciale. E ora pu\u00f2 aggiungere \u201cdisgregatore del settore\u201d al suo curriculum. Con il rilascio del Kinematic, continua a garantire la sua posizione tra i pi\u00f9 grandi coltelli del mondo. Dalle umili origini nella sua fucina fatta in casa nel garage del suo appartamento in affitto, si \u00e8 costruito un nome lavorando duro fino a tarda notte, e non vediamo l&#8217;ora di vedere cosa verr\u00e0 dopo dalla sua ispirata creativit\u00e0.<\/p>\n","protected":false},"featured_media":328857,"comment_status":"open","ping_status":"closed","template":"","meta":[],"pwb-brand":[3763],"product_brand":[],"product_cat":[3749,3745],"product_tag":[3755],"class_list":{"0":"post-328902","1":"product","2":"type-product","3":"status-publish","4":"has-post-thumbnail","6":"pwb-brand-crkt-it","7":"product_cat-coltelli-di-chiusura","8":"product_cat-coltelli","9":"product_tag-b2b-it","11":"first","12":"instock","13":"sale","14":"taxable","15":"shipping-taxable","16":"purchasable","17":"product-type-simple"},"brands":[{"id":3763,"name":"CRKT","slug":"crkt-it"}],"_links":{"self":[{"href":"https:\/\/www.moskito.cz\/it\/wp-json\/wp\/v2\/product\/328902","targetHints":{"allow":["GET"]}}],"collection":[{"href":"https:\/\/www.moskito.cz\/it\/wp-json\/wp\/v2\/product"}],"about":[{"href":"https:\/\/www.moskito.cz\/it\/wp-json\/wp\/v2\/types\/product"}],"replies":[{"embeddable":true,"href":"https:\/\/www.moskito.cz\/it\/wp-json\/wp\/v2\/comments?post=328902"}],"wp:featuredmedia":[{"embeddable":true,"href":"https:\/\/www.moskito.cz\/it\/wp-json\/wp\/v2\/media\/328857"}],"wp:attachment":[{"href":"https:\/\/www.moskito.cz\/it\/wp-json\/wp\/v2\/media?parent=328902"}],"wp:term":[{"taxonomy":"pwb-brand","embeddable":true,"href":"https:\/\/www.moskito.cz\/it\/wp-json\/wp\/v2\/pwb-brand?post=328902"},{"taxonomy":"product_brand","embeddable":true,"href":"https:\/\/www.moskito.cz\/it\/wp-json\/wp\/v2\/product_brand?post=328902"},{"taxonomy":"product_cat","embeddable":true,"href":"https:\/\/www.moskito.cz\/it\/wp-json\/wp\/v2\/product_cat?post=328902"},{"taxonomy":"product_tag","embeddable":true,"href":"https:\/\/www.moskito.cz\/it\/wp-json\/wp\/v2\/product_tag?post=328902"}],"curies":[{"name":"wp","href":"https:\/\/api.w.org\/{rel}","templated":true}]}}