{"id":329026,"date":"2024-04-11T18:57:05","date_gmt":"2024-04-11T18:00:23","guid":{"rendered":"https:\/\/www.moskito.cz\/produkt\/coltello-chiudi-crkt-squid-stonewashed-2486\/"},"modified":"2025-05-07T11:09:44","modified_gmt":"2025-05-07T10:09:44","slug":"coltello-chiudi-crkt-squid-stonewashed-2486","status":"publish","type":"product","link":"https:\/\/www.moskito.cz\/it\/produkt\/coltello-chiudi-crkt-squid-stonewashed-2486\/","title":{"rendered":"Coltello Chiudi CRKT Squid Stonewashed 2486"},"content":{"rendered":"<p>Coltello Chiudi <strong>CRKT<\/strong> Squid Stonewashed 2486<\/p>\n<p>Progettato da Lucas Burnley, questo coltello da trasporto quotidiano \u00e8 compatto di statura ma racchiude un pugno nel reparto funzioni. Viene fornito con blocco del telaio per la sicurezza e apertura assistita per un&#8217;implementazione super rapida. Fai attenzione a dove lo punti.<\/p>\n<p>Lo Squid Compact \u00e8 un coltello pieghevole da portare tutti i giorni del designer Lucas Burnley di Bend, Oregon. Basata sul concetto di pistola compatta, ha dimensioni ridotte e grandi capacit\u00e0. Non lasciarti ingannare dalla lama da 1,75 pollici; questo \u00e8 un coltello completo di ispirazione tattica, pronto ad affrontare le tue pi\u00f9 grandi sfide di taglio. Essendo progettato in stile drop-point, il Burnley \u00e8 riuscito a dare alla lama un buon equilibrio tra resistenza e geometria della punta per compiti di utilit\u00e0, combinando tutte le caratteristiche di un tattico a grandezza naturale in un design compatto e facile da trasportare. .<\/p>\n<p>Come ogni buona pistola, vuoi qualcosa che ti tenga al sicuro. Ecco perch\u00e9 Squid Compact \u00e8 costruito con l&#8217;innovazione dell&#8217;Apertura Assistita. Fai scorrere la lama parzialmente aperta per attivare l&#8217;apertura assistita, aprila ad altissima velocit\u00e0 e il blocco del telaio la manterr\u00e0 saldamente in posizione.<\/p>\n<p>Quindi vai avanti e porta questa pistola con te ovunque tu vada. Ricorda solo che \u00e8 caricato.<\/p>\n<p>Come funziona l&#8217;apertura assistita<\/p>\n<p>Viene tenuto saldamente chiuso nella tasca, ma avvia l&#8217;apertura e la lama si apre con una velocit\u00e0 impressionante per un&#8217;apertura semplice e potente con una sola mano nella parte di rotazione.<\/p>\n<p>Il Flipper con apertura assistita apre rapidamente la lama<br \/>\nLa lama in acciaio inossidabile ad alto tenore di carbonio mantiene bene il bordo<br \/>\nScanalature di attrito sulla lama per la presa<br \/>\nLa maniglia G10 e in acciaio inossidabile resiste a un uso intensivo<br \/>\nLa clip da tasca garantisce un trasporto sicuro<br \/>\nForo per cordino per portachiavi o ciondolo<\/p>\n<p>Specifiche:<br \/>\nLunghezza lama: 4,44 cm<br \/>\nLunghezza manico: 7,44 cm<br \/>\nLunghezza totale: 11,8 cm<br \/>\nMateriale lama: acciaio per utensili D2<br \/>\nSpessore lama: 0,11&#8243; (2,69 mm)<br \/>\nStile lama: punto di caduta<br \/>\nFinitura lama: Black Stonewash<br \/>\nMateriale manico: G10 arancione e acciaio inossidabile<br \/>\nMeccanismo di bloccaggio: Blocco telaio<br \/>\nClip da tasca: ribaltabile, da indossare a destra<br \/>\nPeso: 2,20 once (62,37 g)<br \/>\nProgettista: Lucas Burnley<br \/>\nAssistenza IKBS Pivot<\/p>\n<p><iframe title=\"CRKT Squid\u2122 Compact | Lucas Burnley Design\" width=\"800\" height=\"450\" src=\"https:\/\/www.youtube.com\/embed\/vNJRbbbCrik?feature=oembed\" frameborder=\"0\" allow=\"accelerometer; autoplay; clipboard-write; encrypted-media; gyroscope; picture-in-picture; web-share\" referrerpolicy=\"strict-origin-when-cross-origin\" allowfullscreen><\/iframe><\/p>\n<p>&nbsp;<\/p>\n","protected":false},"excerpt":{"rendered":"<p>Luca Burnley<br \/>\nBend, Oregon<br \/>\nQuando chiedi a Lucas cosa lo ha portato nel mondo dei coltelli da adolescente, ti dice che sono state storie di sopravvivenza, avventure fuoristrada con suo padre e una buona dose di film d&#8217;azione. Nel corso degli anni ha sperimentato un&#8217;ampia gamma di stili per combinare abilmente esempi classici con materiali e tecniche moderni come il coltello Obake\u2122. Lucas ritiene che i coltelli siano un&#8217;espressione personale di indipendenza. Non potremmo essere pi\u00f9 d&#8217;accordo.<\/p>\n","protected":false},"featured_media":328976,"comment_status":"open","ping_status":"closed","template":"","meta":[],"pwb-brand":[3763],"product_brand":[],"product_cat":[3749,3745],"product_tag":[3755],"class_list":{"0":"post-329026","1":"product","2":"type-product","3":"status-publish","4":"has-post-thumbnail","6":"pwb-brand-crkt-it","7":"product_cat-coltelli-di-chiusura","8":"product_cat-coltelli","9":"product_tag-b2b-it","11":"first","12":"instock","13":"sale","14":"taxable","15":"shipping-taxable","16":"purchasable","17":"product-type-simple"},"brands":[{"id":3763,"name":"CRKT","slug":"crkt-it"}],"_links":{"self":[{"href":"https:\/\/www.moskito.cz\/it\/wp-json\/wp\/v2\/product\/329026","targetHints":{"allow":["GET"]}}],"collection":[{"href":"https:\/\/www.moskito.cz\/it\/wp-json\/wp\/v2\/product"}],"about":[{"href":"https:\/\/www.moskito.cz\/it\/wp-json\/wp\/v2\/types\/product"}],"replies":[{"embeddable":true,"href":"https:\/\/www.moskito.cz\/it\/wp-json\/wp\/v2\/comments?post=329026"}],"wp:featuredmedia":[{"embeddable":true,"href":"https:\/\/www.moskito.cz\/it\/wp-json\/wp\/v2\/media\/328976"}],"wp:attachment":[{"href":"https:\/\/www.moskito.cz\/it\/wp-json\/wp\/v2\/media?parent=329026"}],"wp:term":[{"taxonomy":"pwb-brand","embeddable":true,"href":"https:\/\/www.moskito.cz\/it\/wp-json\/wp\/v2\/pwb-brand?post=329026"},{"taxonomy":"product_brand","embeddable":true,"href":"https:\/\/www.moskito.cz\/it\/wp-json\/wp\/v2\/product_brand?post=329026"},{"taxonomy":"product_cat","embeddable":true,"href":"https:\/\/www.moskito.cz\/it\/wp-json\/wp\/v2\/product_cat?post=329026"},{"taxonomy":"product_tag","embeddable":true,"href":"https:\/\/www.moskito.cz\/it\/wp-json\/wp\/v2\/product_tag?post=329026"}],"curies":[{"name":"wp","href":"https:\/\/api.w.org\/{rel}","templated":true}]}}