{"id":329143,"date":"2024-04-11T19:44:57","date_gmt":"2024-04-11T18:47:27","guid":{"rendered":"https:\/\/www.moskito.cz\/produkt\/coltello-di-chiusura-crkt-ceo-microflipper-7083\/"},"modified":"2025-05-07T11:09:46","modified_gmt":"2025-05-07T10:09:46","slug":"coltello-di-chiusura-crkt-ceo-microflipper-7083","status":"publish","type":"product","link":"https:\/\/www.moskito.cz\/it\/produkt\/coltello-di-chiusura-crkt-ceo-microflipper-7083\/","title":{"rendered":"Coltello di chiusura CRKT CEO Microflipper 7083"},"content":{"rendered":"<p>Coltello di chiusura <strong>CRKT<\/strong> CEO Microflipper 7083.<\/p>\n<p><strong>Il CEO<\/strong> Microflipper \u00e8 un coltello vestito per il successo. A prima vista potrebbe essere confusa con una penna infilata nel taschino della camicia. Ed \u00e8 proprio cos\u00ec che \u00e8 stato progettato il coltello pieghevole CEO Microflipper. Con un profilo estremamente basso e senza angoli a scapito dell&#8217;usabilit\u00e0 e dell&#8217;ergonomia, incarna lo spirito lavorativo dell&#8217;uso quotidiano. Il colore \u00e8 fantastico: il blu intenso fa davvero risaltare il coltello.<\/p>\n<p>Conosciuto per i suoi design puliti, semplici e altamente utilizzabili, Richard Rogers rilascia un altro coltello impressionante dal suo negozio tra le colline di Magdalena, nel New Mexico. Progettato pensando alle tasche delle camicie e allo scollo a V, il CEO Microflipper sottile e a basso profilo \u00e8 una penna fino a quando non \u00e8 necessario aprire una lettera sigillata o un abito ha bisogno di ritocchi finali. Con cuscinetti a sfera lubrificati nel perno per ridurre l&#8217;attrito, l&#8217;IKBS mette in movimento il sottile perno del pollice ed espelle rapidamente la lama in acciaio inossidabile satinato. Un inserto di bloccaggio lo tiene saldamente in posizione tra un manico in alluminio blu elegante e leggero con inserti in acciaio inossidabile e una clip.<\/p>\n<p>CEO Microflipper: si abbina meglio con pasticcini extra fondenti e una lunga lista di cose da fare.<\/p>\n<p>Specifiche<br \/>\nLunghezza lama: 5,52 cm<br \/>\nLunghezza da chiuso: 8,12 cm<br \/>\nLunghezza totale: 13,7 cm<br \/>\nMateriale lama: acciaio inossidabile Sandvik 12C27<br \/>\nStile della lama: piede di pecora<br \/>\nTrattamento superficiale della lama: satinato<br \/>\nMateriale manico: alluminio blu strutturato con inserti in acciaio inossidabile<br \/>\nMeccanismo di bloccaggio: Liner Lock<br \/>\nClip da tasca: trasporto profondo inclinato verso il basso, trasporto a destra\/sinistra<br \/>\nPeso: 1,7 once.<br \/>\nProgettista: Richard Rogers<\/p>\n<p><iframe title=\"CRKT CEO Microflipper | Richard Rogers Design\" width=\"800\" height=\"450\" src=\"https:\/\/www.youtube.com\/embed\/foLCcQjXDCM?feature=oembed\" frameborder=\"0\" allow=\"accelerometer; autoplay; clipboard-write; encrypted-media; gyroscope; picture-in-picture; web-share\" referrerpolicy=\"strict-origin-when-cross-origin\" allowfullscreen><\/iframe><\/p>\n<p>&nbsp;<\/p>\n","protected":false},"excerpt":{"rendered":"<p>PROGETTISTA<br \/>\nRichard Rogers<br \/>\nMaddalena, Nuovo Messico<br \/>\nI componenti semplici e pratici da indossare ogni giorno sono la mia passione. Con ogni progetto, sono determinato su cosa pu\u00f2 fare per rendere la vita pi\u00f9 facile alla persona che lo tiene.<\/p>\n","protected":false},"featured_media":329094,"comment_status":"open","ping_status":"closed","template":"","meta":[],"pwb-brand":[3763],"product_brand":[],"product_cat":[3749,3745],"product_tag":[3755],"class_list":{"0":"post-329143","1":"product","2":"type-product","3":"status-publish","4":"has-post-thumbnail","6":"pwb-brand-crkt-it","7":"product_cat-coltelli-di-chiusura","8":"product_cat-coltelli","9":"product_tag-b2b-it","11":"first","12":"outofstock","13":"taxable","14":"shipping-taxable","15":"purchasable","16":"product-type-simple"},"brands":[{"id":3763,"name":"CRKT","slug":"crkt-it"}],"_links":{"self":[{"href":"https:\/\/www.moskito.cz\/it\/wp-json\/wp\/v2\/product\/329143","targetHints":{"allow":["GET"]}}],"collection":[{"href":"https:\/\/www.moskito.cz\/it\/wp-json\/wp\/v2\/product"}],"about":[{"href":"https:\/\/www.moskito.cz\/it\/wp-json\/wp\/v2\/types\/product"}],"replies":[{"embeddable":true,"href":"https:\/\/www.moskito.cz\/it\/wp-json\/wp\/v2\/comments?post=329143"}],"wp:featuredmedia":[{"embeddable":true,"href":"https:\/\/www.moskito.cz\/it\/wp-json\/wp\/v2\/media\/329094"}],"wp:attachment":[{"href":"https:\/\/www.moskito.cz\/it\/wp-json\/wp\/v2\/media?parent=329143"}],"wp:term":[{"taxonomy":"pwb-brand","embeddable":true,"href":"https:\/\/www.moskito.cz\/it\/wp-json\/wp\/v2\/pwb-brand?post=329143"},{"taxonomy":"product_brand","embeddable":true,"href":"https:\/\/www.moskito.cz\/it\/wp-json\/wp\/v2\/product_brand?post=329143"},{"taxonomy":"product_cat","embeddable":true,"href":"https:\/\/www.moskito.cz\/it\/wp-json\/wp\/v2\/product_cat?post=329143"},{"taxonomy":"product_tag","embeddable":true,"href":"https:\/\/www.moskito.cz\/it\/wp-json\/wp\/v2\/product_tag?post=329143"}],"curies":[{"name":"wp","href":"https:\/\/api.w.org\/{rel}","templated":true}]}}