{"id":329422,"date":"2022-09-07T22:43:25","date_gmt":"2024-04-12T07:22:20","guid":{"rendered":"https:\/\/www.moskito.cz\/produkt\/coltello-di-chiusura-crkt-hissatsu-2903\/"},"modified":"2025-05-07T11:09:52","modified_gmt":"2025-05-07T10:09:52","slug":"coltello-di-chiusura-crkt-hissatsu-2903","status":"publish","type":"product","link":"https:\/\/www.moskito.cz\/it\/produkt\/coltello-di-chiusura-crkt-hissatsu-2903\/","title":{"rendered":"Coltello di chiusura CRKT HISSATSU 2903"},"content":{"rendered":"<p>Coltello di chiusura <strong>CRKT<\/strong> HISSATSU 2903.<\/p>\n<p>La cartella Hissatsu\u2122 \u00e8 stata progettata da James Williams di Encinitas, California per quando operazioni speciali militari o professionisti della sicurezza si trovano in un ambiente in cui devono essere discreti per garantire la propria sicurezza. Sparare con armi da fuoco rumorose o trasportare lame di grandi dimensioni mentre si svolgono attivit\u00e0 ad alto rischio non \u00e8 sempre la risposta. Ora c&#8217;\u00e8 un&#8217;alternativa: la cartella Hissatsu\u2122. Questo coltello pieghevole tattico pu\u00f2 essere nascosto in una tasca o comodamente agganciato sotto una giacca e utilizzato in seguito per un grande potere difensivo.<\/p>\n<p>La forma della lama \u00e8 un classico design a punta da samurai che fornisce un eccellente potere di penetrazione e prestazioni di taglio eccezionali. \u00c8 dotato di una lama in acciaio inossidabile AUS 8 di alta qualit\u00e0 per resistenza e capacit\u00e0 di tenuta del bordo ottimali con una buona resistenza alla corrosione. Nel frattempo, un rivestimento nero antiriflesso aiuta a mantenere un profilo basso in condizioni di oscurit\u00e0. Con una lunghezza della lama di 3,875 pollici \u00e8 tranquillamente al di sotto del limite legale nella maggior parte delle giurisdizioni, ma le prestazioni sono molto pi\u00f9 elevate.<\/p>\n<p>Proprio come te, il coltello \u00e8 pronto per entrare in modalit\u00e0 missione grazie al nostro meccanismo di apertura a molla brevettato Outburst\u00ae. Successivamente si blocca automaticamente in posizione aperta grazie alla nostra sicurezza di inserimento automatico. Questa \u00e8 l&#8217;innovazione della sicurezza dell&#8217;inserto della serratura portata al livello successivo. La serratura ad inserimento automatizzato posiziona il perno tra l&#8217;inserto della serratura e il telaio. Questo perno funge da ulteriore livello di sicurezza, rendendo meno probabile che l&#8217;inserto di bloccaggio si allenti durante l&#8217;uso.<\/p>\n<p>Per chiudere il coltello, tirare indietro la leva di sicurezza con il pulsante rosso, spostare l&#8217;inserto di bloccaggio e piegare la lama in posizione chiusa. Vuoi uno dei sistemi di sicurezza pi\u00f9 sicuri sul mercato? La selezione \u00e8 automatica. Qualcosa di buono da tenere a mente quando i cattivi ti stanno col fiato sul collo, sul viso o ovunque siano troppo vicini. Per rispettare le normative legali, il meccanismo a molla Outburst\u00ae pu\u00f2 essere facilmente disattivato con un&#8217;unica vite di fissaggio.<\/p>\n<p>La maniglia ha anche qualche asso nella manica con una robusta struttura InterFrame con inserti in acciaio inossidabile che si bloccano su un lato e scaglie in nylon rinforzato con vetro nero strutturate per fornire una presa sicura. Il disco per il pollice consente un&#8217;apertura rapida con entrambe le mani e la clip personalizzata in acciaio inossidabile nero pu\u00f2 essere montata rapidamente e facilmente con la mano destra o sinistra con una sola vite, creando un coltello veramente ambidestro.<\/p>\n<p>Questa \u00e8 una cartella tattica professionale costruita per durare una vita. Se lo stesso si potesse dire dei nemici della libert\u00e0.<\/p>\n<p>SPECIFICHE<br \/>\nLunghezza lama 3,88&#8243; (98,43 mm)<br \/>\nLama Lama liscia<br \/>\nLama in acciaio AUS 8<br \/>\nTrattamento superficiale della lama Rivestimento resistente alla corrosione<br \/>\nSpessore lama 0,16&#8243; (4,06 mm)<br \/>\nLunghezza totale 8,75&#8243; (222,25 mm)<br \/>\nLunghezza chiusa 5,00&#8243; (127,00 mm)<br \/>\nPeso 5,80 once (164,43 g)<br \/>\nManiglia Nylon rinforzato con vetro<br \/>\nColtello chiudibile Style Assisted con Liner Lock<\/p>\n<p><iframe title=\"Hissatsu Folder Tactical Knife | by James Williams\" width=\"800\" height=\"450\" src=\"https:\/\/www.youtube.com\/embed\/JOUc0xG2FXQ?feature=oembed\" frameborder=\"0\" allow=\"accelerometer; autoplay; clipboard-write; encrypted-media; gyroscope; picture-in-picture; web-share\" referrerpolicy=\"strict-origin-when-cross-origin\" allowfullscreen><\/iframe><\/p>\n<p>&nbsp;<\/p>\n","protected":false},"excerpt":{"rendered":"<p>Progettato da James Williams a Vass, Carolina del Nord.<\/p>\n","protected":false},"featured_media":329423,"comment_status":"open","ping_status":"closed","template":"","meta":[],"pwb-brand":[3763],"product_brand":[],"product_cat":[3745,3749],"product_tag":[3755],"class_list":{"0":"post-329422","1":"product","2":"type-product","3":"status-publish","4":"has-post-thumbnail","6":"pwb-brand-crkt-it","7":"product_cat-coltelli","8":"product_cat-coltelli-di-chiusura","9":"product_tag-b2b-it","11":"first","12":"outofstock","13":"taxable","14":"shipping-taxable","15":"purchasable","16":"product-type-simple"},"brands":[{"id":3763,"name":"CRKT","slug":"crkt-it"}],"_links":{"self":[{"href":"https:\/\/www.moskito.cz\/it\/wp-json\/wp\/v2\/product\/329422","targetHints":{"allow":["GET"]}}],"collection":[{"href":"https:\/\/www.moskito.cz\/it\/wp-json\/wp\/v2\/product"}],"about":[{"href":"https:\/\/www.moskito.cz\/it\/wp-json\/wp\/v2\/types\/product"}],"replies":[{"embeddable":true,"href":"https:\/\/www.moskito.cz\/it\/wp-json\/wp\/v2\/comments?post=329422"}],"wp:featuredmedia":[{"embeddable":true,"href":"https:\/\/www.moskito.cz\/it\/wp-json\/wp\/v2\/media\/329423"}],"wp:attachment":[{"href":"https:\/\/www.moskito.cz\/it\/wp-json\/wp\/v2\/media?parent=329422"}],"wp:term":[{"taxonomy":"pwb-brand","embeddable":true,"href":"https:\/\/www.moskito.cz\/it\/wp-json\/wp\/v2\/pwb-brand?post=329422"},{"taxonomy":"product_brand","embeddable":true,"href":"https:\/\/www.moskito.cz\/it\/wp-json\/wp\/v2\/product_brand?post=329422"},{"taxonomy":"product_cat","embeddable":true,"href":"https:\/\/www.moskito.cz\/it\/wp-json\/wp\/v2\/product_cat?post=329422"},{"taxonomy":"product_tag","embeddable":true,"href":"https:\/\/www.moskito.cz\/it\/wp-json\/wp\/v2\/product_tag?post=329422"}],"curies":[{"name":"wp","href":"https:\/\/api.w.org\/{rel}","templated":true}]}}