{"id":329560,"date":"2021-07-29T20:03:41","date_gmt":"2024-04-12T07:43:50","guid":{"rendered":"https:\/\/www.moskito.cz\/produkt\/coltello-di-chiusura-crkt-m16-03bk\/"},"modified":"2025-05-07T11:09:59","modified_gmt":"2025-05-07T10:09:59","slug":"coltello-di-chiusura-crkt-m16-03bk","status":"publish","type":"product","link":"https:\/\/www.moskito.cz\/it\/produkt\/coltello-di-chiusura-crkt-m16-03bk\/","title":{"rendered":"Coltello di chiusura CRKT M16-03BK"},"content":{"rendered":"<p>Coltello di chiusura <strong>CRKT<\/strong> M16-03BK.<\/p>\n<p>Progettato da Kit Carson a Vine Grove, Kentucky<br \/>\nLa M16\u00ae \u00e8 la serie pi\u00f9 popolare che CRKT\u00ae abbia mai prodotto. Nel corso degli anni, abbiamo reso omaggio al defunto e venerato Kit Carson mantenendo viva la sua eredit\u00e0 con nuove iterazioni. Presentando l&#8217;M16\u00ae con finitura in nitruro di bronzo e titanio, spingiamo il coltello pieghevole tattico nel regno del trasporto quotidiano.<br \/>\nApertura rapida: la pinna dispiega rapidamente la pala<br \/>\nPrestazioni superiori: lama in acciaio Sandvik 12C27\u2122 per una ritenzione del filo superiore<br \/>\nMassima durata: la maniglia in acciaio inossidabile resiste a un uso intenso<br \/>\nForza bruta: il blocco del telaio utilizza una robusta barra di bloccaggio per fissare la lama<br \/>\nBasso profilo: l&#8217;opzione clip reversibile garantisce un trasporto sicuro<\/p>\n<p>SPECIFICHE<br \/>\nLunghezza lama 3,55&#8243; (90,22 mm)<br \/>\nBordo della lama semplice<br \/>\nLama in acciaio 12C27 Sandvik<br \/>\nCompletamento della lama dell&#8217;ossigeno<br \/>\nSpessore lama 3,00 mm<br \/>\nLunghezza totale 8,25&#8243; (209,55 mm)<br \/>\nLunghezza chiusa 4,66 pollici (118,31 mm)<br \/>\nPeso 3,80 once. (107,73 g)<br \/>\nManiglia 2Cr13 SS<br \/>\nColtello pieghevole Style con blocco del telaio<\/p>\n<p><strong>CRKT\u00ae<\/strong> (Columbia River Knife and Tool\u00ae) \u00e8 stata fondata nel 1994. Fin dal primo giorno, ha messo al primo posto l\u2019innovazione e l\u2019integrit\u00e0. Si impegna a realizzare coltelli e strumenti che ispirino e durino. Lavora con i migliori designer del mondo e lavora secondo un principio semplice: la cosa pi\u00f9 grande che pu\u00f2 dare ai clienti \u00e8 la fiducia nelle sue mani.<\/p>\n","protected":false},"excerpt":{"rendered":"<p>Progettato da Kit Carson a Vine Grove, Kentucky.<\/p>\n","protected":false},"featured_media":329561,"comment_status":"open","ping_status":"closed","template":"","meta":[],"pwb-brand":[3763],"product_brand":[],"product_cat":[3745,3749],"product_tag":[3755],"class_list":{"0":"post-329560","1":"product","2":"type-product","3":"status-publish","4":"has-post-thumbnail","6":"pwb-brand-crkt-it","7":"product_cat-coltelli","8":"product_cat-coltelli-di-chiusura","9":"product_tag-b2b-it","11":"first","12":"outofstock","13":"taxable","14":"shipping-taxable","15":"purchasable","16":"product-type-simple"},"brands":[{"id":3763,"name":"CRKT","slug":"crkt-it"}],"_links":{"self":[{"href":"https:\/\/www.moskito.cz\/it\/wp-json\/wp\/v2\/product\/329560","targetHints":{"allow":["GET"]}}],"collection":[{"href":"https:\/\/www.moskito.cz\/it\/wp-json\/wp\/v2\/product"}],"about":[{"href":"https:\/\/www.moskito.cz\/it\/wp-json\/wp\/v2\/types\/product"}],"replies":[{"embeddable":true,"href":"https:\/\/www.moskito.cz\/it\/wp-json\/wp\/v2\/comments?post=329560"}],"wp:featuredmedia":[{"embeddable":true,"href":"https:\/\/www.moskito.cz\/it\/wp-json\/wp\/v2\/media\/329561"}],"wp:attachment":[{"href":"https:\/\/www.moskito.cz\/it\/wp-json\/wp\/v2\/media?parent=329560"}],"wp:term":[{"taxonomy":"pwb-brand","embeddable":true,"href":"https:\/\/www.moskito.cz\/it\/wp-json\/wp\/v2\/pwb-brand?post=329560"},{"taxonomy":"product_brand","embeddable":true,"href":"https:\/\/www.moskito.cz\/it\/wp-json\/wp\/v2\/product_brand?post=329560"},{"taxonomy":"product_cat","embeddable":true,"href":"https:\/\/www.moskito.cz\/it\/wp-json\/wp\/v2\/product_cat?post=329560"},{"taxonomy":"product_tag","embeddable":true,"href":"https:\/\/www.moskito.cz\/it\/wp-json\/wp\/v2\/product_tag?post=329560"}],"curies":[{"name":"wp","href":"https:\/\/api.w.org\/{rel}","templated":true}]}}