{"id":329645,"date":"2021-07-29T22:45:25","date_gmt":"2024-04-12T07:47:15","guid":{"rendered":"https:\/\/www.moskito.cz\/produkt\/coltello-di-chiusura-crkt-lcklarge-3810\/"},"modified":"2025-05-07T11:10:01","modified_gmt":"2025-05-07T10:10:01","slug":"coltello-di-chiusura-crkt-lcklarge-3810","status":"publish","type":"product","link":"https:\/\/www.moskito.cz\/it\/produkt\/coltello-di-chiusura-crkt-lcklarge-3810\/","title":{"rendered":"Coltello Di Chiusura CRKT LCK+LARGE 3810"},"content":{"rendered":"<div class=\"flex-1 overflow-hidden @container\/thread\">\n<div class=\"h-full\">\n<div class=\"react-scroll-to-bottom--css-vxybp-79elbk h-full\">\n<div class=\"react-scroll-to-bottom--css-vxybp-1n7m0yu\">\n<div class=\"flex flex-col text-sm md:pb-9\">\n<article class=\"w-full scroll-mb-[var(--thread-trailing-height,150px)] text-token-text-primary focus-visible:outline-2 focus-visible:outline-offset-[-4px]\" dir=\"auto\" data-testid=\"conversation-turn-455\" data-scroll-anchor=\"true\">\n<div class=\"m-auto text-base py-[18px] px-3 md:px-4 w-full md:px-5 lg:px-4 xl:px-5\">\n<div class=\"mx-auto flex flex-1 gap-4 text-base md:gap-5 lg:gap-6 md:max-w-3xl\">\n<div class=\"group\/conversation-turn relative flex w-full min-w-0 flex-col agent-turn\">\n<div class=\"flex-col gap-1 md:gap-3\">\n<div class=\"flex max-w-full flex-col flex-grow\">\n<div class=\"min-h-8 text-message flex w-full flex-col items-end gap-2 whitespace-normal break-words text-start [.text-message+&amp;]:mt-5\" dir=\"auto\" data-message-author-role=\"assistant\" data-message-id=\"d02dd9ee-b961-48f5-8657-502d62acbe26\" data-message-model-slug=\"gpt-4o-mini\">\n<div class=\"flex w-full flex-col gap-1 empty:hidden first:pt-[3px]\">\n<div class=\"markdown prose w-full break-words dark:prose-invert light\">\n<h3><strong>Coltello Di Chiusura CRKT LCK+LARGE 3810<\/strong><\/h3>\n<p><strong>Progettato da:<\/strong> CRKT Design Team<br \/>\n<strong>Stile:<\/strong> coltello pieghevole assistito con blocco dell&#8217;inserto<\/p>\n<p><strong>Il CRKT LCK+ Large<\/strong> \u00e8 un coltello pieghevole che coniuga <strong>tecnologia innovativa<\/strong> , <strong>rapidit\u00e0 d&#8217;uso<\/strong> e <strong>peso ridotto<\/strong> in uno strumento compatto ed efficiente per l&#8217;uso quotidiano (EDC). Se stai cercando <strong>un coltello ad alta velocit\u00e0 e alte prestazioni,<\/strong> facile da trasportare e da usare, il modello LCK+ Large \u00e8 la scelta ideale. <\/p>\n<h3><strong>Caratteristiche e vantaggi principali:<\/strong><\/h3>\n<h4>1. <strong>Apertura assistita:<\/strong><\/h4>\n<ul>\n<li>Questo coltello utilizza <strong>un sistema di apertura assistito<\/strong> che consente l&#8217;inserimento della lama <strong>in un batter d&#8217;occhio<\/strong> . Basta premere <strong>la pinna<\/strong> e la lama si apre in modo rapido e fluido. Ci\u00f2 rende il coltello ideale per avvicinamenti rapidi in situazioni difficili.  <\/li>\n<\/ul>\n<h4>2. <strong>Apertura fluida con cuscinetti a sfera:<\/strong><\/h4>\n<ul>\n<li><strong>Il sistema di cuscinetti a sfera IKBS\u2122<\/strong> garantisce un&#8217;apertura della lama estremamente fluida, rendendo il coltello facile da maneggiare e garantendo <strong>un&#8217;elevata affidabilit\u00e0<\/strong> nell&#8217;uso quotidiano.<\/li>\n<\/ul>\n<h4>3. <strong>Manico leggero e resistente:<\/strong><\/h4>\n<ul>\n<li><strong>L&#8217;impugnatura in nylon rinforzato con fibra di vetro<\/strong> \u00e8 <strong>robusta e leggera<\/strong> , il che rende il coltello <strong>resistente<\/strong> all&#8217;usura e <strong>comodo da trasportare<\/strong> . Questo materiale garantisce inoltre un&#8217;ottima <strong>presa<\/strong> , garantendo un utilizzo sicuro. <\/li>\n<\/ul>\n<h4>4. <strong>Facile da chiudere:<\/strong><\/h4>\n<ul>\n<li><strong>Il blocco liner<\/strong> assicura che la lama sia bloccata saldamente durante l&#8217;uso. Grazie al <strong>semplice meccanismo,<\/strong> \u00e8 possibile chiudere il coltello <strong>con una sola mano<\/strong> , il che risulta pratico quando si ha solo una mano libera. <\/li>\n<\/ul>\n<h4>5. <strong>Profilo basso per il porto occulto:<\/strong><\/h4>\n<ul>\n<li><strong>La clip da tasca<\/strong> \u00e8 <strong>profonda<\/strong> , il che significa che il coltello <strong>rimarr\u00e0 ben nascosto<\/strong> nella tasca senza sporgere, garantendo un trasporto discreto e sicuro. Il profilo basso fa s\u00ec che il coltello non risulti scomodo anche se indossato per lunghi periodi di tempo. <\/li>\n<\/ul>\n<h3><strong>Specifiche:<\/strong><\/h3>\n<ul>\n<li><strong>Lunghezza lama:<\/strong> 3,62&#8243; (91,97 mm)<\/li>\n<li><strong>Filo della lama:<\/strong> liscio<\/li>\n<li><strong>Acciaio della lama:<\/strong> 8Cr13MoV<\/li>\n<li><strong>Trattamento superficiale della lama:<\/strong> Satinato<\/li>\n<li><strong>Spessore della lama:<\/strong> 0,12&#8243; (3,15 mm)<\/li>\n<li><strong>Lunghezza totale:<\/strong> 8,19&#8243; (207,98 mm)<\/li>\n<li><strong>Lunghezza chiusa:<\/strong> 4,53&#8243; (115,06 mm)<\/li>\n<li><strong>Peso:<\/strong> 2,80 oz. (79,38 g)<\/li>\n<li><strong>Manico:<\/strong> poliammide rinforzata con fibra di vetro<\/li>\n<li><strong>Stile:<\/strong> coltello pieghevole assistito con blocco dell&#8217;inserto<\/li>\n<\/ul>\n<h3><strong>Utilizzo:<\/strong><\/h3>\n<ul>\n<li><strong>Trasporto quotidiano (EDC):<\/strong> leggero ma robusto, il modello LCK+ Large \u00e8 <strong>perfetto per l&#8217;uso quotidiano<\/strong> , che si tratti di aprire pacchi, tagliare o svolgere lavori sul campo.<\/li>\n<li><strong>Utilizzo tattico:<\/strong> Grazie alla sua <strong>rapidit\u00e0 d&#8217;uso<\/strong> e <strong>affidabilit\u00e0,<\/strong> \u00e8 adatto a scenari tattici in cui \u00e8 necessario avere un coltello immediatamente disponibile.<\/li>\n<li><strong>Ambiente di lavoro o di ufficio:<\/strong> LCK+ Large \u00e8 compatto e abbastanza discreto da <strong>poter essere portato in ufficio<\/strong> o in luoghi pubblici, ma \u00e8 comunque abbastanza potente per la maggior parte delle attivit\u00e0 quotidiane.<\/li>\n<\/ul>\n<h3><strong>Conclusione:<\/strong><\/h3>\n<p><strong>Il CRKT LCK+ Large<\/strong> \u00e8 un ottimo esempio di <strong>coltello EDC<\/strong> efficace e di alta qualit\u00e0. Grazie <strong>all&#8217;apertura assistita<\/strong> , <strong>all&#8217;elevato comfort nel trasporto<\/strong> e <strong>alla struttura robusta,<\/strong> \u00e8 lo strumento ideale per chi cerca <strong>un coltello veloce, leggero e affidabile<\/strong> per l&#8217;uso quotidiano. \u00c8 uno strumento pratico ed elegante per chiunque cerchi <strong>il perfetto equilibrio tra prestazioni e portabilit\u00e0<\/strong> .  <\/p>\n<\/div>\n<\/div>\n<\/div>\n<\/div>\n<div class=\"mb-2 flex gap-3 empty:hidden -ml-2\">\n<div class=\"items-center justify-start rounded-xl p-1 flex\">\n<div class=\"flex items-center\"><\/div>\n<\/div>\n<\/div>\n<div class=\"pr-2 lg:pr-0\"><\/div>\n<\/div>\n<\/div>\n<\/div>\n<\/div>\n<\/article>\n<\/div>\n<\/div>\n<\/div>\n<\/div>\n<\/div>\n<p><iframe title=\"CRKT ASSISTED OPENING | How It Works\" width=\"800\" height=\"450\" src=\"https:\/\/www.youtube.com\/embed\/QUSQFRDMrEI?feature=oembed\" frameborder=\"0\" allow=\"accelerometer; autoplay; clipboard-write; encrypted-media; gyroscope; picture-in-picture; web-share\" referrerpolicy=\"strict-origin-when-cross-origin\" allowfullscreen><\/iframe><\/p>\n<p>&nbsp;<\/p>\n","protected":false},"excerpt":{"rendered":"<div class=\"flex max-w-full flex-col flex-grow\">\n<div class=\"min-h-8 text-message flex w-full flex-col items-end gap-2 whitespace-normal break-words text-start [.text-message+&amp;]:mt-5\" dir=\"auto\" data-message-author-role=\"assistant\" data-message-id=\"d02dd9ee-b961-48f5-8657-502d62acbe26\" data-message-model-slug=\"gpt-4o-mini\">\n<div class=\"flex w-full flex-col gap-1 empty:hidden first:pt-[3px]\">\n<div class=\"markdown prose w-full break-words dark:prose-invert light\">\n<p><strong>Il CRKT LCK + Large \u00e8 un ottimo esempio di coltello EDC efficace e di alta qualit\u00e0. Grazie all&#8217;apertura assistita, all&#8217;elevato comfort nel trasporto e alla struttura robusta, \u00e8 lo strumento ideale per chi cerca un coltello veloce, leggero e affidabile per l&#8217;uso quotidiano. \u00c8 uno strumento pratico ed elegante per chiunque cerchi il perfetto equilibrio tra prestazioni e portabilit\u00e0.  <\/strong><\/p>\n<\/div>\n<\/div>\n<\/div>\n<\/div>\n<div class=\"mb-2 flex gap-3 empty:hidden -ml-2\">\n<div class=\"items-center justify-start rounded-xl p-1 flex\">\n<div class=\"flex items-center\"><\/div>\n<\/div>\n<\/div>\n","protected":false},"featured_media":329646,"comment_status":"open","ping_status":"closed","template":"","meta":[],"pwb-brand":[3763],"product_brand":[],"product_cat":[3745,3749],"product_tag":[3755],"class_list":{"0":"post-329645","1":"product","2":"type-product","3":"status-publish","4":"has-post-thumbnail","6":"pwb-brand-crkt-it","7":"product_cat-coltelli","8":"product_cat-coltelli-di-chiusura","9":"product_tag-b2b-it","11":"first","12":"outofstock","13":"taxable","14":"shipping-taxable","15":"purchasable","16":"product-type-simple"},"brands":[{"id":3763,"name":"CRKT","slug":"crkt-it"}],"_links":{"self":[{"href":"https:\/\/www.moskito.cz\/it\/wp-json\/wp\/v2\/product\/329645","targetHints":{"allow":["GET"]}}],"collection":[{"href":"https:\/\/www.moskito.cz\/it\/wp-json\/wp\/v2\/product"}],"about":[{"href":"https:\/\/www.moskito.cz\/it\/wp-json\/wp\/v2\/types\/product"}],"replies":[{"embeddable":true,"href":"https:\/\/www.moskito.cz\/it\/wp-json\/wp\/v2\/comments?post=329645"}],"wp:featuredmedia":[{"embeddable":true,"href":"https:\/\/www.moskito.cz\/it\/wp-json\/wp\/v2\/media\/329646"}],"wp:attachment":[{"href":"https:\/\/www.moskito.cz\/it\/wp-json\/wp\/v2\/media?parent=329645"}],"wp:term":[{"taxonomy":"pwb-brand","embeddable":true,"href":"https:\/\/www.moskito.cz\/it\/wp-json\/wp\/v2\/pwb-brand?post=329645"},{"taxonomy":"product_brand","embeddable":true,"href":"https:\/\/www.moskito.cz\/it\/wp-json\/wp\/v2\/product_brand?post=329645"},{"taxonomy":"product_cat","embeddable":true,"href":"https:\/\/www.moskito.cz\/it\/wp-json\/wp\/v2\/product_cat?post=329645"},{"taxonomy":"product_tag","embeddable":true,"href":"https:\/\/www.moskito.cz\/it\/wp-json\/wp\/v2\/product_tag?post=329645"}],"curies":[{"name":"wp","href":"https:\/\/api.w.org\/{rel}","templated":true}]}}