{"id":329942,"date":"2022-08-21T11:22:38","date_gmt":"2024-04-12T08:18:10","guid":{"rendered":"https:\/\/www.moskito.cz\/produkt\/coltello-di-chiusura-crkt-m16-14d\/"},"modified":"2025-05-07T11:10:06","modified_gmt":"2025-05-07T10:10:06","slug":"coltello-di-chiusura-crkt-m16-14d","status":"publish","type":"product","link":"https:\/\/www.moskito.cz\/it\/produkt\/coltello-di-chiusura-crkt-m16-14d\/","title":{"rendered":"Coltello di chiusura CRKT M16-14D"},"content":{"rendered":"<div class=\"flex-1 overflow-hidden @container\/thread\">\n<div class=\"h-full\">\n<div class=\"react-scroll-to-bottom--css-vxybp-79elbk h-full\">\n<div class=\"react-scroll-to-bottom--css-vxybp-1n7m0yu\">\n<div class=\"flex flex-col text-sm md:pb-9\">\n<article class=\"w-full scroll-mb-[var(--thread-trailing-height,150px)] text-token-text-primary focus-visible:outline-2 focus-visible:outline-offset-[-4px]\" dir=\"auto\" data-testid=\"conversation-turn-273\" data-scroll-anchor=\"true\">\n<div class=\"m-auto text-base py-[18px] px-3 md:px-4 w-full md:px-5 lg:px-4 xl:px-5\">\n<div class=\"mx-auto flex flex-1 gap-4 text-base md:gap-5 lg:gap-6 md:max-w-3xl\">\n<div class=\"group\/conversation-turn relative flex w-full min-w-0 flex-col agent-turn\">\n<div class=\"flex-col gap-1 md:gap-3\">\n<div class=\"flex max-w-full flex-col flex-grow\">\n<div class=\"min-h-8 text-message flex w-full flex-col items-end gap-2 whitespace-normal break-words text-start [.text-message+&amp;]:mt-5\" dir=\"auto\" data-message-author-role=\"assistant\" data-message-id=\"ff6a6718-2244-42f4-a97c-2d920d9114b0\" data-message-model-slug=\"gpt-4o-mini\">\n<div class=\"flex w-full flex-col gap-1 empty:hidden first:pt-[3px]\">\n<div class=\"markdown prose w-full break-words dark:prose-invert light\">\n<p><strong>Coltello di chiusura CRKT M16-14D<\/strong><\/p>\n<p><strong>Il CRKT M16-14D<\/strong> \u00e8 un coltello pieghevole robusto e affidabile, progettato specificamente per l&#8217;uso militare e tattico in condizioni estreme, come nelle regioni desertiche del Medio Oriente e dell&#8217;Afghanistan. Questo modello della serie Carson Desert Tactical \u00e8 adatto agli ambienti pi\u00f9 impegnativi, in cui sono richiesti strumenti resistenti alle condizioni pi\u00f9 difficili e all&#8217;uso intensivo. <\/p>\n<h3><strong>Caratteristiche principali e specifiche:<\/strong><\/h3>\n<ol>\n<li><strong>Lunghezza lama<\/strong> : 3,99&#8243; (101,35 mm)\n<ul>\n<li>Questa lunghezza della lama garantisce l&#8217;equilibrio ideale tra potenza e compattezza, rendendolo ideale per qualsiasi attivit\u00e0 che richieda un coltello robusto ma facile da maneggiare.<\/li>\n<\/ul>\n<\/li>\n<li><strong>Bordo della lama<\/strong> : <strong>dentellature Triple Point\u2122<\/strong>\n<ul>\n<li>Triple Point\u2122 \u00e8 una dentellatura innovativa che garantisce eccellenti capacit\u00e0 di taglio per un&#8217;ampia gamma di materiali, come corde, tessuti, tele e altri materiali fibrosi. Grazie a questa progettazione, il coltello pu\u00f2 affrontare senza problemi anche i lavori di taglio pi\u00f9 impegnativi. <\/li>\n<\/ul>\n<\/li>\n<li><strong>Materiale della lama<\/strong> : <strong>acciaio AUS 8<\/strong>\n<ul>\n<li>L&#8217;acciaio AUS 8 \u00e8 un acciaio inossidabile di qualit\u00e0 che offre un eccellente equilibrio tra durevolezza, facilit\u00e0 di affilatura e longevit\u00e0. L&#8217;elevato contenuto di carbonio garantisce che la lama mantenga la sua affilatura anche dopo un uso intenso. <\/li>\n<\/ul>\n<\/li>\n<li><strong>Trattamento superficiale della lama<\/strong> : <strong>nitruro di titanio<\/strong>\n<ul>\n<li>La finitura in nitruro di titanio conferisce alla lama un&#8217;eccellente resistenza alla corrosione e all&#8217;usura, rendendola ideale per l&#8217;uso in ambienti difficili, come quelli sabbiosi e umidi, dove la protezione dalla corrosione \u00e8 fondamentale.<\/li>\n<\/ul>\n<\/li>\n<li><strong>Spessore della lama<\/strong> : 0,14&#8243; (3,56 mm)\n<ul>\n<li>Lo spessore della lama garantisce resistenza e stabilit\u00e0 durante il lavoro, consentendo di maneggiare facilmente vari materiali, ma allo stesso tempo non aumenta troppo il peso del coltello.<\/li>\n<\/ul>\n<\/li>\n<li><strong>Lunghezza totale<\/strong> : 9,25&#8243; (234,95 mm)\n<ul>\n<li>Con una lunghezza complessiva di 9,25 pollici, questo coltello \u00e8 abbastanza grande per tutti i compiti, ma \u00e8 comunque abbastanza compatto da poter essere trasportato e utilizzato quotidianamente.<\/li>\n<\/ul>\n<\/li>\n<li><strong>Lunghezza chiusa<\/strong> : 5,38&#8243; (136,53 mm)\n<ul>\n<li>Grazie alla lunghezza compatta da chiuso, il coltello \u00e8 facilmente trasportabile e si adatta comodamente in tasca o alla cintura.<\/li>\n<\/ul>\n<\/li>\n<li><strong>Peso<\/strong> : 5,30 once (150,25 g)\n<ul>\n<li>Con un peso di 140 g, il coltello \u00e8 sufficientemente robusto per i lavori pi\u00f9 impegnativi, ma sufficientemente leggero per essere trasportato comodamente e maneggiato facilmente.<\/li>\n<\/ul>\n<\/li>\n<li><strong>Maniglia<\/strong> : <strong>Alluminio<\/strong>\n<ul>\n<li>L&#8217;impugnatura in alluminio \u00e8 resistente e leggera, garantendo una presa salda e confortevole anche in caso di utilizzo prolungato. La struttura in alluminio garantisce un&#8217;eccellente resistenza senza aggiungere peso eccessivo. <\/li>\n<\/ul>\n<\/li>\n<li><strong>Stile del coltello<\/strong> : <strong>coltello pieghevole con blocco liner<\/strong>\n<ul>\n<li>Il coltello \u00e8 dotato di un meccanismo di blocco liner, ovvero un blocco di sicurezza che mantiene la lama in posizione aperta e ne impedisce la chiusura accidentale durante l&#8217;uso.<\/li>\n<\/ul>\n<\/li>\n<\/ol>\n<h3><strong>Caratteristiche e vantaggi speciali:<\/strong><\/h3>\n<ol>\n<li><strong>Inserto di sicurezza automatico<\/strong> :\n<ul>\n<li>Il coltello \u00e8 dotato di un inserto di sicurezza automatico che garantisce un ulteriore livello di protezione contro la chiusura accidentale della lama durante l&#8217;uso. Questo meccanismo di sicurezza \u00e8 particolarmente utile in situazioni difficili e critiche in cui \u00e8 importante la massima stabilit\u00e0 e affidabilit\u00e0 del coltello. <\/li>\n<\/ul>\n<\/li>\n<li><strong>Carson Flipper per un&#8217;apertura rapida<\/strong> :\n<ul>\n<li>La pinna sull&#8217;impugnatura consente di aprire rapidamente il coltello con una mano, il che risulta comodo in situazioni di emergenza o quando si lavora e si hanno limitate possibilit\u00e0 di maneggiare il coltello.<\/li>\n<\/ul>\n<\/li>\n<li><strong>Ingranaggi Triple Point\u2122<\/strong> :\n<ul>\n<li>Le dentellature Triple Point\u2122 garantiscono una maggiore potenza di taglio in condizioni difficili e consentono di tagliare efficacemente materiali fibrosi come corde, tessuti o tele, un&#8217;operazione comune nelle attivit\u00e0 tattiche e di soccorso.<\/li>\n<\/ul>\n<\/li>\n<li><strong>Finitura tattica<\/strong> :\n<ul>\n<li>Il rivestimento in nitruro di titanio sulla lama garantisce la resistenza della lama alla corrosione e all&#8217;usura anche se utilizzata in condizioni estreme, rendendola ideale per l&#8217;uso in ambienti desertici dove sabbia e polvere sono comuni.<\/li>\n<\/ul>\n<\/li>\n<li><strong>Elevata durata e affidabilit\u00e0<\/strong> :\n<ul>\n<li>Questo modello \u00e8 progettato per un uso intensivo e per resistere a condizioni difficili. \u00c8 ideale per i professionisti sul campo come soldati, soccorritori e altri che necessitano di un coltello estremamente durevole e versatile. <\/li>\n<\/ul>\n<\/li>\n<\/ol>\n<h3><strong>Utilizzo:<\/strong><\/h3>\n<ul>\n<li><strong>Uso tattico e militare<\/strong> : il coltello \u00e8 ideale per impieghi militari, di polizia e altri usi tattici in cui affidabilit\u00e0, velocit\u00e0 di apertura e resistenza a condizioni difficili sono importanti.<\/li>\n<li><strong>Situazioni di salvataggio e di emergenza<\/strong> : l&#8217;inserto di sicurezza e le eccellenti propriet\u00e0 di taglio del Carson Flipper lo rendono un ottimo strumento per i soccorritori che necessitano di un rapido accesso a un coltello in situazioni di emergenza.<\/li>\n<li><strong>Trasporto quotidiano (EDC)<\/strong> : questo coltello \u00e8 sufficientemente compatto per il trasporto quotidiano, ma offre al contempo caratteristiche robuste e versatili per un&#8217;ampia gamma di attivit\u00e0.<\/li>\n<\/ul>\n<h3><strong>Conclusione:<\/strong><\/h3>\n<p><strong>Il CRKT M16-14D<\/strong> \u00e8 un coltello robusto, affidabile e altamente funzionale, progettato per l&#8217;uso in condizioni difficili come le zone desertiche. Grazie ai materiali di qualit\u00e0, alle eccellenti propriet\u00e0 di taglio e alle caratteristiche specifiche per il personale tattico e di soccorso, questo modello \u00e8 la scelta ideale per i professionisti che necessitano di uno strumento durevole, efficace e facile da usare in situazioni critiche. <\/p>\n<\/div>\n<\/div>\n<\/div>\n<\/div>\n<div class=\"mb-2 flex gap-3 empty:hidden -ml-2\">\n<div class=\"items-center justify-start rounded-xl p-1 flex\">\n<div class=\"flex items-center\"><\/div>\n<\/div>\n<\/div>\n<div class=\"pr-2 lg:pr-0\"><\/div>\n<div class=\"mt-3 w-full empty:hidden\">\n<div class=\"text-center\"><\/div>\n<\/div>\n<\/div>\n<div class=\"absolute\">\n<div class=\"flex items-center justify-center\"><\/div>\n<\/div>\n<\/div>\n<\/div>\n<\/div>\n<\/article>\n<\/div>\n<\/div>\n<\/div>\n<\/div>\n<\/div>\n<div class=\"md:pt-0 dark:border-white\/20 md:border-transparent md:dark:border-transparent w-full\">\n<div>\n<div class=\"m-auto text-base px-3 md:px-4 w-full md:px-5 lg:px-4 xl:px-5\">\n<div class=\"mx-auto flex flex-1 gap-4 text-base md:gap-5 lg:gap-6 md:max-w-3xl\">\n<div class=\"flex justify-center\"><\/div>\n<\/div>\n<\/div>\n<\/div>\n<\/div>\n","protected":false},"excerpt":{"rendered":"<div class=\"flex max-w-full flex-col flex-grow\">\n<div class=\"min-h-8 text-message flex w-full flex-col items-end gap-2 whitespace-normal break-words text-start [.text-message+&amp;]:mt-5\" dir=\"auto\" data-message-author-role=\"assistant\" data-message-id=\"ff6a6718-2244-42f4-a97c-2d920d9114b0\" data-message-model-slug=\"gpt-4o-mini\">\n<div class=\"flex w-full flex-col gap-1 empty:hidden first:pt-[3px]\">\n<div class=\"markdown prose w-full break-words dark:prose-invert light\">\n<p><strong>Il CRKT M16-14D \u00e8 un coltello robusto, affidabile e altamente funzionale, progettato per l&#8217;uso in condizioni difficili come le zone desertiche. Grazie ai materiali di qualit\u00e0, alle eccellenti propriet\u00e0 di taglio e alle caratteristiche specifiche per il personale tattico e di soccorso, questo modello \u00e8 la scelta ideale per i professionisti che necessitano di uno strumento durevole, efficace e facile da usare in situazioni critiche. <\/strong><\/p>\n<\/div>\n<\/div>\n<\/div>\n<\/div>\n<div class=\"mb-2 flex gap-3 empty:hidden -ml-2\">\n<div class=\"items-center justify-start rounded-xl p-1 flex\">\n<div class=\"flex items-center\"><\/div>\n<\/div>\n<\/div>\n","protected":false},"featured_media":329943,"comment_status":"open","ping_status":"closed","template":"","meta":[],"pwb-brand":[3763],"product_brand":[],"product_cat":[3749,3745],"product_tag":[3755],"class_list":{"0":"post-329942","1":"product","2":"type-product","3":"status-publish","4":"has-post-thumbnail","6":"pwb-brand-crkt-it","7":"product_cat-coltelli-di-chiusura","8":"product_cat-coltelli","9":"product_tag-b2b-it","11":"first","12":"instock","13":"sale","14":"taxable","15":"shipping-taxable","16":"purchasable","17":"product-type-simple"},"brands":[{"id":3763,"name":"CRKT","slug":"crkt-it"}],"_links":{"self":[{"href":"https:\/\/www.moskito.cz\/it\/wp-json\/wp\/v2\/product\/329942","targetHints":{"allow":["GET"]}}],"collection":[{"href":"https:\/\/www.moskito.cz\/it\/wp-json\/wp\/v2\/product"}],"about":[{"href":"https:\/\/www.moskito.cz\/it\/wp-json\/wp\/v2\/types\/product"}],"replies":[{"embeddable":true,"href":"https:\/\/www.moskito.cz\/it\/wp-json\/wp\/v2\/comments?post=329942"}],"wp:featuredmedia":[{"embeddable":true,"href":"https:\/\/www.moskito.cz\/it\/wp-json\/wp\/v2\/media\/329943"}],"wp:attachment":[{"href":"https:\/\/www.moskito.cz\/it\/wp-json\/wp\/v2\/media?parent=329942"}],"wp:term":[{"taxonomy":"pwb-brand","embeddable":true,"href":"https:\/\/www.moskito.cz\/it\/wp-json\/wp\/v2\/pwb-brand?post=329942"},{"taxonomy":"product_brand","embeddable":true,"href":"https:\/\/www.moskito.cz\/it\/wp-json\/wp\/v2\/product_brand?post=329942"},{"taxonomy":"product_cat","embeddable":true,"href":"https:\/\/www.moskito.cz\/it\/wp-json\/wp\/v2\/product_cat?post=329942"},{"taxonomy":"product_tag","embeddable":true,"href":"https:\/\/www.moskito.cz\/it\/wp-json\/wp\/v2\/product_tag?post=329942"}],"curies":[{"name":"wp","href":"https:\/\/api.w.org\/{rel}","templated":true}]}}