{"id":330025,"date":"2022-04-10T10:55:55","date_gmt":"2024-04-12T08:47:50","guid":{"rendered":"https:\/\/www.moskito.cz\/produkt\/coltello-da-tiro-microtech-utx-70-satinato-147-4rd\/"},"modified":"2025-05-07T11:10:08","modified_gmt":"2025-05-07T10:10:08","slug":"coltello-da-tiro-microtech-utx-70-satinato-147-4rd","status":"publish","type":"product","link":"https:\/\/www.moskito.cz\/it\/produkt\/coltello-da-tiro-microtech-utx-70-satinato-147-4rd\/","title":{"rendered":"Coltello da tiro Microtech UTX-70 Satinato 147-4RD"},"content":{"rendered":"<p>Coltello da tiro Microtech UTX-70 Satinato 147-4RD.<\/p>\n<p><strong>L&#8217;UTX-70<\/strong> (15% pi\u00f9 piccolo dell&#8217;UTX-85) \u00e8 un mini coltello automatico frontale a doppia azione di Microtech che \u00e8 uno dei pi\u00f9 facili da trasportare tutti i giorni. Le dimensioni ridotte sono perfette da portare nel taschino dell&#8217;orologio o anche su un portachiavi. Questa versione ha manici sagomati rossi e una lama CTS-204P liscia satinata a doppio taglio.<\/p>\n<p>Nuovissimo direttamente da Microtech Knives, USA.<\/p>\n<p>Lama: la doppia lama presenta una finitura lucida satinata a macchina e ha due bordi lisci e affilati come rasoi. La lama a forma di pugnale \u00e8 realizzata in acciaio inossidabile americano CTS-204P ad alte prestazioni. La lama da meno di 2,5 pollici (6,35 cm) ha un meccanismo di apertura e retrazione a doppia azione. Basta spostare il cursore del pollice sul lato della maniglia verso l&#8217;alto per aprire e verso il basso per ritrarre. La molla interna rimane ferma sia in posizione aperta che chiusa per ridurre l&#8217;usura. L&#8217;azione \u00e8 fluida e veloce.<\/p>\n<p>Maniglia: l&#8217;alluminio 6061-T6 liscio e anodizzato rosso presenta bordi arrotondati migliorati che creano non solo una sensazione confortevole nella mano, ma anche una transizione fluida dentro e fuori dalla tasca. Poich\u00e9 l&#8217;UTX-70 \u00e8 molto pi\u00f9 piccolo e sottile, hanno omesso la cornice per un aspetto pi\u00f9 pulito. Questo \u00e8 un OTF automatico da gentiluomo. Il design sagomato della maniglia \u00e8 piacevole alle mani e agli occhi. La costruzione della maniglia \u00e8 completata dall&#8217;hardware brevettato Microtech, da un&#8217;estremit\u00e0 antirottura del vetro e da una clip da tasca a getto con un numero di serie\/data di produzione individuale.<\/p>\n<p>CTS-204P: un acciaio inossidabile metallurgico delle polveri ad alta resistenza, CTS-204P ha una delle pi\u00f9 alte resistenze ai bordi e alla corrosione disponibili. Il CTS-204P ha prestazioni simili al CPM-20CV e all&#8217;M390 di Bohler.<\/p>\n<p><strong>Materiale della lama: si prega di notare che l&#8217;acciaio della lama non pu\u00f2 essere specificato poich\u00e9 pu\u00f2 variare a seconda della disponibilit\u00e0 (informazioni da Microtech)<\/strong><\/p>\n<p>Lunghezza totale: 18,75 cm<br \/>\nLunghezza lama: 7,81 cm<br \/>\nTagliente: 7,17 cm<br \/>\nSpessore lama: 0,32 cm<br \/>\nMateriale lama: Bohler M390<br \/>\nInserti: piatti<br \/>\nLunghezza manico: 10,92 cm<br \/>\nSpessore manico: 1,17 cm<br \/>\nMateriale manico: alluminio<br \/>\nPeso: 3,06 once.<br \/>\nUtente: mano destra<br \/>\nClip da tasca: ribaltabile<br \/>\nTipo di coltello: OTF automatico a doppia azione<br \/>\nApertura: diapositiva con il pollice<br \/>\nMarca: MicroTech<br \/>\nModello: UTX-85<br \/>\nPaese di origine: Stati Uniti<br \/>\nMiglior utilizzo: tattico<\/p>\n<p><iframe title=\"Microtech Combat Troodon Torture Test\" width=\"800\" height=\"450\" src=\"https:\/\/www.youtube.com\/embed\/xE9TeOFYEjg?feature=oembed\" frameborder=\"0\" allow=\"accelerometer; autoplay; clipboard-write; encrypted-media; gyroscope; picture-in-picture; web-share\" referrerpolicy=\"strict-origin-when-cross-origin\" allowfullscreen><\/iframe><\/p>\n<p>&nbsp;<\/p>\n<p>&nbsp;<\/p>\n<p>L&#8217; <strong>UTX-70<\/strong> (15% pi\u00f9 piccolo dell&#8217;UTX-85) \u00e8 un mini coltello automatico anteriore a doppia azione di Microtech, uno dei pi\u00f9 facili da trasportare tutti i giorni. La dimensione ridotta \u00e8 perfetta per il taschino dell&#8217;orologio o anche per il trasporto di un portachiavi. Questa versione ha manici sagomati rossi e una lama Double Edge CTS-204P con finitura satinata.<\/p>\n<p>Nuovissimo direttamente da <strong>Microtech Knives<\/strong> , USA.<\/p>\n<p>Lama: dotata di una brillante finitura satinata a macchina, la lama a doppio taglio ha due taglienti lisci e affilati come rasoi. La lama a forma di pugnale \u00e8 realizzata in acciaio inossidabile americano CTS-204P ad alte prestazioni. La lama inferiore a 2,5 pollici (6,35 cm) \u00e8 dotata di un meccanismo di apertura e retrazione a doppia azione. \u00c8 sufficiente spostare lo scorrimento del pollice sul lato della maniglia verso l&#8217;alto per aprire e verso il basso per ritrarre. Una molla interna rimane a riposo sia in posizione aperta che chiusa per ridurre l&#8217;usura. L&#8217;azione \u00e8 fluida e veloce.<\/p>\n<p>Manico: l&#8217;alluminio 6061-T6 liscio e anodizzato rosso ha bordi arrotondati migliorati creando non solo una sensazione confortevole in mano, ma una transizione fluida dentro e fuori dalla tasca. Poich\u00e9 l&#8217; <strong>UTX-70<\/strong> \u00e8 molto pi\u00f9 piccolo e sottile, hanno eliminato le modifiche per un aspetto pi\u00f9 pulito. Questo \u00e8 un OTF automatico da gentiluomo. Il design della maniglia sagomata \u00e8 piacevole per le mani e gli occhi. La costruzione della maniglia \u00e8 completata dall&#8217;hardware proprietario Microtech, dall&#8217;estremit\u00e0 rompi-vetro e dalla clip da tasca sabbiata con numero di serie individuale\/data di produzione.<\/p>\n<p>CTS-204P: un acciaio inossidabile metallurgico delle polveri altamente resistente all&#8217;usura, CTS-204P offre alcuni dei livelli pi\u00f9 elevati di ritenzione dei bordi e resistenza alla corrosione disponibili. Il CTS-204P ha prestazioni simili al CPM-20CV e all&#8217;M390 di Bohler.<\/p>\n<p>Specifiche<br \/>\nSpecifiche<br \/>\nLunghezza totale 5,94&#8243;<br \/>\nLunghezza lama 2,41&#8243;<br \/>\nLunghezza affilata 2,25&#8243;<br \/>\nSpessore lama 0,08&#8243;<br \/>\nMateriale lama CTS-204P<br \/>\nTipo di lama inossidabile<br \/>\nLunghezza chiusa 3,53&#8243;<br \/>\nSpessore maniglia 0,32&#8243;<br \/>\nMateriale manico Alluminio<br \/>\nClip inossidabile<br \/>\nPeso 1,20 once.<br \/>\nPaese di produzione Stati Uniti<\/p>\n<p>&nbsp;<\/p>\n","protected":false},"excerpt":{"rendered":"<p>Nel corso degli anni, Microtech\u00ae Knives ha riempito i coltelli con passione e competenza per creare quasi opere d&#8217;arte che sono l&#8217;apice della funzionalit\u00e0. Tutte le parti sono prodotte negli Stati Uniti.<br \/>\n<strong>Tutti i coltelli Microtech sono coperti da una garanzia a vita.<\/strong><\/p>\n<p><strong>Trasporto gratuito.<\/strong><\/p>\n","protected":false},"featured_media":330026,"comment_status":"open","ping_status":"closed","template":"","meta":[],"pwb-brand":[3753],"product_brand":[],"product_cat":[3745,3748],"product_tag":[3755],"class_list":{"0":"post-330025","1":"product","2":"type-product","3":"status-publish","4":"has-post-thumbnail","6":"pwb-brand-microtecnologia-it","7":"product_cat-coltelli","8":"product_cat-coltelli-da-tiro","9":"product_tag-b2b-it","11":"first","12":"instock","13":"taxable","14":"shipping-taxable","15":"purchasable","16":"product-type-simple"},"brands":[{"id":3753,"name":"Microtecnologia","slug":"microtecnologia-it"}],"_links":{"self":[{"href":"https:\/\/www.moskito.cz\/it\/wp-json\/wp\/v2\/product\/330025","targetHints":{"allow":["GET"]}}],"collection":[{"href":"https:\/\/www.moskito.cz\/it\/wp-json\/wp\/v2\/product"}],"about":[{"href":"https:\/\/www.moskito.cz\/it\/wp-json\/wp\/v2\/types\/product"}],"replies":[{"embeddable":true,"href":"https:\/\/www.moskito.cz\/it\/wp-json\/wp\/v2\/comments?post=330025"}],"wp:featuredmedia":[{"embeddable":true,"href":"https:\/\/www.moskito.cz\/it\/wp-json\/wp\/v2\/media\/330026"}],"wp:attachment":[{"href":"https:\/\/www.moskito.cz\/it\/wp-json\/wp\/v2\/media?parent=330025"}],"wp:term":[{"taxonomy":"pwb-brand","embeddable":true,"href":"https:\/\/www.moskito.cz\/it\/wp-json\/wp\/v2\/pwb-brand?post=330025"},{"taxonomy":"product_brand","embeddable":true,"href":"https:\/\/www.moskito.cz\/it\/wp-json\/wp\/v2\/product_brand?post=330025"},{"taxonomy":"product_cat","embeddable":true,"href":"https:\/\/www.moskito.cz\/it\/wp-json\/wp\/v2\/product_cat?post=330025"},{"taxonomy":"product_tag","embeddable":true,"href":"https:\/\/www.moskito.cz\/it\/wp-json\/wp\/v2\/product_tag?post=330025"}],"curies":[{"name":"wp","href":"https:\/\/api.w.org\/{rel}","templated":true}]}}