{"id":330053,"date":"2023-12-13T19:46:20","date_gmt":"2024-04-12T08:49:26","guid":{"rendered":"https:\/\/www.moskito.cz\/produkt\/coltello-pieghevole-columbia-river-crkt-kinematic-provoke-karambit-4050\/"},"modified":"2025-05-07T11:10:08","modified_gmt":"2025-05-07T10:10:08","slug":"coltello-pieghevole-columbia-river-crkt-kinematic-provoke-karambit-4050","status":"publish","type":"product","link":"https:\/\/www.moskito.cz\/it\/produkt\/coltello-pieghevole-columbia-river-crkt-kinematic-provoke-karambit-4050\/","title":{"rendered":"Coltello pieghevole Columbia River CRKT Kinematic Provoke Karambit 4050"},"content":{"rendered":"<p>Coltello pieghevole Columbia River <strong>CRKT<\/strong> Kinematic Provoke Karambit 4050<\/p>\n<p>Servire. Difendere. Il coltello Provoke EDC si ispira al design antico del karambit, ma nasconde un segreto futuristico. Il primo coltello in assoluto con tecnologia Kinematic, rimane ben nascosto durante il trasporto e prende vita quando si verificano problemi.<\/p>\n<p>CRKT pensa che il designer Joe Caswell sia una specie di scienziato pazzo. Quando videro gli schizzi di quello che sarebbe diventato il Provoke EDC, progettato a Newbury Park, in California, sapevano che era destinato a diventare uno dei designer di coltelli pi\u00f9 innovativi che il mondo dei coltelli avesse mai visto. Modellata sul modello di un karambit tradizionale, la lama drop point D2 \u00e8 forgiata in acciaio D2 di prima qualit\u00e0 per un&#8217;elevata durata e un&#8217;eccellente ritenzione del filo.<\/p>\n<p>Il meccanismo di apertura trascina la cartella nel futuro, pronta o meno. La pressione del pollice sulla barra superiore innesca una reazione a catena, facendo entrare in azione la lama mentre si mantiene una presa salda sul manico. \u00c8 realizzato in alluminio aeronautico 6061 per la massima rigidit\u00e0. In vero stile Joe, anche la clip da tasca \u00e8 una novit\u00e0 mondiale: si trova quasi completamente a filo con la maniglia e si attiva anche con una leggera pressione del pollice.<\/p>\n<p>Provoke L&#8217;EDC \u00e8 potente quando viene chiamato in servizio.<\/p>\n<p>Come funziona la cinematica<br \/>\nSpingi il pollice nella traversa superiore, mentre le altre dita afferrano saldamente la maniglia, e la lama prende vita e scatta in posizione. Far scorrere la leva discreta alla base del passante per le dita e la lama si ritrae nella posizione chiusa.<\/p>\n<p>Funzione<br \/>\nLa cinematica distribuisce la lama premendo il pollice<br \/>\nLama in acciaio D2 per un&#8217;eccellente ritenzione della lama<br \/>\nLa maniglia in alluminio unisce robustezza e peso minimo<br \/>\nFibbia incassata per un uso sicuro<br \/>\nSpecifiche<br \/>\nLunghezza lama: 6,4 cm<br \/>\nLunghezza da chiuso: 11,65 cm<br \/>\nLunghezza totale: 18,12 cm<br \/>\nMateriale lama: acciaio per utensili D2<br \/>\nStile lama: punto di caduta<br \/>\nTrattamento superficiale della lama: satinato<br \/>\nMateriale manico: alluminio blu<br \/>\nMeccanismo di bloccaggio: Cinematico<br \/>\nClip da tasca: ribaltabile, da indossare a destra<br \/>\nPeso: 3,4 once.<br \/>\nProgettista: Joe Caswell<\/p>\n","protected":false},"excerpt":{"rendered":"<p><strong>PROGETTISTA: Joe Caswell<\/strong><br \/>\n<strong>Newbury Park, California<\/strong><br \/>\n<strong>Giornalista motociclistico. Saldatore per modelli di spade vichinghe. Inventore. Progettista di coltelli personalizzati. Si pu\u00f2 dire con certezza che Joe \u00e8 fatto di stoffa speciale. E ora pu\u00f2 aggiungere \u201cdisgregatore del settore\u201d al suo curriculum. Con il rilascio del Kinematic, continua a garantire la sua posizione tra i pi\u00f9 grandi coltelli del mondo. Dalle umili origini nella sua fucina fatta in casa nel garage del suo appartamento in affitto, si \u00e8 costruito un nome lavorando duro fino a tarda notte, e non vediamo l&#8217;ora di vedere cosa verr\u00e0 dopo dalla sua ispirata creativit\u00e0.<\/strong><\/p>\n","protected":false},"featured_media":330054,"comment_status":"open","ping_status":"closed","template":"","meta":[],"pwb-brand":[3763],"product_brand":[],"product_cat":[3745,3749],"product_tag":[3755],"class_list":{"0":"post-330053","1":"product","2":"type-product","3":"status-publish","4":"has-post-thumbnail","6":"pwb-brand-crkt-it","7":"product_cat-coltelli","8":"product_cat-coltelli-di-chiusura","9":"product_tag-b2b-it","11":"first","12":"instock","13":"taxable","14":"shipping-taxable","15":"purchasable","16":"product-type-simple"},"brands":[{"id":3763,"name":"CRKT","slug":"crkt-it"}],"_links":{"self":[{"href":"https:\/\/www.moskito.cz\/it\/wp-json\/wp\/v2\/product\/330053","targetHints":{"allow":["GET"]}}],"collection":[{"href":"https:\/\/www.moskito.cz\/it\/wp-json\/wp\/v2\/product"}],"about":[{"href":"https:\/\/www.moskito.cz\/it\/wp-json\/wp\/v2\/types\/product"}],"replies":[{"embeddable":true,"href":"https:\/\/www.moskito.cz\/it\/wp-json\/wp\/v2\/comments?post=330053"}],"wp:featuredmedia":[{"embeddable":true,"href":"https:\/\/www.moskito.cz\/it\/wp-json\/wp\/v2\/media\/330054"}],"wp:attachment":[{"href":"https:\/\/www.moskito.cz\/it\/wp-json\/wp\/v2\/media?parent=330053"}],"wp:term":[{"taxonomy":"pwb-brand","embeddable":true,"href":"https:\/\/www.moskito.cz\/it\/wp-json\/wp\/v2\/pwb-brand?post=330053"},{"taxonomy":"product_brand","embeddable":true,"href":"https:\/\/www.moskito.cz\/it\/wp-json\/wp\/v2\/product_brand?post=330053"},{"taxonomy":"product_cat","embeddable":true,"href":"https:\/\/www.moskito.cz\/it\/wp-json\/wp\/v2\/product_cat?post=330053"},{"taxonomy":"product_tag","embeddable":true,"href":"https:\/\/www.moskito.cz\/it\/wp-json\/wp\/v2\/product_tag?post=330053"}],"curies":[{"name":"wp","href":"https:\/\/api.w.org\/{rel}","templated":true}]}}