{"id":330759,"date":"2023-03-21T22:21:27","date_gmt":"2023-03-21T21:21:27","guid":{"rendered":"https:\/\/www.moskito.cz\/produkt\/coltello-di-chiusura-crkt-m21-14g\/"},"modified":"2025-05-07T11:10:24","modified_gmt":"2025-05-07T10:10:24","slug":"coltello-di-chiusura-crkt-m21-14g","status":"publish","type":"product","link":"https:\/\/www.moskito.cz\/it\/produkt\/coltello-di-chiusura-crkt-m21-14g\/","title":{"rendered":"Coltello di chiusura CRKT M21-14G"},"content":{"rendered":"<p>Coltello di chiusura <strong>CRKT<\/strong> M21-14G<\/p>\n<p><strong>Lavora avanti. Tutto il comfort nella parte posteriore.<\/strong><\/p>\n<p>La serie M21\u2122 G10 offre prestazioni di taglio impareggiabili con lame profonde nella parte anteriore e manici G10 leggeri, isolati e resistenti nella parte posteriore. Nel mezzo ci sei tu, felice e pronto ad assumere compiti.<\/p>\n<p>Il leggendario produttore di coltelli personalizzati Kit Carson ha progettato la serie M21\u2122. I suoi coltelli sono stati a lungo un punto fermo delle forze militari di tutto il mondo e Kit voleva creare un coltello premium che fosse tutto ci\u00f2 che si pu\u00f2 chiedere a una lama funzionante di alta qualit\u00e0, ma a un ottimo prezzo. Lo ha fatto con una linea di coltelli durevoli che sono abbastanza resistenti da gestire qualunque cosa la vita ti riservi.<br \/>\nSicuro e protetto: la sicurezza dell&#8217;inserimento automatico fornisce un ulteriore livello di sicurezza della serratura<br \/>\nApertura rapida: Il flipper estende rapidamente la lama<br \/>\nEstremamente affilato: Veff Serrations\u2122 fornisce eccellenti prestazioni di taglio per corde e cinghie<\/p>\n<p>SPECIFICHE<br \/>\nLunghezza lama 10,10 cm<br \/>\nBlade Edge Veff Serrations\u2122<br \/>\nLama in acciaio 1.4116<br \/>\nTrattamento superficiale della lama Rivestimento anticorrosione<br \/>\nSpessore lama 0,35 cm<br \/>\nLunghezza totale 23,65 cm<br \/>\nLunghezza da chiuso 13,55 cm<br \/>\nPeso 181,44 g<br \/>\nManiglia G10<br \/>\nElegante coltello pieghevole con Liner Lock<\/p>\n<p>&nbsp;<\/p>\n","protected":false},"excerpt":{"rendered":"<p><strong>Progettato da Kit Carson a Vine Grove, Kentucky<\/strong><\/p>\n","protected":false},"featured_media":330760,"comment_status":"open","ping_status":"closed","template":"","meta":[],"pwb-brand":[3763],"product_brand":[],"product_cat":[3749,3745],"product_tag":[3755],"class_list":{"0":"post-330759","1":"product","2":"type-product","3":"status-publish","4":"has-post-thumbnail","6":"pwb-brand-crkt-it","7":"product_cat-coltelli-di-chiusura","8":"product_cat-coltelli","9":"product_tag-b2b-it","11":"first","12":"instock","13":"taxable","14":"shipping-taxable","15":"purchasable","16":"product-type-simple"},"brands":[{"id":3763,"name":"CRKT","slug":"crkt-it"}],"_links":{"self":[{"href":"https:\/\/www.moskito.cz\/it\/wp-json\/wp\/v2\/product\/330759","targetHints":{"allow":["GET"]}}],"collection":[{"href":"https:\/\/www.moskito.cz\/it\/wp-json\/wp\/v2\/product"}],"about":[{"href":"https:\/\/www.moskito.cz\/it\/wp-json\/wp\/v2\/types\/product"}],"replies":[{"embeddable":true,"href":"https:\/\/www.moskito.cz\/it\/wp-json\/wp\/v2\/comments?post=330759"}],"wp:featuredmedia":[{"embeddable":true,"href":"https:\/\/www.moskito.cz\/it\/wp-json\/wp\/v2\/media\/330760"}],"wp:attachment":[{"href":"https:\/\/www.moskito.cz\/it\/wp-json\/wp\/v2\/media?parent=330759"}],"wp:term":[{"taxonomy":"pwb-brand","embeddable":true,"href":"https:\/\/www.moskito.cz\/it\/wp-json\/wp\/v2\/pwb-brand?post=330759"},{"taxonomy":"product_brand","embeddable":true,"href":"https:\/\/www.moskito.cz\/it\/wp-json\/wp\/v2\/product_brand?post=330759"},{"taxonomy":"product_cat","embeddable":true,"href":"https:\/\/www.moskito.cz\/it\/wp-json\/wp\/v2\/product_cat?post=330759"},{"taxonomy":"product_tag","embeddable":true,"href":"https:\/\/www.moskito.cz\/it\/wp-json\/wp\/v2\/product_tag?post=330759"}],"curies":[{"name":"wp","href":"https:\/\/api.w.org\/{rel}","templated":true}]}}