{"id":330802,"date":"2021-08-16T20:38:11","date_gmt":"2024-04-12T12:15:28","guid":{"rendered":"https:\/\/www.moskito.cz\/produkt\/coltello-chiudibile-civivi-dogma\/"},"modified":"2025-05-07T11:10:25","modified_gmt":"2025-05-07T10:10:25","slug":"coltello-chiudibile-civivi-dogma","status":"publish","type":"product","link":"https:\/\/www.moskito.cz\/it\/produkt\/coltello-chiudibile-civivi-dogma\/","title":{"rendered":"Coltello Chiudibile Civivi Dogma"},"content":{"rendered":"<p>Coltello Chiudibile <strong>Civivi<\/strong> Dogma.<\/p>\n<p>Lunghezza totale: 7,7&#8243;\/195,7 mm<br \/>\nLunghezza lama: 3,46&#8243;\/88 mm<br \/>\nLunghezza da chiuso: 107,7 mm<br \/>\nSpessore lama: 0,12 pollici\/3 mm<br \/>\nSpessore della maniglia: 0,47 pollici\/12 mm<br \/>\nPeso: 5,01 once \/ 144 g<\/p>\n<p>Materiale lama: D2<br \/>\nDurezza della lama: 59-61HRC<br \/>\nAffilatura della lama: cava<br \/>\nTrattamento superficiale della lama: satinato<\/p>\n<p>Materiale manico: ottone<br \/>\nColore\/finitura della maniglia: nero lucido<br \/>\nMateriale distanziale posteriore: G10<br \/>\nColore\/finitura distanziale posteriore: nero<br \/>\nMateriale inserto: acciaio inossidabile<br \/>\nColore\/finitura della fodera: grigio<\/p>\n<p>Clip da tasca: ribaltabile, L\/R<br \/>\nMateriale della clip: acciaio inossidabile<br \/>\nMateriale delle viti: acciaio inossidabile<br \/>\nAssemblaggio perno: cuscinetto a sfere in ceramica con gabbia<br \/>\nMeccanismo di bloccaggio: Liner Lock<\/p>\n<p>Progettista: CIVIVI<\/p>\n<p><strong>WE Knife<\/strong> Co. Ltd. (WE) si \u00e8 guadagnata la reputazione di fornire costantemente progetti innovativi prodotti con una qualit\u00e0 costantemente elevata attraverso una storia di fornitura costante di prodotti di successo. Grazie a questo, WE si \u00e8 affermata come il pi\u00f9 grande produttore cinese di coltelli di qualit\u00e0.<\/p>\n<p>In risposta alle esigenze del mercato, nel 2018 abbiamo introdotto il marchio CIVIVI, che si concentra specificamente sull&#8217;offerta di una linea di prodotti EDC funzionali, utili a prezzi pi\u00f9 convenienti.<\/p>\n<p>Combinando i valori fondamentali di WE di design innovativo e produzione di qualit\u00e0 con materiali come G10, carbonio e D2, acciai inossidabili e damasco, i prodotti CIVIVI offrono ai propri utenti valore e prestazioni senza compromessi.<\/p>\n<p>I coltelli CIVIVI hanno un bell&#8217;aspetto, si sentono bene, funzionano bene e portano a termine il lavoro. Come i loro fratelli WE Knife, sono <strong>\u201cMADE BETTER\u201d<\/strong><\/p>\n","protected":false},"excerpt":{"rendered":"<p>Il marchio <strong>CIVIVI<\/strong> \u00e8 presente sul mercato da oltre 20 anni e produce coltelli della massima qualit\u00e0 e pi\u00f9 diversificati a prezzi pi\u00f9 convenienti.<\/p>\n","protected":false},"featured_media":330816,"comment_status":"open","ping_status":"closed","template":"","meta":[],"pwb-brand":[3860],"product_brand":[],"product_cat":[3745,3749],"product_tag":[],"class_list":{"0":"post-330802","1":"product","2":"type-product","3":"status-publish","4":"has-post-thumbnail","6":"pwb-brand-coltello-civivi","7":"product_cat-coltelli","8":"product_cat-coltelli-di-chiusura","10":"first","11":"outofstock","12":"taxable","13":"shipping-taxable","14":"purchasable","15":"product-type-simple"},"brands":[{"id":3860,"name":"Coltello CIVIVI","slug":"coltello-civivi"}],"_links":{"self":[{"href":"https:\/\/www.moskito.cz\/it\/wp-json\/wp\/v2\/product\/330802","targetHints":{"allow":["GET"]}}],"collection":[{"href":"https:\/\/www.moskito.cz\/it\/wp-json\/wp\/v2\/product"}],"about":[{"href":"https:\/\/www.moskito.cz\/it\/wp-json\/wp\/v2\/types\/product"}],"replies":[{"embeddable":true,"href":"https:\/\/www.moskito.cz\/it\/wp-json\/wp\/v2\/comments?post=330802"}],"wp:featuredmedia":[{"embeddable":true,"href":"https:\/\/www.moskito.cz\/it\/wp-json\/wp\/v2\/media\/330816"}],"wp:attachment":[{"href":"https:\/\/www.moskito.cz\/it\/wp-json\/wp\/v2\/media?parent=330802"}],"wp:term":[{"taxonomy":"pwb-brand","embeddable":true,"href":"https:\/\/www.moskito.cz\/it\/wp-json\/wp\/v2\/pwb-brand?post=330802"},{"taxonomy":"product_brand","embeddable":true,"href":"https:\/\/www.moskito.cz\/it\/wp-json\/wp\/v2\/product_brand?post=330802"},{"taxonomy":"product_cat","embeddable":true,"href":"https:\/\/www.moskito.cz\/it\/wp-json\/wp\/v2\/product_cat?post=330802"},{"taxonomy":"product_tag","embeddable":true,"href":"https:\/\/www.moskito.cz\/it\/wp-json\/wp\/v2\/product_tag?post=330802"}],"curies":[{"name":"wp","href":"https:\/\/api.w.org\/{rel}","templated":true}]}}