{"id":330888,"date":"2023-09-28T10:58:55","date_gmt":"2023-09-28T09:58:55","guid":{"rendered":"https:\/\/www.moskito.cz\/produkt\/coltello-fisso-crkt-razel-nax-2014\/"},"modified":"2025-12-16T16:32:31","modified_gmt":"2025-12-16T15:32:31","slug":"coltello-fisso-crkt-razel-nax-2014","status":"publish","type":"product","link":"https:\/\/www.moskito.cz\/it\/produkt\/coltello-fisso-crkt-razel-nax-2014\/","title":{"rendered":"Coltello Fisso CRKT Razel Nax 2014"},"content":{"rendered":"<div class=\"flex-1 overflow-hidden @container\/thread\">\n<div class=\"h-full\">\n<div class=\"react-scroll-to-bottom--css-vxybp-79elbk h-full\">\n<div class=\"react-scroll-to-bottom--css-vxybp-1n7m0yu\">\n<div class=\"flex flex-col text-sm\">\n<article class=\"w-full scroll-mb-[var(--thread-trailing-height,150px)] text-token-text-primary focus-visible:outline-2 focus-visible:outline-offset-[-4px]\" dir=\"auto\" data-testid=\"conversation-turn-21\" data-scroll-anchor=\"true\">\n<div class=\"m-auto text-base py-[18px] px-3 md:px-4 w-full md:px-5 lg:px-4 xl:px-5\">\n<div class=\"mx-auto flex flex-1 gap-4 text-base md:gap-5 lg:gap-6 md:max-w-3xl\">\n<div class=\"group\/conversation-turn relative flex w-full min-w-0 flex-col agent-turn\">\n<div class=\"flex-col gap-1 md:gap-3\">\n<div class=\"flex max-w-full flex-col flex-grow\">\n<div class=\"min-h-8 text-message flex w-full flex-col items-end gap-2 whitespace-normal break-words text-start [.text-message+&amp;]:mt-5\" dir=\"auto\" data-message-author-role=\"assistant\" data-message-id=\"50053920-659a-4807-af7a-eb3fd3869101\" data-message-model-slug=\"gpt-4o-mini\">\n<div class=\"flex w-full flex-col gap-1 empty:hidden first:pt-[3px]\">\n<div class=\"markdown prose w-full break-words dark:prose-invert light\">\n<h3><strong>Coltello Fisso CRKT Razel Nax 2014<\/strong><\/h3>\n<p><strong>Il CRKT Razel Nax 2014<\/strong> \u00e8 uno <strong>strumento ibrido<\/strong> progettato per chi ha bisogno di uno <strong>strumento potente e versatile<\/strong> per i <strong>compiti pi\u00f9 impegnativi<\/strong>. Questo coltello combina i vantaggi di <g id=\"gid_4\">uno scalpello<\/g> e di un&#8217;<g id=\"gid_5\">ascia<\/g> in un unico strumento, rendendolo la scelta ideale per <g id=\"gid_6\">sminuzzare<\/g>, <g id=\"gid_7\">raschiare<\/g>, <g id=\"gid_8\">tagliare<\/g> e <g id=\"gid_9\">forare<\/g>. Costruito per i <strong>lavori pi\u00f9 impegnativi<\/strong>, il Razel\u2122 Nax \u00e8 pensato per i professionisti e gli appassionati che hanno bisogno di uno strumento abbastanza resistente per i lavori pi\u00f9 pesanti.  <\/p>\n<hr>\n<h3><strong>Propriet\u00e0 chiave:<\/strong><\/h3>\n<ul>\n<li><strong>La robustezza forgiata dell&#8217;acciaio 1075<\/strong>: la lama \u00e8 realizzata in <strong>acciaio 1075<\/strong>, un <strong>acciaio al carbonio<\/strong> noto per la sua eccellente <strong>durata<\/strong> e la capacit\u00e0 di <strong>mantenere il filo<\/strong> anche in caso di uso intenso. Questo tipo di acciaio \u00e8 ideale per gli utensili sottoposti a forti sollecitazioni, come ad esempio la triturazione e la raschiatura. <\/li>\n<li><strong>Lama a scalpello multiuso<\/strong>: la lama \u00e8 <strong>a forma di scalpello<\/strong>, quindi \u00e8 ideale per attivit\u00e0 che richiedono <strong>tagli di precisione<\/strong>, <strong>raschiatura<\/strong> e persino <strong>foratura<\/strong>. Questo design consente di esercitare <strong>una pressione migliore<\/strong> e di <strong>resistere agli impatti pi\u00f9 duri<\/strong> durante l&#8217;uso intenso rispetto ai normali coltelli. <\/li>\n<li><strong>Manico in Micarta forte e visivamente accattivante<\/strong>: il manico \u00e8 realizzato in <strong>Micarta<\/strong>, un materiale molto resistente che offre un&#8217;eccellente <strong>presa<\/strong> e <strong>resistenza all&#8217;umidit\u00e0<\/strong>. Questo materiale ha anche un bellissimo aspetto visivo che migliora nel tempo e aggiunge un carattere unico al coltello. <\/li>\n<li><strong>Fodero in Kydex resistente<\/strong>: il coltello \u00e8 dotato di un <strong>fodero in Kydex<\/strong> che offre <strong>un&#8217;elevata protezione<\/strong> della lama ed \u00e8 <strong>compatibile con l&#8217;attrezzatura<\/strong>, in modo da poter essere facilmente agganciato a una cintura o a uno zaino. Il fodero \u00e8 dotato di un <strong>passante in pelle<\/strong> che fissa <strong>saldamente<\/strong> il <strong>coltello<\/strong> all&#8217;interno e ne garantisce <strong>il trasporto in tutta sicurezza<\/strong>. <\/li>\n<\/ul>\n<hr>\n<h3><strong>Specifiche:<\/strong><\/h3>\n<ul>\n<li><strong>La lama<\/strong>: Acciaio al carbonio <strong>1075<\/strong><\/li>\n<li><strong>Bordo della lama<\/strong>: <strong>Plain<\/strong> (lama liscia, ideale per tagli di precisione e raschiatura)<\/li>\n<li><strong>Finitura<\/strong>: <strong>Stonewash<\/strong> (resistente all&#8217;usura, aspetto elegante)<\/li>\n<li><strong>Lunghezza della lama<\/strong>: 10,90 cm<\/li>\n<li><strong>Spessore della lama<\/strong>: 0,498 cm<\/li>\n<li><strong>Lunghezza complessiva<\/strong>: 27,94 cm<\/li>\n<li><strong>Peso<\/strong>: 320,35 g<\/li>\n<li><strong>Materiale dell&#8217;impugnatura<\/strong>: <strong>micarta<\/strong> (alta resistenza e ottima presa)<\/li>\n<li><strong>Custodia<\/strong>: <strong>Kydex<\/strong> con <strong>passante in pelle<\/strong> per un trasporto sicuro<\/li>\n<\/ul>\n<hr>\n<h3><strong>Utilizzo:<\/strong><\/h3>\n<ul>\n<li><strong>Tritare e raschiare<\/strong>: grazie alla sua <strong>lama a forma di scalpello<\/strong>, questo coltello \u00e8 ideale per <strong>tritare materiali duri<\/strong> come il legno o vari materiali da esterno. Pu\u00f2 essere utilizzato anche per <strong>raschiare<\/strong> quando \u00e8 necessario rimuovere gli strati pi\u00f9 spessi di materiale. <\/li>\n<li><strong>Heavy Duty<\/strong>: <strong>Razel\u2122 Nax<\/strong> \u00e8 ideale per le attivit\u00e0 pi\u00f9 pesanti che richiedono <strong>grande forza e durata<\/strong>. Ad esempio, quando si <strong>lavora nei cantieri<\/strong>, si <strong>tagliano fibre spesse<\/strong> o si <strong>svolgono attivit\u00e0 all&#8217;aperto<\/strong>. <\/li>\n<li><strong>Campeggio e sopravvivenza<\/strong>: Questo coltello \u00e8 stato progettato per essere efficace in <strong>condizioni estreme<\/strong>, il che lo rende uno strumento eccellente per le <strong>attivit\u00e0 all&#8217;aperto<\/strong>, il <strong>campeggio<\/strong> o le <strong>situazioni di sopravvivenza<\/strong> in cui \u00e8 necessario uno <strong>strumento versatile<\/strong>.<\/li>\n<li><strong>Giardinaggio e riparazioni<\/strong>: se hai bisogno di <strong>riparazioni o aggiustamenti<\/strong> all&#8217;aperto, in giardino o in officina, questo coltello \u00e8 la scelta ideale grazie alla sua lama resistente e al manico confortevole.<\/li>\n<\/ul>\n<hr>\n<h3><strong>Conclusione:<\/strong><\/h3>\n<p><strong>Il CRKT Razel Nax 2014<\/strong> \u00e8 uno strumento che combina forza e versatilit\u00e0, ideale per i compiti pi\u00f9 impegnativi. Con una <g id=\"gid_1\">lama a scalpello<\/g>, <g id=\"gid_2\">acciaio 1075<\/g> e <g id=\"gid_3\">manico in Micarta<\/g>, questo coltello \u00e8 costruito per il lavoro duro, sia che si tratti di sminuzzare, tagliare o raschiare. <g id=\"gid_4\">Il fodero in Kydex<\/g> garantisce un trasporto pratico e sicuro, rendendo questo coltello un ottimo strumento per qualsiasi lavoro in cui sia necessario uno <g id=\"gid_5\">strumento potente e affidabile<\/g>. Se stai cercando un coltello da lavoro <strong>di grandi dimensioni<\/strong> in grado di affrontare qualsiasi sfida, il <strong>Razel Nax 2014<\/strong> \u00e8 un&#8217;ottima scelta.  <\/p>\n<\/div>\n<\/div>\n<\/div>\n<\/div>\n<div class=\"mb-2 flex gap-3 empty:hidden -ml-2\">\n<div class=\"items-center justify-start rounded-xl p-1 flex\">\n<div class=\"flex items-center\"><\/div>\n<\/div>\n<\/div>\n<div class=\"pr-2 lg:pr-0\"><\/div>\n<div class=\"mt-3 w-full empty:hidden\">\n<div class=\"text-center\"><\/div>\n<\/div>\n<\/div>\n<div class=\"absolute\">\n<div class=\"flex items-center justify-center\"><\/div>\n<\/div>\n<\/div>\n<\/div>\n<\/div>\n<\/article>\n<\/div>\n<\/div>\n<\/div>\n<\/div>\n<\/div>\n<div class=\"md:pt-0 dark:border-white\/20 md:border-transparent md:dark:border-transparent w-full\">\n<div>\n<div class=\"m-auto text-base px-3 md:px-4 w-full md:px-5 lg:px-4 xl:px-5\">\n<div class=\"mx-auto flex flex-1 gap-4 text-base md:gap-5 lg:gap-6 md:max-w-3xl\">\n<div class=\"flex justify-center\"><\/div>\n<\/div>\n<\/div>\n<\/div>\n<\/div>\n<p><iframe title=\"CRKT Razel\u2122 Nax | Jon Graham Design\" width=\"800\" height=\"450\" src=\"https:\/\/www.youtube.com\/embed\/ffqB_dRiCMI?feature=oembed\" frameborder=\"0\" allow=\"accelerometer; autoplay; clipboard-write; encrypted-media; gyroscope; picture-in-picture; web-share\" referrerpolicy=\"strict-origin-when-cross-origin\" allowfullscreen><\/iframe><\/p>\n<p><iframe title=\"The Razel\u2122 Story: A Conversation with Jon Graham\" width=\"800\" height=\"450\" src=\"https:\/\/www.youtube.com\/embed\/0f997UN9uhQ?feature=oembed\" frameborder=\"0\" allow=\"accelerometer; autoplay; clipboard-write; encrypted-media; gyroscope; picture-in-picture; web-share\" referrerpolicy=\"strict-origin-when-cross-origin\" allowfullscreen><\/iframe><\/p>\n<p>&nbsp;<\/p>\n","protected":false},"excerpt":{"rendered":"<div class=\"flex max-w-full flex-col flex-grow\">\n<div class=\"min-h-8 text-message flex w-full flex-col items-end gap-2 whitespace-normal break-words text-start [.text-message+&amp;]:mt-5\" dir=\"auto\" data-message-author-role=\"assistant\" data-message-id=\"50053920-659a-4807-af7a-eb3fd3869101\" data-message-model-slug=\"gpt-4o-mini\">\n<div class=\"flex w-full flex-col gap-1 empty:hidden first:pt-[3px]\">\n<div class=\"markdown prose w-full break-words dark:prose-invert light\">\n<p><strong>Il CRKT Razel Nax 2014 \u00e8 uno strumento che combina forza e versatilit\u00e0, ideale per i compiti pi\u00f9 impegnativi. Con una lama a forma di scalpello, acciaio 1075 e manico in Micarta, questo coltello \u00e8 costruito per i lavori pi\u00f9 duri, sia che si tratti di sminuzzare, tagliare o raschiare. Il fodero in Kydex garantisce un trasporto pratico e sicuro, rendendo questo coltello un ottimo strumento per qualsiasi lavoro in cui sia necessario uno strumento potente e affidabile. Se stai cercando un coltello da lavoro di grandi dimensioni in grado di affrontare qualsiasi sfida, il Razel Nax 2014 \u00e8 un&#8217;ottima scelta.   <\/strong><\/p>\n<\/div>\n<\/div>\n<\/div>\n<\/div>\n<div class=\"mb-2 flex gap-3 empty:hidden -ml-2\">\n<div class=\"items-center justify-start rounded-xl p-1 flex\">\n<div class=\"flex items-center\"><\/div>\n<\/div>\n<\/div>\n<div class=\"pr-2 lg:pr-0\"><\/div>\n","protected":false},"featured_media":330898,"comment_status":"open","ping_status":"closed","template":"","meta":[],"pwb-brand":[3763],"product_brand":[],"product_cat":[3746,3745],"product_tag":[3755],"class_list":{"0":"post-330888","1":"product","2":"type-product","3":"status-publish","4":"has-post-thumbnail","6":"pwb-brand-crkt-it","7":"product_cat-coltelli-solidi","8":"product_cat-coltelli","9":"product_tag-b2b-it","11":"first","12":"outofstock","13":"taxable","14":"shipping-taxable","15":"purchasable","16":"product-type-simple"},"brands":[{"id":3763,"name":"CRKT","slug":"crkt-it"}],"_links":{"self":[{"href":"https:\/\/www.moskito.cz\/it\/wp-json\/wp\/v2\/product\/330888","targetHints":{"allow":["GET"]}}],"collection":[{"href":"https:\/\/www.moskito.cz\/it\/wp-json\/wp\/v2\/product"}],"about":[{"href":"https:\/\/www.moskito.cz\/it\/wp-json\/wp\/v2\/types\/product"}],"replies":[{"embeddable":true,"href":"https:\/\/www.moskito.cz\/it\/wp-json\/wp\/v2\/comments?post=330888"}],"wp:featuredmedia":[{"embeddable":true,"href":"https:\/\/www.moskito.cz\/it\/wp-json\/wp\/v2\/media\/330898"}],"wp:attachment":[{"href":"https:\/\/www.moskito.cz\/it\/wp-json\/wp\/v2\/media?parent=330888"}],"wp:term":[{"taxonomy":"pwb-brand","embeddable":true,"href":"https:\/\/www.moskito.cz\/it\/wp-json\/wp\/v2\/pwb-brand?post=330888"},{"taxonomy":"product_brand","embeddable":true,"href":"https:\/\/www.moskito.cz\/it\/wp-json\/wp\/v2\/product_brand?post=330888"},{"taxonomy":"product_cat","embeddable":true,"href":"https:\/\/www.moskito.cz\/it\/wp-json\/wp\/v2\/product_cat?post=330888"},{"taxonomy":"product_tag","embeddable":true,"href":"https:\/\/www.moskito.cz\/it\/wp-json\/wp\/v2\/product_tag?post=330888"}],"curies":[{"name":"wp","href":"https:\/\/api.w.org\/{rel}","templated":true}]}}