{"id":330926,"date":"2022-08-21T11:43:52","date_gmt":"2022-08-21T10:43:52","guid":{"rendered":"https:\/\/www.moskito.cz\/produkt\/coltello-di-chiusura-crkt-m16-14zlek\/"},"modified":"2025-05-07T11:10:28","modified_gmt":"2025-05-07T10:10:28","slug":"coltello-di-chiusura-crkt-m16-14zlek","status":"publish","type":"product","link":"https:\/\/www.moskito.cz\/it\/produkt\/coltello-di-chiusura-crkt-m16-14zlek\/","title":{"rendered":"Coltello di chiusura CRKT M16-14ZLEK"},"content":{"rendered":"<div class=\"flex-1 overflow-hidden @container\/thread\">\n<div class=\"h-full\">\n<div class=\"react-scroll-to-bottom--css-vxybp-79elbk h-full\">\n<div class=\"react-scroll-to-bottom--css-vxybp-1n7m0yu\">\n<div class=\"flex flex-col text-sm\">\n<article class=\"w-full scroll-mb-[var(--thread-trailing-height,150px)] text-token-text-primary focus-visible:outline-2 focus-visible:outline-offset-[-4px]\" dir=\"auto\" data-testid=\"conversation-turn-271\" data-scroll-anchor=\"true\">\n<div class=\"m-auto text-base py-[18px] px-3 md:px-4 w-full md:px-5 lg:px-4 xl:px-5\">\n<div class=\"mx-auto flex flex-1 gap-4 text-base md:gap-5 lg:gap-6 md:max-w-3xl\">\n<div class=\"group\/conversation-turn relative flex w-full min-w-0 flex-col agent-turn\">\n<div class=\"flex-col gap-1 md:gap-3\">\n<div class=\"flex max-w-full flex-col flex-grow\">\n<div class=\"min-h-8 text-message flex w-full flex-col items-end gap-2 whitespace-normal break-words text-start [.text-message+&amp;]:mt-5\" dir=\"auto\" data-message-author-role=\"assistant\" data-message-id=\"525b3088-61fc-4e8d-944e-1698c90937bf\" data-message-model-slug=\"gpt-4o-mini\">\n<div class=\"flex w-full flex-col gap-1 empty:hidden first:pt-[3px]\">\n<div class=\"markdown prose w-full break-words dark:prose-invert light\">\n<p><strong>Coltello di chiusura CRKT M16-14ZLEK<\/strong><\/p>\n<p><strong>Il CRKT M16-14ZLEK<\/strong> \u00e8 un modello eccezionale della serie M16 di Kit Carson, progettato per gli utenti esigenti che necessitano di un coltello con caratteristiche professionali e propriet\u00e0 eccellenti per garantire sicurezza ed efficienza. Questo coltello coniuga design robusto, materiali di qualit\u00e0 e funzionalit\u00e0 tattica, rendendolo ideale per operatori sul campo, soccorritori, militari e personale di sicurezza. <\/p>\n<h3><strong>Caratteristiche principali e specifiche:<\/strong><\/h3>\n<ol>\n<li><strong>Lunghezza lama<\/strong> : 3,75&#8243; (95,25 mm)\n<ul>\n<li>La lunghezza della lama \u00e8 ideale per lavori di emergenza e per l&#8217;uso quotidiano, offrendo una lunghezza sufficiente per tutti i lavori che richiedono forza e precisione.<\/li>\n<\/ul>\n<\/li>\n<li><strong>Bordo della lama<\/strong> : <strong>dentellature a tripla punta\u2122<\/strong>\n<ul>\n<li>Triple Point\u2122 \u00e8 un esclusivo design seghettato che garantisce eccellenti propriet\u00e0 di taglio per un&#8217;ampia gamma di materiali, come corde, tele, fili o vegetazione, rendendolo ideale per l&#8217;uso in situazioni impegnative.<\/li>\n<\/ul>\n<\/li>\n<li><strong>Materiale della lama<\/strong> : <strong>acciaio AUS 8<\/strong>\n<ul>\n<li>L&#8217;acciaio AUS 8 \u00e8 durevole, ha un alto contenuto di carbonio e offre una lama di alta qualit\u00e0 che mantiene la sua affilatura a lungo, pur essendo facile da affilare. Questo acciaio \u00e8 ideale per un&#8217;ampia gamma di attivit\u00e0, dalla lavorazione di materiali fibrosi ai lavori pi\u00f9 pesanti. <\/li>\n<\/ul>\n<\/li>\n<li><strong>Trattamento superficiale della lama<\/strong> : <strong>nitruro di titanio<\/strong>\n<ul>\n<li>Il trattamento superficiale al nitruro di titanio garantisce un&#8217;elevata resistenza alla corrosione e ai graffi. La lama mantiene a lungo il suo aspetto e la sua funzionalit\u00e0 e offre anche una migliore resistenza all&#8217;usura. <\/li>\n<\/ul>\n<\/li>\n<li><strong>Spessore della lama<\/strong> : 0,14&#8243; (3,51 mm)\n<ul>\n<li>Lo spessore della lama conferisce al coltello la resistenza necessaria per i lavori pi\u00f9 pesanti, ma consente anche la flessibilit\u00e0 necessaria per un taglio preciso.<\/li>\n<\/ul>\n<\/li>\n<li><strong>Lunghezza totale<\/strong> : 9,25&#8243; (234,95 mm)\n<ul>\n<li>Questo coltello \u00e8 sufficientemente grande da garantire una presa salda e stabilit\u00e0 quando utilizzato in situazioni impegnative, ma \u00e8 comunque abbastanza compatto da poter essere portato tutti i giorni.<\/li>\n<\/ul>\n<\/li>\n<li><strong>Lunghezza chiusa<\/strong> : 5,50&#8243; (139,70 mm)\n<ul>\n<li>Questo coltello \u00e8 compatto e facile da trasportare. Grazie alla lunghezza da chiuso, il coltello \u00e8 sufficientemente piccolo da stare in tasca o appeso alla cintura, risultando facile da trasportare. <\/li>\n<\/ul>\n<\/li>\n<li><strong>Peso<\/strong> : 6,20 once (175,77 g)\n<ul>\n<li>Questo modello \u00e8 robusto ma allo stesso tempo sufficientemente leggero da poter essere trasportato comodamente. Con un peso di 6,2 once, garantisce la resistenza necessaria per svolgere i compiti pi\u00f9 impegnativi. <\/li>\n<\/ul>\n<\/li>\n<li><strong>Manico<\/strong> : <strong>nylon rinforzato con fibra di vetro<\/strong>\n<ul>\n<li>L&#8217;impugnatura \u00e8 realizzata in nylon resistente rinforzato con fibra di vetro, che garantisce elevata resistenza e resistenza agli urti. Questo materiale \u00e8 anche leggero e offre una presa comoda e sicura. <\/li>\n<\/ul>\n<\/li>\n<li><strong>Stile del coltello<\/strong> : <strong>coltello pieghevole con blocco liner<\/strong>\n<ul>\n<li>Il coltello \u00e8 dotato di un affidabile meccanismo di blocco della lama che la blocca saldamente in posizione quando viene aperta e riduce al minimo il rischio di chiusura involontaria durante l&#8217;uso.<\/li>\n<\/ul>\n<\/li>\n<\/ol>\n<h3><strong>Caratteristiche e vantaggi speciali:<\/strong><\/h3>\n<ol>\n<li><strong>Taglia cinture di sicurezza e rompi finestrini<\/strong> :\n<ul>\n<li>Questo modello \u00e8 dotato di uno speciale carburo di tungsteno sul retro che viene utilizzato per rompere rapidamente i finestrini laterali delle auto, caratteristica fondamentale per i soccorritori, i vigili del fuoco o i servizi di emergenza che si trovano ad affrontare situazioni di emergenza.<\/li>\n<li>Il tagliacinture aiuta a liberare in modo rapido e sicuro una persona in caso di incidente o altro pericolo.<\/li>\n<\/ul>\n<\/li>\n<li><strong>Inserto di sicurezza automatico<\/strong> :\n<ul>\n<li>Questo modello \u00e8 dotato di un inserto di sicurezza automatico che aggiunge un ulteriore livello di protezione contro la chiusura accidentale della lama. Il perno tra l&#8217;inserto di bloccaggio e il telaio rende il lucchetto pi\u00f9 resistente e meno soggetto ad allentarsi durante l&#8217;uso. <\/li>\n<\/ul>\n<\/li>\n<li><strong>Pinna per apertura rapida con una sola mano<\/strong> :\n<ul>\n<li>Il Carson Flipper \u00e8 progettato per un&#8217;apertura rapida ed efficiente del coltello con una sola mano, il che risulta molto utile in situazioni in cui la velocit\u00e0 \u00e8 fondamentale, come nelle operazioni di soccorso o tattiche.<\/li>\n<\/ul>\n<\/li>\n<li><strong>Fibbia a quattro posizioni<\/strong> :\n<ul>\n<li>La clip per coltello consente diversi stili di trasporto, garantendo flessibilit\u00e0 e comfort durante il trasporto. Pu\u00f2 essere fissato alla cintura o alla cinghia in quattro posizioni diverse: con la punta rivolta verso il basso, a sinistra o a destra. <\/li>\n<\/ul>\n<\/li>\n<li><strong>Rivestimento tattico nero<\/strong> :\n<ul>\n<li>La finitura nera \u00e8 resistente e non riflette la luce, il che \u00e8 vantaggioso per le applicazioni tattiche in cui la furtivit\u00e0 \u00e8 importante.<\/li>\n<\/ul>\n<\/li>\n<\/ol>\n<h3><strong>Utilizzo:<\/strong><\/h3>\n<ul>\n<li><strong>Situazioni di salvataggio e di emergenza<\/strong> : dotato di un taglierino per cinture di sicurezza e di un rompi-vetri in carburo, questo coltello \u00e8 ideale per soccorritori, vigili del fuoco e chiunque si trovi in \u200b\u200bsituazioni pericolose o di crisi in cui \u00e8 richiesta una risposta rapida.<\/li>\n<li><strong>Trasporto quotidiano (EDC)<\/strong> : il design pieghevole e i meccanismi di sicurezza rendono questo coltello ideale per il trasporto quotidiano quando si desidera avere a portata di mano uno strumento affidabile per una variet\u00e0 di attivit\u00e0.<\/li>\n<li><strong>Uso tattico e militare<\/strong> : eccellente per usi militari, di polizia o tattici in cui affidabilit\u00e0 e apertura rapida sono essenziali.<\/li>\n<li><strong>Attivit\u00e0 all&#8217;aperto<\/strong> : il coltello \u00e8 ottimo anche per il campeggio, l&#8217;escursionismo e altre attivit\u00e0 all&#8217;aperto in cui \u00e8 necessario uno strumento affidabile per tagliare o preparare il materiale.<\/li>\n<\/ul>\n<h3><strong>Conclusione:<\/strong><\/h3>\n<p><strong>Il CRKT M16-14ZLEK<\/strong> \u00e8 un coltello robusto e multifunzionale progettato per l&#8217;uso professionale, soprattutto in situazioni di emergenza. Unisce un design eccellente, materiali di qualit\u00e0 e caratteristiche speciali che lo rendono uno strumento prezioso per i soccorritori, le forze militari e per l&#8217;uso quotidiano. Se cercate un coltello che offra non solo eccellenti propriet\u00e0 di taglio ma che sia anche uno strumento utile in situazioni di emergenza, questo modello \u00e8 la scelta ideale.  <\/p>\n<\/div>\n<\/div>\n<\/div>\n<\/div>\n<div class=\"mb-2 flex gap-3 empty:hidden -ml-2\">\n<div class=\"items-center justify-start rounded-xl p-1 flex\">\n<div class=\"flex items-center\"><\/div>\n<\/div>\n<\/div>\n<div class=\"pr-2 lg:pr-0\"><\/div>\n<\/div>\n<\/div>\n<\/div>\n<\/div>\n<\/article>\n<\/div>\n<\/div>\n<\/div>\n<\/div>\n<\/div>\n<p><iframe title=\"CRKT M16-14ZLEK Knife Designed by Kit Carson\" width=\"800\" height=\"450\" src=\"https:\/\/www.youtube.com\/embed\/fG33eU9Egpc?feature=oembed\" frameborder=\"0\" allow=\"accelerometer; autoplay; clipboard-write; encrypted-media; gyroscope; picture-in-picture; web-share\" referrerpolicy=\"strict-origin-when-cross-origin\" allowfullscreen><\/iframe><\/p>\n<p>&nbsp;<\/p>\n<p>&nbsp;<\/p>\n<p>&nbsp;<\/p>\n","protected":false},"excerpt":{"rendered":"<div class=\"flex max-w-full flex-col flex-grow\">\n<div class=\"min-h-8 text-message flex w-full flex-col items-end gap-2 whitespace-normal break-words text-start [.text-message+&amp;]:mt-5\" dir=\"auto\" data-message-author-role=\"assistant\" data-message-id=\"525b3088-61fc-4e8d-944e-1698c90937bf\" data-message-model-slug=\"gpt-4o-mini\">\n<div class=\"flex w-full flex-col gap-1 empty:hidden first:pt-[3px]\">\n<div class=\"markdown prose w-full break-words dark:prose-invert light\">\n<p><strong>Il CRKT M16-14ZLEK \u00e8 un coltello robusto e multifunzionale progettato per l&#8217;uso professionale, soprattutto in situazioni di emergenza. Unisce un design eccellente, materiali di qualit\u00e0 e caratteristiche speciali che lo rendono uno strumento prezioso per i soccorritori, le forze militari e per l&#8217;uso quotidiano. Se cercate un coltello che offra non solo eccellenti propriet\u00e0 di taglio ma che sia anche uno strumento utile in situazioni di emergenza, questo modello \u00e8 la scelta ideale.  <\/strong><\/p>\n<\/div>\n<\/div>\n<\/div>\n<\/div>\n<div class=\"mb-2 flex gap-3 empty:hidden -ml-2\">\n<div class=\"items-center justify-start rounded-xl p-1 flex\">\n<div class=\"flex items-center\"><\/div>\n<\/div>\n<\/div>\n<div class=\"pr-2 lg:pr-0\"><\/div>\n","protected":false},"featured_media":330927,"comment_status":"open","ping_status":"closed","template":"","meta":[],"pwb-brand":[3763],"product_brand":[],"product_cat":[3749,3745],"product_tag":[3755],"class_list":{"0":"post-330926","1":"product","2":"type-product","3":"status-publish","4":"has-post-thumbnail","6":"pwb-brand-crkt-it","7":"product_cat-coltelli-di-chiusura","8":"product_cat-coltelli","9":"product_tag-b2b-it","11":"first","12":"instock","13":"taxable","14":"shipping-taxable","15":"purchasable","16":"product-type-simple"},"brands":[{"id":3763,"name":"CRKT","slug":"crkt-it"}],"_links":{"self":[{"href":"https:\/\/www.moskito.cz\/it\/wp-json\/wp\/v2\/product\/330926","targetHints":{"allow":["GET"]}}],"collection":[{"href":"https:\/\/www.moskito.cz\/it\/wp-json\/wp\/v2\/product"}],"about":[{"href":"https:\/\/www.moskito.cz\/it\/wp-json\/wp\/v2\/types\/product"}],"replies":[{"embeddable":true,"href":"https:\/\/www.moskito.cz\/it\/wp-json\/wp\/v2\/comments?post=330926"}],"wp:featuredmedia":[{"embeddable":true,"href":"https:\/\/www.moskito.cz\/it\/wp-json\/wp\/v2\/media\/330927"}],"wp:attachment":[{"href":"https:\/\/www.moskito.cz\/it\/wp-json\/wp\/v2\/media?parent=330926"}],"wp:term":[{"taxonomy":"pwb-brand","embeddable":true,"href":"https:\/\/www.moskito.cz\/it\/wp-json\/wp\/v2\/pwb-brand?post=330926"},{"taxonomy":"product_brand","embeddable":true,"href":"https:\/\/www.moskito.cz\/it\/wp-json\/wp\/v2\/product_brand?post=330926"},{"taxonomy":"product_cat","embeddable":true,"href":"https:\/\/www.moskito.cz\/it\/wp-json\/wp\/v2\/product_cat?post=330926"},{"taxonomy":"product_tag","embeddable":true,"href":"https:\/\/www.moskito.cz\/it\/wp-json\/wp\/v2\/product_tag?post=330926"}],"curies":[{"name":"wp","href":"https:\/\/api.w.org\/{rel}","templated":true}]}}