{"id":331206,"date":"2021-07-29T22:11:44","date_gmt":"2024-04-12T13:10:03","guid":{"rendered":"https:\/\/www.moskito.cz\/produkt\/crkt-berserker-ascia\/"},"modified":"2025-05-07T11:10:35","modified_gmt":"2025-05-07T10:10:35","slug":"crkt-berserker-ascia","status":"publish","type":"product","link":"https:\/\/www.moskito.cz\/it\/produkt\/crkt-berserker-ascia\/","title":{"rendered":"CRKT BERSERKER Ascia"},"content":{"rendered":"<p><strong>CRKT<\/strong> BERSERKER Ascia.<\/p>\n<p>Progettato da Ryan Johnson di RMJ Tactical a Chattanooga, Tennessee<br \/>\nUn grido di battaglia sotto forma di un&#8217;ascia.<\/p>\n<p>Guarda un&#8217;ascia in stile Berserker \u2122 \/ bur-zur-kr \/ vichingo e sai che ci saranno problemi. Il lungo tagliente del coltello dell&#8217;ascia barbuta \u00e8 un compagno potente.<br \/>\nForgiato resistente: l&#8217;acciaio al carbonio 1055 garantisce durata e ritenzione del bordo<br \/>\nProtezione migliorata: il rivestimento nero migliora la resistenza alla corrosione<br \/>\nDurevole: il Tennessee Hickory \u00e8 un materiale denso che resiste a un uso intenso<br \/>\nPi\u00f9 che tagliare: la barba sulla testa dell&#8217;ascia svolge molti utili compiti di taglio<\/p>\n<p>SPECIFICHE<br \/>\nLunghezza lama 4,65 pollici (118,06 mm)<br \/>\nBlade Edge Un&#8217;ascia con un martello<br \/>\nLama in acciaio Acciaio al carbonio 1055<br \/>\nFinitura lama Rivestimento in fosfato di manganese<br \/>\nSpessore lama 1,57&#8243; (39,95 mm)<br \/>\nPeso 0,94 chilogrammi<br \/>\nManico in noce americano Tennessee<br \/>\nStile ascia<\/p>\n<p>CRKT\u00ae (Columbia River Knife and Tool\u00ae) \u00e8 stata fondata nel 1994. Fin dal primo giorno, ha messo al primo posto l\u2019innovazione e l\u2019integrit\u00e0. Si impegna a realizzare coltelli e strumenti che ispirino e durino. Lavora con i migliori designer del mondo e lavora secondo un principio semplice: la cosa pi\u00f9 grande che pu\u00f2 dare ai clienti \u00e8 la fiducia nelle sue mani.<\/p>\n","protected":false},"excerpt":{"rendered":"<p>Ascia Berserker <strong>CRKT<\/strong> .<\/p>\n","protected":false},"featured_media":331210,"comment_status":"open","ping_status":"closed","template":"","meta":[],"pwb-brand":[3763],"product_brand":[],"product_cat":[3733],"product_tag":[3755],"class_list":{"0":"post-331206","1":"product","2":"type-product","3":"status-publish","4":"has-post-thumbnail","6":"pwb-brand-crkt-it","7":"product_cat-assi","8":"product_tag-b2b-it","10":"first","11":"instock","12":"taxable","13":"shipping-taxable","14":"purchasable","15":"product-type-simple"},"brands":[{"id":3763,"name":"CRKT","slug":"crkt-it"}],"_links":{"self":[{"href":"https:\/\/www.moskito.cz\/it\/wp-json\/wp\/v2\/product\/331206","targetHints":{"allow":["GET"]}}],"collection":[{"href":"https:\/\/www.moskito.cz\/it\/wp-json\/wp\/v2\/product"}],"about":[{"href":"https:\/\/www.moskito.cz\/it\/wp-json\/wp\/v2\/types\/product"}],"replies":[{"embeddable":true,"href":"https:\/\/www.moskito.cz\/it\/wp-json\/wp\/v2\/comments?post=331206"}],"wp:featuredmedia":[{"embeddable":true,"href":"https:\/\/www.moskito.cz\/it\/wp-json\/wp\/v2\/media\/331210"}],"wp:attachment":[{"href":"https:\/\/www.moskito.cz\/it\/wp-json\/wp\/v2\/media?parent=331206"}],"wp:term":[{"taxonomy":"pwb-brand","embeddable":true,"href":"https:\/\/www.moskito.cz\/it\/wp-json\/wp\/v2\/pwb-brand?post=331206"},{"taxonomy":"product_brand","embeddable":true,"href":"https:\/\/www.moskito.cz\/it\/wp-json\/wp\/v2\/product_brand?post=331206"},{"taxonomy":"product_cat","embeddable":true,"href":"https:\/\/www.moskito.cz\/it\/wp-json\/wp\/v2\/product_cat?post=331206"},{"taxonomy":"product_tag","embeddable":true,"href":"https:\/\/www.moskito.cz\/it\/wp-json\/wp\/v2\/product_tag?post=331206"}],"curies":[{"name":"wp","href":"https:\/\/api.w.org\/{rel}","templated":true}]}}