{"id":331351,"date":"2022-09-17T14:10:35","date_gmt":"2024-04-12T13:38:27","guid":{"rendered":"https:\/\/www.moskito.cz\/produkt\/coltello-solid-crkt-clever-girl-2709\/"},"modified":"2025-05-07T11:10:39","modified_gmt":"2025-05-07T10:10:39","slug":"coltello-solid-crkt-clever-girl-2709","status":"publish","type":"product","link":"https:\/\/www.moskito.cz\/it\/produkt\/coltello-solid-crkt-clever-girl-2709\/","title":{"rendered":"Coltello Solid CRKT CLEVER GIRL 2709"},"content":{"rendered":"<p>Coltello Solid <strong>CRKT<\/strong> CLEVER GIRL 2709.<\/p>\n<p>Forgiati per apparire al meglio quando le cose si mettono male. Quando ti trovi in \u200b\u200buna situazione di combattimento oscuro, non vuoi un bell&#8217;ambiente CQB. Vuoi qualcosa che puoi disegnare velocemente e usare istintivamente. Ecco il coltello tattico a lama fissa con lama rialzata Clever Girl\u2122.<\/p>\n<p>Nell&#8217;ambito del programma Forged By War\u00ae, Austin McGlaun di Columbus, Georgia, ha progettato la Clever Girl\u2122. \u00c8 in linea con la sua filosofia secondo cui un coltello \u00e8 pi\u00f9 di uno strumento. \u00c8 un deterrente psicologico molto diverso da una pistola. Dice molto rapidamente all&#8217;aggressore che fai sul serio. Clever Girl\u2122 \u00e8 stata creata affinch\u00e9 tu possa prenderla, usarla quando necessario e poi tornare a casa dalla tua famiglia.<\/p>\n<p>Con una lama nera verniciata a polvere, \u00e8 un coltello che \u00e8 tutta una questione di funzionalit\u00e0. \u00c8 qui per proteggerti e riportare a casa il Soldato al termine della sua pattuglia, sul campo, in missione o in ambienti ad alto stress. Basta afferrare la solida maniglia del G10, che fornisce una presa eccezionale, ed estrarlo dalla custodia. Quindi lascia che il tuo corpo funzioni con il pilota automatico.<\/p>\n<p>Non vuoi che una bella ragazza ti guardi le spalle quando lotti per la tua vita. Vuoi Clever Girl\u2122.<\/p>\n<p>Informazioni su Forged By War\u00ae<\/p>\n<p>Nel 2013, Ryan Johnson di RMJ Tactical, un progettista di tomahawk tattici militari d&#8217;\u00e9lite, si \u00e8 rivolto a CRKT\u00ae con la notizia che aveva lavorato con diversi veterani di guerra tornati dalla guerra con vari gradi di stress post-traumatico (PTS). .<\/p>\n<p>Per aiutarli a superare le sfide, hanno progettato e forgiato l&#8217;acciaio per realizzare i propri strumenti. Basandosi sull&#8217;esperienza acquisita in situazioni di combattimento, hanno creato gli strumenti che desideravano avere a disposizione sul campo di battaglia.<\/p>\n<p>CRKT\u00ae ha a cuore il ritorno dei nostri veterani e abbiamo visto un modo per restituire qualcosa alla comunit\u00e0 che li ha creati. Nel 2016 abbiamo lanciato il programma Forged By War\u00ae.<\/p>\n<p>Si tratta di strumenti pronti per la missione, progettati da veterani, con una parte del ricavato donato all&#8217;ente di beneficenza scelto dai veterani.<\/p>\n<p>SPECIFICHE<br \/>\nLunghezza lama 4,60&#8243; (116,84 mm)<br \/>\nLama Lama liscia<br \/>\nLama in acciaio SK-5<br \/>\nTrattamento superficiale della lama con verniciatura a polvere<br \/>\nSpessore lama 0,16&#8243; (4,01 mm)<br \/>\nLunghezza totale 10,13&#8243; (257,18 mm)<br \/>\nPeso 6,30 once (178,60 g)<br \/>\nManiglia G10<br \/>\nStyle Coltello a lama fissa con fodero<br \/>\nMateriale della calotta Termoplastico<br \/>\nPeso del guscio 1,60 once (45,36 g)<\/p>\n<p><iframe title=\"Forged By War:  Clever Girl Knife by Austin McGlaun\" width=\"800\" height=\"450\" src=\"https:\/\/www.youtube.com\/embed\/mquAgNleDpc?feature=oembed\" frameborder=\"0\" allow=\"accelerometer; autoplay; clipboard-write; encrypted-media; gyroscope; picture-in-picture; web-share\" referrerpolicy=\"strict-origin-when-cross-origin\" allowfullscreen><\/iframe><\/p>\n<p>&nbsp;<\/p>\n","protected":false},"excerpt":{"rendered":"<p>Progettato da Austin McGlaun a Columbus, in Georgia.<\/p>\n","protected":false},"featured_media":331352,"comment_status":"open","ping_status":"closed","template":"","meta":[],"pwb-brand":[3763],"product_brand":[],"product_cat":[3746,3745],"product_tag":[3755],"class_list":{"0":"post-331351","1":"product","2":"type-product","3":"status-publish","4":"has-post-thumbnail","6":"pwb-brand-crkt-it","7":"product_cat-coltelli-solidi","8":"product_cat-coltelli","9":"product_tag-b2b-it","11":"first","12":"instock","13":"taxable","14":"shipping-taxable","15":"purchasable","16":"product-type-simple"},"brands":[{"id":3763,"name":"CRKT","slug":"crkt-it"}],"_links":{"self":[{"href":"https:\/\/www.moskito.cz\/it\/wp-json\/wp\/v2\/product\/331351","targetHints":{"allow":["GET"]}}],"collection":[{"href":"https:\/\/www.moskito.cz\/it\/wp-json\/wp\/v2\/product"}],"about":[{"href":"https:\/\/www.moskito.cz\/it\/wp-json\/wp\/v2\/types\/product"}],"replies":[{"embeddable":true,"href":"https:\/\/www.moskito.cz\/it\/wp-json\/wp\/v2\/comments?post=331351"}],"wp:featuredmedia":[{"embeddable":true,"href":"https:\/\/www.moskito.cz\/it\/wp-json\/wp\/v2\/media\/331352"}],"wp:attachment":[{"href":"https:\/\/www.moskito.cz\/it\/wp-json\/wp\/v2\/media?parent=331351"}],"wp:term":[{"taxonomy":"pwb-brand","embeddable":true,"href":"https:\/\/www.moskito.cz\/it\/wp-json\/wp\/v2\/pwb-brand?post=331351"},{"taxonomy":"product_brand","embeddable":true,"href":"https:\/\/www.moskito.cz\/it\/wp-json\/wp\/v2\/product_brand?post=331351"},{"taxonomy":"product_cat","embeddable":true,"href":"https:\/\/www.moskito.cz\/it\/wp-json\/wp\/v2\/product_cat?post=331351"},{"taxonomy":"product_tag","embeddable":true,"href":"https:\/\/www.moskito.cz\/it\/wp-json\/wp\/v2\/product_tag?post=331351"}],"curies":[{"name":"wp","href":"https:\/\/api.w.org\/{rel}","templated":true}]}}