{"id":331384,"date":"2023-12-15T20:58:39","date_gmt":"2024-04-12T13:39:57","guid":{"rendered":"https:\/\/www.moskito.cz\/produkt\/coltello-fisso-columbia-river-crkt-bugsy-stonewashed-3600\/"},"modified":"2025-05-07T11:10:39","modified_gmt":"2025-05-07T10:10:39","slug":"coltello-fisso-columbia-river-crkt-bugsy-stonewashed-3600","status":"publish","type":"product","link":"https:\/\/www.moskito.cz\/it\/produkt\/coltello-fisso-columbia-river-crkt-bugsy-stonewashed-3600\/","title":{"rendered":"Coltello fisso Columbia River CRKT Bugsy Stonewashed 3600"},"content":{"rendered":"<p>Coltello fisso Columbia River <strong>CRKT<\/strong> Bugsy Stonewashed 3600<\/p>\n<p>Nato nella giungla e prodotto negli Stati Uniti, il Fixed Blade <strong>Bugsy<\/strong> \u00e8 il primo coltello CRKT del coltellinaio personalizzato e sopravvissuto Kaila Cumings. Con la portabilit\u00e0 e il comfort come obiettivi di progettazione primari, la maniglia \u00e8 il pi\u00f9 compatta possibile senza sacrificare l&#8217;ergonomia e il cordino incluso fornisce una presa extra. Bugsy prende il nome in parte dalla prima apparizione di Kaila in &#8220;Naked and Afraid&#8221; di Discovery, che la lasci\u00f2 coperta dalla testa ai piedi di punture di insetti nella giungla colombiana. Ma c&#8217;\u00e8 anche un collegamento pi\u00f9 allegro con il nome: \u00e8 il soprannome di sua figlia.<\/p>\n<p>Bugsy \u00e8 una lama fissa compatta premium disponibile in due versioni per soddisfare le diverse esigenze degli appassionati di outdoor. Scegli tra una lama stonewash con filo liscio, manico in Micarta, con fodero in cuoio; oppure una lama rivestita in Cerakote nera con seghettature Veff, impugnatura G10 nera abbinata e fodero Kydex.<\/p>\n<p>Entrambi i modelli sono realizzati negli Stati Uniti in acciaio al carbonio 1095 per resistenza e ritenzione dei bordi. La lama da quasi 4 pollici ha una pancia grande, che la rende adatta alla caccia, con le Serrature Veff che scambiano parte della lunghezza della lama con la capacit\u00e0 di tagliare la corda. Con gli obiettivi principali del design di portabilit\u00e0 e comfort, la maniglia \u00e8 il pi\u00f9 compatta possibile senza sacrificare l&#8217;ergonomia e il cordino incluso fornisce una presa extra.<\/p>\n<p>Cresciuta nelle zone rurali del New Hampshire, Kaila si innamor\u00f2 della vita all&#8217;aria aperta sulla scia di suo padre che la portava a caccia, pesca e campeggio, cosa che l&#8217;ha aiutata a instillare le capacit\u00e0 di sopravvivenza in giovane et\u00e0. Ci\u00f2 alla fine port\u00f2 a una carriera come coltello e sopravvissuto professionista, apparendo tre volte in &#8220;Naked and Afraid&#8221; di Discovery, uno spettacolo in cui i concorrenti si difendevano da soli in luoghi remoti per 21 giorni e notti.<\/p>\n<p>Fabbricato negli Usa<br \/>\nL&#8217;acciaio al carbonio 1095 garantisce durata e ritenzione dei bordi<br \/>\nLa maniglia Micarta unisce forza e appeal visivo<br \/>\nIl portachiavi \u00e8 dotato di una maniglia estesa per un maggiore controllo<br \/>\nFondina in pelle pieno fiore resistente di alta qualit\u00e0 con passante per cintura<\/p>\n<p>Specifiche<br \/>\nLunghezza lama: 9,6 cm<br \/>\nLunghezza manico: 9,28 cm<br \/>\nLunghezza totale: 18,89 cm<br \/>\nMateriale lama: acciaio ad alto tenore di carbonio 1095<br \/>\nSpessore lama: 0,38 cm<br \/>\nStile lama: punto di caduta<br \/>\nTrattamento superficiale della lama: Stonewash<br \/>\nMateriale manico: Micarta marrone<br \/>\nMateriale della custodia: pelle<br \/>\nPeso: 4,30 once (121,90 g)<br \/>\nPeso con custodia: 7,10 once. (201,28 g)<br \/>\nProgettista: Kaila Cummings<br \/>\nProdotto negli Stati Uniti da TOPS Knives<\/p>\n<p><iframe title=\"CRKT BUGSY\u2122 I Kaila Cumings Design\" width=\"800\" height=\"450\" src=\"https:\/\/www.youtube.com\/embed\/ObJ9Jpv211A?feature=oembed\" frameborder=\"0\" allow=\"accelerometer; autoplay; clipboard-write; encrypted-media; gyroscope; picture-in-picture; web-share\" referrerpolicy=\"strict-origin-when-cross-origin\" allowfullscreen><\/iframe><\/p>\n<p>&nbsp;<\/p>\n","protected":false},"excerpt":{"rendered":"<p><strong>PROGETTISTA: Kaila Cumings<\/strong><br \/>\n<strong>Brattleboro, Vermont<\/strong><br \/>\n<strong>Avventuriera per tutta la vita, Kaila Cumings \u00e8 cresciuta campeggiando e cacciando nei boschi del New Hampshire rurale. Kaila \u00e8 una creatrice di coltelli personalizzati che lavora a mano nella forgia e nell&#8217;incudine, lascia che sia il metallo a guidarla e vive secondo il motto secondo cui non esistono lame rotte, solo coltelli pi\u00f9 piccoli.<\/strong><\/p>\n","protected":false},"featured_media":331385,"comment_status":"open","ping_status":"closed","template":"","meta":[],"pwb-brand":[3763],"product_brand":[],"product_cat":[3745,3746],"product_tag":[3755],"class_list":{"0":"post-331384","1":"product","2":"type-product","3":"status-publish","4":"has-post-thumbnail","6":"pwb-brand-crkt-it","7":"product_cat-coltelli","8":"product_cat-coltelli-solidi","9":"product_tag-b2b-it","11":"first","12":"instock","13":"taxable","14":"shipping-taxable","15":"purchasable","16":"product-type-simple"},"brands":[{"id":3763,"name":"CRKT","slug":"crkt-it"}],"_links":{"self":[{"href":"https:\/\/www.moskito.cz\/it\/wp-json\/wp\/v2\/product\/331384","targetHints":{"allow":["GET"]}}],"collection":[{"href":"https:\/\/www.moskito.cz\/it\/wp-json\/wp\/v2\/product"}],"about":[{"href":"https:\/\/www.moskito.cz\/it\/wp-json\/wp\/v2\/types\/product"}],"replies":[{"embeddable":true,"href":"https:\/\/www.moskito.cz\/it\/wp-json\/wp\/v2\/comments?post=331384"}],"wp:featuredmedia":[{"embeddable":true,"href":"https:\/\/www.moskito.cz\/it\/wp-json\/wp\/v2\/media\/331385"}],"wp:attachment":[{"href":"https:\/\/www.moskito.cz\/it\/wp-json\/wp\/v2\/media?parent=331384"}],"wp:term":[{"taxonomy":"pwb-brand","embeddable":true,"href":"https:\/\/www.moskito.cz\/it\/wp-json\/wp\/v2\/pwb-brand?post=331384"},{"taxonomy":"product_brand","embeddable":true,"href":"https:\/\/www.moskito.cz\/it\/wp-json\/wp\/v2\/product_brand?post=331384"},{"taxonomy":"product_cat","embeddable":true,"href":"https:\/\/www.moskito.cz\/it\/wp-json\/wp\/v2\/product_cat?post=331384"},{"taxonomy":"product_tag","embeddable":true,"href":"https:\/\/www.moskito.cz\/it\/wp-json\/wp\/v2\/product_tag?post=331384"}],"curies":[{"name":"wp","href":"https:\/\/api.w.org\/{rel}","templated":true}]}}