{"id":331642,"date":"2022-09-14T19:42:17","date_gmt":"2024-04-12T13:53:16","guid":{"rendered":"https:\/\/www.moskito.cz\/produkt\/coltello-fisso-crkt-tailbone-2415\/"},"modified":"2025-05-07T11:10:43","modified_gmt":"2025-05-07T10:10:43","slug":"coltello-fisso-crkt-tailbone-2415","status":"publish","type":"product","link":"https:\/\/www.moskito.cz\/it\/produkt\/coltello-fisso-crkt-tailbone-2415\/","title":{"rendered":"Coltello Fisso CRKT TAILBONE 2415"},"content":{"rendered":"<p>Coltello Fisso <strong>CRKT<\/strong> TAILBONE 2415.<\/p>\n<p>Pu\u00f2 sembrare una lama solida, ma c&#8217;\u00e8 di pi\u00f9. A prima vista, il coltello da esterno a lama fissa Tailbone\u2122 sembra un normale coltello da collo con manico avvolto in paracord. Ma prende vita nella mano. Il manico a catena della macchina si muove per un&#8217;ottima ergonomia, ma rimane perfettamente fisso durante il taglio o l&#8217;affettatura. \u00c8 altamente utilizzabile e completamente inaspettato.<\/p>\n<p>Nel nostro mondo, la biomimetica, ovvero progetti ispirati al mondo naturale, sono ovunque. TJ Schwarz di Boise, Idaho, ha preso in prestito questo concetto quando ha progettato il manico di un coltello a lama fissa basato sulla spina di pesce. TJ non si tira mai indietro davanti a una nuova idea audace. TJ ha creato il Tailbone\u2122 con una semplice lama con punta stonewashed e un manico che spazza via le convenzioni dall&#8217;acqua. Il manico flessibile si muove verticalmente e si adatta alla presa o al petto quando indossato come coltello da collo senza consentire alcun gioco orizzontale. \u00c8 avvolto in paracord per una presa migliore con un&#8217;ampia apertura per le dita e tubazioni per il controllo. Il robusto fodero stampato ad iniezione si attacca facilmente allo zaino o diventa rapidamente un coltello da collo.<\/p>\n<p>Tailbone\u2122 \u00e8 tutto ci\u00f2 che ti aspettavi e tutto ci\u00f2 che Madre Natura non era.<\/p>\n<p>SPECIFICHE<br \/>\nLunghezza lama 2,13&#8243; (53,98 mm)<br \/>\nLama Lama liscia<br \/>\nLama in acciaio 8Cr13MoV<br \/>\nFinitura lama Stonewash<br \/>\nSpessore lama 0,15&#8243; (3,91 mm)<br \/>\nLunghezza totale 6,31&#8243; (160,35 mm)<br \/>\nPeso 2,00 once (56,70 g)<br \/>\nManiglia Acciaio al carbonio avvolto con corda<br \/>\nStyle Coltello a lama fissa con fodero<br \/>\nMateriale della calotta Termoplastico<br \/>\nPeso del guscio 1,00 once (28,35 g)<\/p>\n<p><iframe title=\"CRKT TAILBONE\u2122 | T.J. Schwarz Design\" width=\"800\" height=\"450\" src=\"https:\/\/www.youtube.com\/embed\/_nRDhu-pd_w?feature=oembed\" frameborder=\"0\" allow=\"accelerometer; autoplay; clipboard-write; encrypted-media; gyroscope; picture-in-picture; web-share\" referrerpolicy=\"strict-origin-when-cross-origin\" allowfullscreen><\/iframe><\/p>\n<p>&nbsp;<\/p>\n","protected":false},"excerpt":{"rendered":"<p>Progettato da TJ Schwarz a Boise, Idaho.<\/p>\n","protected":false},"featured_media":331643,"comment_status":"open","ping_status":"closed","template":"","meta":[],"pwb-brand":[3763],"product_brand":[],"product_cat":[3746,3745],"product_tag":[3755],"class_list":{"0":"post-331642","1":"product","2":"type-product","3":"status-publish","4":"has-post-thumbnail","6":"pwb-brand-crkt-it","7":"product_cat-coltelli-solidi","8":"product_cat-coltelli","9":"product_tag-b2b-it","11":"first","12":"instock","13":"sale","14":"taxable","15":"shipping-taxable","16":"purchasable","17":"product-type-simple"},"brands":[{"id":3763,"name":"CRKT","slug":"crkt-it"}],"_links":{"self":[{"href":"https:\/\/www.moskito.cz\/it\/wp-json\/wp\/v2\/product\/331642","targetHints":{"allow":["GET"]}}],"collection":[{"href":"https:\/\/www.moskito.cz\/it\/wp-json\/wp\/v2\/product"}],"about":[{"href":"https:\/\/www.moskito.cz\/it\/wp-json\/wp\/v2\/types\/product"}],"replies":[{"embeddable":true,"href":"https:\/\/www.moskito.cz\/it\/wp-json\/wp\/v2\/comments?post=331642"}],"wp:featuredmedia":[{"embeddable":true,"href":"https:\/\/www.moskito.cz\/it\/wp-json\/wp\/v2\/media\/331643"}],"wp:attachment":[{"href":"https:\/\/www.moskito.cz\/it\/wp-json\/wp\/v2\/media?parent=331642"}],"wp:term":[{"taxonomy":"pwb-brand","embeddable":true,"href":"https:\/\/www.moskito.cz\/it\/wp-json\/wp\/v2\/pwb-brand?post=331642"},{"taxonomy":"product_brand","embeddable":true,"href":"https:\/\/www.moskito.cz\/it\/wp-json\/wp\/v2\/product_brand?post=331642"},{"taxonomy":"product_cat","embeddable":true,"href":"https:\/\/www.moskito.cz\/it\/wp-json\/wp\/v2\/product_cat?post=331642"},{"taxonomy":"product_tag","embeddable":true,"href":"https:\/\/www.moskito.cz\/it\/wp-json\/wp\/v2\/product_tag?post=331642"}],"curies":[{"name":"wp","href":"https:\/\/api.w.org\/{rel}","templated":true}]}}