{"id":331848,"date":"2024-04-12T15:22:10","date_gmt":"2024-04-12T14:23:38","guid":{"rendered":"https:\/\/www.moskito.cz\/produkt\/coltello-di-chiusura-crkt-ceo-flipper-7097rx\/"},"modified":"2025-05-07T11:10:47","modified_gmt":"2025-05-07T10:10:47","slug":"coltello-di-chiusura-crkt-ceo-flipper-7097rx","status":"publish","type":"product","link":"https:\/\/www.moskito.cz\/it\/produkt\/coltello-di-chiusura-crkt-ceo-flipper-7097rx\/","title":{"rendered":"Coltello di chiusura CRKT CEO Flipper 7097RX"},"content":{"rendered":"<p data-pm-slice=\"1 1 []\">\ud83d\udd2a <strong>Coltello pieghevole CRKT CEO Flipper 7097RX<\/strong><\/p>\n<p>L&#8217;elegante e pratico coltello pieghevole CRKT CEO Flipper 7097RX ripropone il design collaudato della popolare serie CEO in un&#8217;elegante finitura rossa. Questo coltello \u00e8 stato progettato per essere portato tutti i giorni e coniuga un look minimalista con la massima funzionalit\u00e0. <\/p>\n<p>\ud83e\uddf7 <strong>Specifiche:<\/strong><\/p>\n<ul data-spread=\"false\">\n<li>Lunghezza totale: 190 mm<\/li>\n<li>Lunghezza lama: 79 mm<\/li>\n<li>Spessore lama: 2,5 mm<\/li>\n<li>Peso: 60 g<\/li>\n<li>Materiale della lama: 8Cr13MoV<\/li>\n<li>Durezza della lama: 58\u201360 HRC<\/li>\n<li>Finitura superficiale: satinata<\/li>\n<li>Forma della lama: punta a goccia<\/li>\n<li>Materiale dell&#8217;impugnatura: nylon rinforzato con fibra di vetro (GRN)<\/li>\n<li>Colore della maniglia: Rosso<\/li>\n<li>Apertura: Flipper con meccanismo a cuscinetto<\/li>\n<li>Bloccaggio: Blocco liner<\/li>\n<li>Clip da tasca: S\u00ec, reversibile (lato destro\/sinistro)<\/li>\n<\/ul>\n<p>\u2699\ufe0f <strong>Vantaggi:<\/strong><\/p>\n<ul data-spread=\"false\">\n<li>Compatto e leggero: ideale per il trasporto quotidiano (EDC)<\/li>\n<li>Ottimo design: aspetto elegante in un ambiente aziendale o urbano<\/li>\n<li>Il sistema di pinne e cuscinetti consente un&#8217;apertura fluida e rapida con una sola mano<\/li>\n<li>Lama a punta cadente con finitura satinata: eccellenti prestazioni di taglio e facile manutenzione<\/li>\n<li>Robusto blocco del rivestimento per un utilizzo sicuro<\/li>\n<\/ul>\n<p>\ud83e\uddfc <strong>Affilatura e manutenzione:<\/strong> la lama in acciaio 8Cr13MoV pu\u00f2 essere facilmente affilata con i comuni sistemi di affilatura: consigliamo pietre ad acqua o bacchette in ceramica. Per far s\u00ec che il meccanismo funzioni senza intoppi, pulire regolarmente il giunto e aggiungere di tanto in tanto una goccia d&#8217;olio. <\/p>\n<p>\ud83c\udfaf <strong>Uso e scopo:<\/strong> il coltello \u00e8 la scelta ideale per i professionisti che desiderano uno strumento discreto ma elegante per le attivit\u00e0 quotidiane. \u00c8 perfetto per gli ambienti urbani, l&#8217;ufficio e per i viaggi. <\/p>\n<p>\ud83d\udce6 <strong>Contenuto della confezione:<\/strong><\/p>\n<ul data-spread=\"false\">\n<li>CRKT CEO Flipper 7097RX<\/li>\n<li>Elegante scatola di carta<\/li>\n<\/ul>\n<p>Conclusione <strong>:<\/strong> desideri un coltello che si adatti al tuo stile, che sia leggero come una piuma ma che sappia affrontare le sfide quotidiane? Il CRKT CEO Flipper 7097RX \u00e8 il partner che non ti intralcer\u00e0 mai, ma sar\u00e0 sempre a portata di mano. Aggiungi alla tua collezione un pezzo elegante, pratico e decisamente imperdibile. Non esitate, le scorte sono limitate!   <\/p>\n<p>&nbsp;<\/p>\n<p>&nbsp;<\/p>\n<p>&nbsp;<\/p>\n","protected":false},"excerpt":{"rendered":"<p><strong>Desideri un coltello che si adatti al tuo stile, che sia leggero come una piuma ma che sappia affrontare le sfide quotidiane? Il CRKT CEO Flipper 7097RX \u00e8 il partner che non ti intralcer\u00e0 mai, ma sar\u00e0 sempre a portata di mano. Aggiungi alla tua collezione un pezzo elegante, pratico e decisamente imperdibile. Non esitate, le scorte sono limitate!   <\/strong><\/p>\n<p>&nbsp;<\/p>\n<p>&nbsp;<\/p>\n","protected":false},"featured_media":331794,"comment_status":"open","ping_status":"closed","template":"","meta":[],"pwb-brand":[3763],"product_brand":[],"product_cat":[3745,3749],"product_tag":[3755],"class_list":{"0":"post-331848","1":"product","2":"type-product","3":"status-publish","4":"has-post-thumbnail","6":"pwb-brand-crkt-it","7":"product_cat-coltelli","8":"product_cat-coltelli-di-chiusura","9":"product_tag-b2b-it","11":"first","12":"outofstock","13":"taxable","14":"shipping-taxable","15":"purchasable","16":"product-type-simple"},"brands":[{"id":3763,"name":"CRKT","slug":"crkt-it"}],"_links":{"self":[{"href":"https:\/\/www.moskito.cz\/it\/wp-json\/wp\/v2\/product\/331848","targetHints":{"allow":["GET"]}}],"collection":[{"href":"https:\/\/www.moskito.cz\/it\/wp-json\/wp\/v2\/product"}],"about":[{"href":"https:\/\/www.moskito.cz\/it\/wp-json\/wp\/v2\/types\/product"}],"replies":[{"embeddable":true,"href":"https:\/\/www.moskito.cz\/it\/wp-json\/wp\/v2\/comments?post=331848"}],"wp:featuredmedia":[{"embeddable":true,"href":"https:\/\/www.moskito.cz\/it\/wp-json\/wp\/v2\/media\/331794"}],"wp:attachment":[{"href":"https:\/\/www.moskito.cz\/it\/wp-json\/wp\/v2\/media?parent=331848"}],"wp:term":[{"taxonomy":"pwb-brand","embeddable":true,"href":"https:\/\/www.moskito.cz\/it\/wp-json\/wp\/v2\/pwb-brand?post=331848"},{"taxonomy":"product_brand","embeddable":true,"href":"https:\/\/www.moskito.cz\/it\/wp-json\/wp\/v2\/product_brand?post=331848"},{"taxonomy":"product_cat","embeddable":true,"href":"https:\/\/www.moskito.cz\/it\/wp-json\/wp\/v2\/product_cat?post=331848"},{"taxonomy":"product_tag","embeddable":true,"href":"https:\/\/www.moskito.cz\/it\/wp-json\/wp\/v2\/product_tag?post=331848"}],"curies":[{"name":"wp","href":"https:\/\/api.w.org\/{rel}","templated":true}]}}