{"id":331880,"date":"2023-03-21T21:21:37","date_gmt":"2023-03-21T20:21:37","guid":{"rendered":"https:\/\/www.moskito.cz\/?post_type=product&#038;p=331880"},"modified":"2025-05-07T11:10:49","modified_gmt":"2025-05-07T10:10:49","slug":"coltello-chiudibile-crkt-delilahs-peck-5520","status":"publish","type":"product","link":"https:\/\/www.moskito.cz\/it\/produkt\/coltello-chiudibile-crkt-delilahs-peck-5520\/","title":{"rendered":"Coltello Chiudibile CRKT DELILAH&#8217;S PECK 5520"},"content":{"rendered":"<p>Coltello Chiudibile <strong>CRKT<\/strong> DELILAH&#8217;S PECK 5520<\/p>\n<p>Il PECK\u2122 (o coltello compatto di precisione) di Delilah \u00e8 il bambino di Ed, con un peso inferiore a 1 oncia. e solo 2,625 pollici quando \u00e8 chiuso. Pensatelo come un piccolo KISS\u00ae Quando \u00e8 aperta, l&#8217;elegante lama Razor-Sharp Wharncliffe da 1,75&#8243; \u00e8 uno strumento da taglio ad alte prestazioni adatto a centinaia di attivit\u00e0 quotidiane.<br \/>\nPECK\u2122 \u2013 precisione. Aggiustato. Compatto. Coltello.<br \/>\nMeno \u00e8 meglio: design innovativo in due pezzi: lama e telaio<br \/>\nRiduce al minimo il riflesso: la finitura perlata riduce il riflesso<\/p>\n<p>SPECIFICHE<br \/>\nLunghezza lama 4,3 cm<br \/>\nBordo della lama liscio<br \/>\nLama in acciaio 3Cr13<br \/>\nSabbiatura della finitura della lama<br \/>\nSpessore lama 0,22 cm<br \/>\nLunghezza totale 10,95 cm<br \/>\nLunghezza da chiuso 6,74 cm<br \/>\nPeso 0,90 once. (25,51 g)<br \/>\nManiglia in acciaio inossidabile<br \/>\nElegante coltello pieghevole con blocco del telaio<\/p>\n","protected":false},"excerpt":{"rendered":"<p><strong>Progettato da Ed Halligan a Ocean Springs, Mississippi<\/strong><\/p>\n","protected":false},"featured_media":331889,"comment_status":"open","ping_status":"closed","template":"","meta":[],"pwb-brand":[3763],"product_brand":[],"product_cat":[3749,3745],"product_tag":[3755],"class_list":{"0":"post-331880","1":"product","2":"type-product","3":"status-publish","4":"has-post-thumbnail","6":"pwb-brand-crkt-it","7":"product_cat-coltelli-di-chiusura","8":"product_cat-coltelli","9":"product_tag-b2b-it","11":"first","12":"outofstock","13":"sale","14":"taxable","15":"shipping-taxable","16":"purchasable","17":"product-type-simple"},"brands":[{"id":3763,"name":"CRKT","slug":"crkt-it"}],"_links":{"self":[{"href":"https:\/\/www.moskito.cz\/it\/wp-json\/wp\/v2\/product\/331880","targetHints":{"allow":["GET"]}}],"collection":[{"href":"https:\/\/www.moskito.cz\/it\/wp-json\/wp\/v2\/product"}],"about":[{"href":"https:\/\/www.moskito.cz\/it\/wp-json\/wp\/v2\/types\/product"}],"replies":[{"embeddable":true,"href":"https:\/\/www.moskito.cz\/it\/wp-json\/wp\/v2\/comments?post=331880"}],"wp:featuredmedia":[{"embeddable":true,"href":"https:\/\/www.moskito.cz\/it\/wp-json\/wp\/v2\/media\/331889"}],"wp:attachment":[{"href":"https:\/\/www.moskito.cz\/it\/wp-json\/wp\/v2\/media?parent=331880"}],"wp:term":[{"taxonomy":"pwb-brand","embeddable":true,"href":"https:\/\/www.moskito.cz\/it\/wp-json\/wp\/v2\/pwb-brand?post=331880"},{"taxonomy":"product_brand","embeddable":true,"href":"https:\/\/www.moskito.cz\/it\/wp-json\/wp\/v2\/product_brand?post=331880"},{"taxonomy":"product_cat","embeddable":true,"href":"https:\/\/www.moskito.cz\/it\/wp-json\/wp\/v2\/product_cat?post=331880"},{"taxonomy":"product_tag","embeddable":true,"href":"https:\/\/www.moskito.cz\/it\/wp-json\/wp\/v2\/product_tag?post=331880"}],"curies":[{"name":"wp","href":"https:\/\/api.w.org\/{rel}","templated":true}]}}