{"id":332399,"date":"2024-04-13T21:15:15","date_gmt":"2024-04-13T20:17:16","guid":{"rendered":"https:\/\/www.moskito.cz\/produkt\/coltello-di-chiusura-crkt-homefront-compact-k245bkp\/"},"modified":"2025-05-07T11:10:59","modified_gmt":"2025-05-07T10:10:59","slug":"coltello-di-chiusura-crkt-homefront-compact-k245bkp","status":"publish","type":"product","link":"https:\/\/www.moskito.cz\/it\/produkt\/coltello-di-chiusura-crkt-homefront-compact-k245bkp\/","title":{"rendered":"Coltello di chiusura CRKT Homefront Compact K245BKP"},"content":{"rendered":"<p>Coltello di chiusura <strong>CRKT<\/strong> Homefront Compact K245BKP.<\/p>\n<p>L&#8217;aspetto di un classico coltello della Seconda Guerra Mondiale con il taglio e la finitura di un favorito dei giorni nostri.<\/p>\n<p>La versione di fascia alta dell&#8217;impressionante originale, Homefront Compact di Ken Onion \u00e8 un distinto coltello pieghevole con blocco della fodera. Ha una lama con punto di caduta pi\u00f9 corta realizzata in acciaio inossidabile CPM-S35VN di alta qualit\u00e0 e presenta dettagli come la tradizionale apertura a pinna non assistita e un foro per cordino per una facile personalizzazione del pendente. La lama rivestita in DLC nero in contrasto con la leggera impugnatura G10 conferisce a questo trasporto quotidiano un aspetto accattivante.<\/p>\n<p>Specifiche:<br \/>\nLunghezza lama: 7,34 cm<br \/>\nLunghezza da chiuso: 9,76 cm<br \/>\nLunghezza totale: 17,11 cm<br \/>\nMateriale lama: acciaio inossidabile CPM-S35VN<br \/>\nStile lama: punto di caduta<br \/>\nFinitura lama: DLC nero<br \/>\nMateriale maniglia: G10 con supporti in alluminio<br \/>\nMeccanismo di bloccaggio: Liner Lock<br \/>\nClip da tasca: acciaio inossidabile (apribile, indossabile a destra)<br \/>\nProgettista: Ken Cipolla<br \/>\nPeso: 3,00 once (85,05 g)<\/p>\n<p><iframe title=\"CRKT Homefront\u2122 Compact | Ken Onion Design\" width=\"800\" height=\"450\" src=\"https:\/\/www.youtube.com\/embed\/vnoEItMchdk?feature=oembed\" frameborder=\"0\" allow=\"accelerometer; autoplay; clipboard-write; encrypted-media; gyroscope; picture-in-picture; web-share\" referrerpolicy=\"strict-origin-when-cross-origin\" allowfullscreen><\/iframe><\/p>\n<p>&nbsp;<\/p>\n","protected":false},"excerpt":{"rendered":"<p>PROGETTISTA<br \/>\nKen Cipolla<br \/>\nKaneohe, Hawaii<br \/>\nKen \u00e8 il vero affare. Ken, il pi\u00f9 giovane candidato ad essere inserito nella Blade Magazine Hall of Fame nel 2008, \u00e8 riconosciuto come uno dei designer di coltelli pi\u00f9 innovativi e di successo di tutti i tempi. Nel 1996 ha creato il primo meccanismo di apertura assistita di successo commerciale e 20 anni dopo ha presentato la sua pluripremiata tecnologia Field Strip. Ora questa innovazione rivoluzionaria stabilisce un nuovo standard con la tecnologia Field Strip Gen II, una rinascita che deve essere all\u2019altezza del suo nome.<\/p>\n<p>Trasporto gratuito.<\/p>\n","protected":false},"featured_media":332350,"comment_status":"open","ping_status":"closed","template":"","meta":[],"pwb-brand":[3763],"product_brand":[],"product_cat":[3749,3745],"product_tag":[3755],"class_list":{"0":"post-332399","1":"product","2":"type-product","3":"status-publish","4":"has-post-thumbnail","6":"pwb-brand-crkt-it","7":"product_cat-coltelli-di-chiusura","8":"product_cat-coltelli","9":"product_tag-b2b-it","11":"first","12":"instock","13":"sale","14":"taxable","15":"shipping-taxable","16":"purchasable","17":"product-type-simple"},"brands":[{"id":3763,"name":"CRKT","slug":"crkt-it"}],"_links":{"self":[{"href":"https:\/\/www.moskito.cz\/it\/wp-json\/wp\/v2\/product\/332399","targetHints":{"allow":["GET"]}}],"collection":[{"href":"https:\/\/www.moskito.cz\/it\/wp-json\/wp\/v2\/product"}],"about":[{"href":"https:\/\/www.moskito.cz\/it\/wp-json\/wp\/v2\/types\/product"}],"replies":[{"embeddable":true,"href":"https:\/\/www.moskito.cz\/it\/wp-json\/wp\/v2\/comments?post=332399"}],"wp:featuredmedia":[{"embeddable":true,"href":"https:\/\/www.moskito.cz\/it\/wp-json\/wp\/v2\/media\/332350"}],"wp:attachment":[{"href":"https:\/\/www.moskito.cz\/it\/wp-json\/wp\/v2\/media?parent=332399"}],"wp:term":[{"taxonomy":"pwb-brand","embeddable":true,"href":"https:\/\/www.moskito.cz\/it\/wp-json\/wp\/v2\/pwb-brand?post=332399"},{"taxonomy":"product_brand","embeddable":true,"href":"https:\/\/www.moskito.cz\/it\/wp-json\/wp\/v2\/product_brand?post=332399"},{"taxonomy":"product_cat","embeddable":true,"href":"https:\/\/www.moskito.cz\/it\/wp-json\/wp\/v2\/product_cat?post=332399"},{"taxonomy":"product_tag","embeddable":true,"href":"https:\/\/www.moskito.cz\/it\/wp-json\/wp\/v2\/product_tag?post=332399"}],"curies":[{"name":"wp","href":"https:\/\/api.w.org\/{rel}","templated":true}]}}