{"id":332454,"date":"2024-04-13T21:29:16","date_gmt":"2024-04-13T20:31:26","guid":{"rendered":"https:\/\/www.moskito.cz\/produkt\/coltello-di-chiusura-crkt-7081d2k\/"},"modified":"2025-05-07T11:11:00","modified_gmt":"2025-05-07T10:11:00","slug":"coltello-di-chiusura-crkt-7081d2k","status":"publish","type":"product","link":"https:\/\/www.moskito.cz\/it\/produkt\/coltello-di-chiusura-crkt-7081d2k\/","title":{"rendered":"Coltello di chiusura CRKT 7081D2K"},"content":{"rendered":"<p>Coltello di chiusura <strong>CRKT<\/strong> 7081D2K.<\/p>\n<div class=\"flex-1 overflow-hidden @container\/thread\">\n<div class=\"h-full\">\n<div class=\"react-scroll-to-bottom--css-quzxw-79elbk h-full\">\n<div class=\"react-scroll-to-bottom--css-quzxw-1n7m0yu\">\n<div class=\"flex flex-col text-sm md:pb-9\">\n<article class=\"w-full scroll-mb-[var(--thread-trailing-height,150px)] text-token-text-primary focus-visible:outline-2 focus-visible:outline-offset-[-4px]\" dir=\"auto\" data-testid=\"conversation-turn-183\" data-scroll-anchor=\"true\">\n<div class=\"m-auto text-base py-[18px] px-3 md:px-4 w-full md:px-5 lg:px-4 xl:px-5\">\n<div class=\"mx-auto flex flex-1 gap-4 text-base md:gap-5 lg:gap-6 md:max-w-3xl\">\n<div class=\"group\/conversation-turn relative flex w-full min-w-0 flex-col agent-turn\">\n<div class=\"flex-col gap-1 md:gap-3\">\n<div class=\"flex max-w-full flex-col flex-grow\">\n<div class=\"min-h-8 text-message flex w-full flex-col items-end gap-2 whitespace-normal break-words text-start [.text-message+&amp;]:mt-5\" dir=\"auto\" data-message-author-role=\"assistant\" data-message-id=\"52995b77-5947-4c5a-9b83-ffad379a9927\" data-message-model-slug=\"gpt-4o-mini\">\n<div class=\"flex w-full flex-col gap-1 empty:hidden first:pt-[3px]\">\n<div class=\"markdown prose w-full break-words dark:prose-invert light\">\n<p><strong>Il coltello pieghevole CRKT 7081D2K (Microflipper)<\/strong> \u00e8 la scelta ideale per chi cerca <strong>un coltello elegante, compatto e potente per il trasporto quotidiano (EDC)<\/strong> . Questo modello \u00e8 la variante pi\u00f9 piccola della popolare serie <strong>CEO<\/strong> e offre un&#8217;eccellente combinazione <strong>di design moderno<\/strong> e <strong>materiali resistenti<\/strong> . Nonostante le dimensioni ridotte, \u00e8 in grado di svolgere le attivit\u00e0 quotidiane con stile e semplicit\u00e0.  <\/p>\n<h3>Propriet\u00e0 chiave:<\/h3>\n<ul>\n<li><strong>Design compatto ed elegante:<\/strong> il Microflipper \u00e8 piccolo e leggero, il che lo rende <strong>ideale da portare in tasca<\/strong> o in una maglietta, dove \u00e8 facile da nascondere ma offre comunque le funzionalit\u00e0 di cui hai bisogno. Il suo <strong>aspetto minimalista<\/strong> lo rende adatto sia ad ambienti formali che informali. <\/li>\n<li><strong>Materiale della lama: acciaio D2:<\/strong> <strong>l&#8217;acciaio per utensili D2<\/strong> \u00e8 un&#8217;ottima scelta per <strong>durata<\/strong> e <strong>resistenza all&#8217;usura<\/strong> . Questo acciaio offre inoltre <strong>elevata resistenza<\/strong> e <strong>buona tenuta del filo<\/strong> , rendendolo ideale per l&#8217;uso quotidiano e per piccoli lavori come il taglio di imballaggi o cartone. <\/li>\n<li><strong>Finitura della lama:<\/strong> <strong>il nitruro di titanio nero<\/strong> sulla lama non solo garantisce un aspetto estetico, ma anche <strong>resistenza alla corrosione<\/strong> e <strong>migliore resistenza all&#8217;usura<\/strong> . Inoltre, questa superficie garantisce <strong>una minore riflessione della luce<\/strong> , il che \u00e8 vantaggioso in ambienti tattici o professionali. <\/li>\n<li><strong>Impugnatura in alluminio:<\/strong> l&#8217;impugnatura \u00e8 realizzata in <strong>alluminio nero testurizzato<\/strong> , che garantisce <strong>leggerezza<\/strong> , <strong>durevolezza<\/strong> e <strong>un&#8217;ottima presa<\/strong> . La superficie testurizzata garantisce <strong>una presa salda e confortevole<\/strong> , rendendolo facile da usare anche in condizioni di bagnato o freddo. <\/li>\n<li><strong>Apertura facile:<\/strong> grazie all&#8217;ausilio <strong>della pinna,<\/strong> l&#8217;apertura della lama \u00e8 fluida e veloce, ideale per l&#8217;apertura del coltello con una sola mano. Questo meccanismo contribuisce anche alla <strong>sicurezza<\/strong> durante l&#8217;uso. <\/li>\n<li><strong>Blocco di sicurezza:<\/strong> <strong>il meccanismo Liner Lock<\/strong> assicura che la lama rimanga in posizione aperta finch\u00e9 non la si rilascia, eliminando il rischio che si pieghi accidentalmente durante il lavoro.<\/li>\n<li><strong>Opzioni di trasporto:<\/strong> la clip da tasca <strong>Deep Carry Tip-Down<\/strong> consente <strong>il trasporto sia con la mano destra che con quella sinistra<\/strong> , garantendo comfort e flessibilit\u00e0 per l&#8217;uso quotidiano.<\/li>\n<\/ul>\n<h3>Specifiche:<\/h3>\n<ul>\n<li><strong>Lunghezza lama:<\/strong> 6 cm<\/li>\n<li><strong>Lunghezza chiusa:<\/strong> 8,55 cm<\/li>\n<li><strong>Lunghezza totale:<\/strong> 14,28 cm<\/li>\n<li><strong>Materiale della lama:<\/strong> acciaio per utensili D2<\/li>\n<li><strong>Stile lama:<\/strong> punta cadente<\/li>\n<li><strong>Finitura della lama:<\/strong> nitruro di titanio nero<\/li>\n<li><strong>Materiale dell&#8217;impugnatura:<\/strong> alluminio nero testurizzato<\/li>\n<li><strong>Meccanismo di bloccaggio:<\/strong> Liner Lock<\/li>\n<li><strong>Clip da tasca:<\/strong> trasporto profondo con punta in basso, trasporto destro\/sinistro<\/li>\n<li><strong>Peso:<\/strong> 1,70 oz. (48,19 g)<\/li>\n<li><strong>Progettista:<\/strong> Richard Rogers<\/li>\n<\/ul>\n<h3>Uso adatto:<\/h3>\n<ul>\n<li><strong>Trasporto quotidiano (EDC):<\/strong> questo coltello \u00e8 <strong>ideale per le attivit\u00e0 quotidiane<\/strong> , come l&#8217;apertura di pacchi, il taglio di imballaggi o il taglio fine di vari materiali. \u00c8 sufficientemente compatto da non occupare spazio, ma allo stesso tempo sufficientemente potente per le attivit\u00e0 pi\u00f9 comuni. <\/li>\n<li><strong>Ambiente d&#8217;ufficio:<\/strong> l&#8217; <strong>aspetto elegante<\/strong> e <strong>le dimensioni compatte<\/strong> rendono il coltello ideale per i professionisti che desiderano portare con s\u00e9 <strong>uno strumento per l&#8217;uso quotidiano<\/strong> senza attirare attenzioni indesiderate.<\/li>\n<li><strong>Attivit\u00e0 all&#8217;aperto e campeggio:<\/strong> nonostante le dimensioni ridotte, questo modello pu\u00f2 rivelarsi <strong>un valido aiuto<\/strong> in campeggio o durante le escursioni, quando \u00e8 necessario un coltello pi\u00f9 piccolo per tagli di precisione.<\/li>\n<\/ul>\n<h3>Conclusione:<\/h3>\n<p><strong>Il CRKT 7081D2K (Microflipper)<\/strong> \u00e8 perfetto per chi cerca <strong>un coltello piccolo, leggero ed elegante,<\/strong> ma abbastanza resistente per le attivit\u00e0 quotidiane. Grazie alle <strong>dimensioni compatte<\/strong> e <strong>ai materiali di alta qualit\u00e0,<\/strong> \u00e8 un <strong>coltello ideale per l&#8217;ufficio e le attivit\u00e0 all&#8217;aperto<\/strong> . \u00c8 un&#8217;ottima scelta per gli utenti <strong>EDC<\/strong> che apprezzano l&#8217;eleganza e la funzionalit\u00e0.  <\/p>\n<\/div>\n<\/div>\n<\/div>\n<\/div>\n<div class=\"mb-2 flex gap-3 empty:hidden -ml-2\">\n<div class=\"items-center justify-start rounded-xl p-1 flex\">\n<div class=\"flex items-center\"><\/div>\n<\/div>\n<\/div>\n<div class=\"pr-2 lg:pr-0\"><\/div>\n<div class=\"mt-3 w-full empty:hidden\">\n<div class=\"text-center\"><\/div>\n<\/div>\n<\/div>\n<div class=\"absolute\">\n<div class=\"flex items-center justify-center\"><\/div>\n<\/div>\n<\/div>\n<\/div>\n<\/div>\n<\/article>\n<\/div>\n<\/div>\n<\/div>\n<\/div>\n<\/div>\n<div class=\"md:pt-0 dark:border-white\/20 md:border-transparent md:dark:border-transparent w-full\">\n<div>\n<div class=\"m-auto text-base px-3 md:px-4 w-full md:px-5 lg:px-4 xl:px-5\">\n<div class=\"mx-auto flex flex-1 gap-4 text-base md:gap-5 lg:gap-6 md:max-w-3xl\">\n<div class=\"flex justify-center\"><\/div>\n<\/div>\n<\/div>\n<\/div>\n<\/div>\n<p><iframe title=\"CRKT CEO Microflipper | Richard Rogers Design\" width=\"800\" height=\"450\" src=\"https:\/\/www.youtube.com\/embed\/pZ2QIeUSL-Q?feature=oembed\" frameborder=\"0\" allow=\"accelerometer; autoplay; clipboard-write; encrypted-media; gyroscope; picture-in-picture; web-share\" referrerpolicy=\"strict-origin-when-cross-origin\" allowfullscreen><\/iframe><\/p>\n<p>&nbsp;<\/p>\n","protected":false},"excerpt":{"rendered":"<div class=\"flex max-w-full flex-col flex-grow\">\n<div class=\"min-h-8 text-message flex w-full flex-col items-end gap-2 whitespace-normal break-words text-start [.text-message+&amp;]:mt-5\" dir=\"auto\" data-message-author-role=\"assistant\" data-message-id=\"52995b77-5947-4c5a-9b83-ffad379a9927\" data-message-model-slug=\"gpt-4o-mini\">\n<div class=\"flex w-full flex-col gap-1 empty:hidden first:pt-[3px]\">\n<div class=\"markdown prose w-full break-words dark:prose-invert light\">\n<p><strong>Il CRKT 7081D2K (Microflipper) \u00e8 perfetto per chi cerca un coltello piccolo, leggero ed elegante, ma abbastanza resistente per le attivit\u00e0 quotidiane. Grazie alle dimensioni compatte e ai materiali di alta qualit\u00e0, \u00e8 un coltello ideale per l&#8217;ufficio e le attivit\u00e0 all&#8217;aperto. \u00c8 un&#8217;ottima scelta per gli utenti EDC che apprezzano l&#8217;eleganza e la funzionalit\u00e0.  <\/strong><\/p>\n<\/div>\n<\/div>\n<\/div>\n<\/div>\n<div class=\"mb-2 flex gap-3 empty:hidden -ml-2\">\n<div class=\"items-center justify-start rounded-xl p-1 flex\">\n<div class=\"flex items-center\"><\/div>\n<\/div>\n<\/div>\n","protected":false},"featured_media":332408,"comment_status":"open","ping_status":"closed","template":"","meta":[],"pwb-brand":[3763],"product_brand":[],"product_cat":[3745,3749],"product_tag":[3755],"class_list":{"0":"post-332454","1":"product","2":"type-product","3":"status-publish","4":"has-post-thumbnail","6":"pwb-brand-crkt-it","7":"product_cat-coltelli","8":"product_cat-coltelli-di-chiusura","9":"product_tag-b2b-it","11":"first","12":"outofstock","13":"taxable","14":"shipping-taxable","15":"purchasable","16":"product-type-simple"},"brands":[{"id":3763,"name":"CRKT","slug":"crkt-it"}],"_links":{"self":[{"href":"https:\/\/www.moskito.cz\/it\/wp-json\/wp\/v2\/product\/332454","targetHints":{"allow":["GET"]}}],"collection":[{"href":"https:\/\/www.moskito.cz\/it\/wp-json\/wp\/v2\/product"}],"about":[{"href":"https:\/\/www.moskito.cz\/it\/wp-json\/wp\/v2\/types\/product"}],"replies":[{"embeddable":true,"href":"https:\/\/www.moskito.cz\/it\/wp-json\/wp\/v2\/comments?post=332454"}],"wp:featuredmedia":[{"embeddable":true,"href":"https:\/\/www.moskito.cz\/it\/wp-json\/wp\/v2\/media\/332408"}],"wp:attachment":[{"href":"https:\/\/www.moskito.cz\/it\/wp-json\/wp\/v2\/media?parent=332454"}],"wp:term":[{"taxonomy":"pwb-brand","embeddable":true,"href":"https:\/\/www.moskito.cz\/it\/wp-json\/wp\/v2\/pwb-brand?post=332454"},{"taxonomy":"product_brand","embeddable":true,"href":"https:\/\/www.moskito.cz\/it\/wp-json\/wp\/v2\/product_brand?post=332454"},{"taxonomy":"product_cat","embeddable":true,"href":"https:\/\/www.moskito.cz\/it\/wp-json\/wp\/v2\/product_cat?post=332454"},{"taxonomy":"product_tag","embeddable":true,"href":"https:\/\/www.moskito.cz\/it\/wp-json\/wp\/v2\/product_tag?post=332454"}],"curies":[{"name":"wp","href":"https:\/\/api.w.org\/{rel}","templated":true}]}}