{"id":332556,"date":"2024-04-14T18:34:29","date_gmt":"2024-04-14T17:38:08","guid":{"rendered":"https:\/\/www.moskito.cz\/produkt\/penna-crkt-bond-tpenbond3\/"},"modified":"2025-05-07T11:11:04","modified_gmt":"2025-05-07T10:11:04","slug":"penna-crkt-bond-tpenbond3","status":"publish","type":"product","link":"https:\/\/www.moskito.cz\/it\/produkt\/penna-crkt-bond-tpenbond3\/","title":{"rendered":"Penna CRKT Bond TPENBOND3"},"content":{"rendered":"<p>Penna <strong>CRKT<\/strong> Bond TPENBOND3<\/p>\n<p>Prendi la penna che hai in giro. La penna BoltLiner, ora parte della famiglia Techliner, \u00e8 l&#8217;originale a estrazione rapida di cui non puoi fare a meno. La finitura a griglia lavorata conferisce alla penna una presa salda, mentre il manico in alluminio e acciaio inossidabile garantisce un&#8217;eccellente durata. Grazie al meccanismo di chiusura, la penna si apre in pochissimo tempo, rendendo l&#8217;apertura e la chiusura facili e fluide. \u00c8 un tipo diverso di trasporto quotidiano, ma vorrai comunque tenerlo in tasca.<\/p>\n<p>Specifiche<br \/>\nLunghezza totale: 13,11 centimetri<br \/>\nMateriale: alluminio 6061 e acciaio inossidabile<br \/>\nPeso: 1,40 once. (39,69 g)<br \/>\nRicarica: SCHMIDT MegaLine 4889 M Nero<br \/>\nProgettista: Mike Bond<\/p>\n","protected":false},"excerpt":{"rendered":"<p>PROGETTISTA<br \/>\nMike Bond<br \/>\nHonolulu, Hawaii<br \/>\nBond, Mike Bond&#8230;un cognome con le scarpe grandi. Ma se chiedi a Mike, ti dir\u00e0 che \u00e8 pi\u00f9 Q di James (pensiamo ancora che sia un agente segreto). Mike \u00e8 ben noto per il suo contributo al mercato dei multistrumenti e delle penne con i suoi moschettoni migliorati e la penna con cappuccio magnetico brevettata TechLiner. Mike, capo di Ti2 Design, gestisce il suo negozio sull&#8217;isola di Oahu ed \u00e8 conosciuto in tutto il settore EDC come lo strumento perfetto.<\/p>\n","protected":false},"featured_media":332524,"comment_status":"open","ping_status":"closed","template":"","meta":[],"pwb-brand":[3763],"product_brand":[],"product_cat":[3745,3749],"product_tag":[3755],"class_list":{"0":"post-332556","1":"product","2":"type-product","3":"status-publish","4":"has-post-thumbnail","6":"pwb-brand-crkt-it","7":"product_cat-coltelli","8":"product_cat-coltelli-di-chiusura","9":"product_tag-b2b-it","11":"first","12":"instock","13":"taxable","14":"shipping-taxable","15":"purchasable","16":"product-type-simple"},"brands":[{"id":3763,"name":"CRKT","slug":"crkt-it"}],"_links":{"self":[{"href":"https:\/\/www.moskito.cz\/it\/wp-json\/wp\/v2\/product\/332556","targetHints":{"allow":["GET"]}}],"collection":[{"href":"https:\/\/www.moskito.cz\/it\/wp-json\/wp\/v2\/product"}],"about":[{"href":"https:\/\/www.moskito.cz\/it\/wp-json\/wp\/v2\/types\/product"}],"replies":[{"embeddable":true,"href":"https:\/\/www.moskito.cz\/it\/wp-json\/wp\/v2\/comments?post=332556"}],"wp:featuredmedia":[{"embeddable":true,"href":"https:\/\/www.moskito.cz\/it\/wp-json\/wp\/v2\/media\/332524"}],"wp:attachment":[{"href":"https:\/\/www.moskito.cz\/it\/wp-json\/wp\/v2\/media?parent=332556"}],"wp:term":[{"taxonomy":"pwb-brand","embeddable":true,"href":"https:\/\/www.moskito.cz\/it\/wp-json\/wp\/v2\/pwb-brand?post=332556"},{"taxonomy":"product_brand","embeddable":true,"href":"https:\/\/www.moskito.cz\/it\/wp-json\/wp\/v2\/product_brand?post=332556"},{"taxonomy":"product_cat","embeddable":true,"href":"https:\/\/www.moskito.cz\/it\/wp-json\/wp\/v2\/product_cat?post=332556"},{"taxonomy":"product_tag","embeddable":true,"href":"https:\/\/www.moskito.cz\/it\/wp-json\/wp\/v2\/product_tag?post=332556"}],"curies":[{"name":"wp","href":"https:\/\/api.w.org\/{rel}","templated":true}]}}