{"id":332607,"date":"2024-04-14T19:57:07","date_gmt":"2024-04-14T18:59:40","guid":{"rendered":"https:\/\/www.moskito.cz\/produkt\/coltello-fisso-crkt-razel-compact-4036\/"},"modified":"2025-05-07T11:11:06","modified_gmt":"2025-05-07T10:11:06","slug":"coltello-fisso-crkt-razel-compact-4036","status":"publish","type":"product","link":"https:\/\/www.moskito.cz\/it\/produkt\/coltello-fisso-crkt-razel-compact-4036\/","title":{"rendered":"Coltello Fisso CRKT Razel Compact 4036"},"content":{"rendered":"<p>Coltello Fisso <strong>CRKT<\/strong> Razel Compact 4036.<\/p>\n<p>Sebbene Razel Compact possa essere pi\u00f9 piccolo delle normali lame fisse Razel, racchiude molte caratteristiche e funzioni utili nella sua lama grossa. La lama D2 misura solo 2,32 pollici e ha una finitura Stonewash\/Satin bicolore che separa la lama dalle facce. La parte posteriore della lama presenta una dentellatura Veff Flat Top che fornisce un&#8217;eccellente potenza di taglio per corde e cinghie. L&#8217;impugnatura \u00e8 in G10 nera, sagomata per adattarsi al davanti della mano, e dispone di una clip estesa per accogliere il cavo intrecciato. Razel Compact viene fornito con una guaina termoplastica con diversi fori per punti di attacco e una clip da tasca per varie opzioni di trasporto .<\/p>\n<p>Specifiche:<br \/>\nLunghezza lama: 5,90 cm<br \/>\nLunghezza manico: 7,49 cm<br \/>\nLunghezza totale: 13,39 cm<br \/>\nMateriale lama: acciaio per utensili D2<br \/>\nSpessore lama: 0,31 cm<br \/>\nStile lama: scalpello<br \/>\nTrattamento superficiale della lama: bicolore<br \/>\nMateriale manico: G10 nero<br \/>\nMateriale della calotta: termoplastico<br \/>\nClip da tasca in acciaio inossidabile<br \/>\nPeso: 3,0 once (85,05 g)<br \/>\nPeso con custodia: 4,1 once. (116,23 g)<br \/>\nProgettista: Jon Graham<\/p>\n<p><iframe title=\"CRKT Razel\u00ae Compact | Jon Graham Design\" width=\"800\" height=\"450\" src=\"https:\/\/www.youtube.com\/embed\/-3idTlyqcfE?feature=oembed\" frameborder=\"0\" allow=\"accelerometer; autoplay; clipboard-write; encrypted-media; gyroscope; picture-in-picture; web-share\" referrerpolicy=\"strict-origin-when-cross-origin\" allowfullscreen><\/iframe><\/p>\n<p>&nbsp;<\/p>\n","protected":false},"excerpt":{"rendered":"<p>PROGETTISTA<br \/>\n<strong>Jon Graham<\/strong><br \/>\nCleveland, Tennessee<br \/>\nNato da un padre che apprezzava i coltelli, Jon Graham di Cleveland, nel Tennessee, gli venne insegnata l&#8217;importanza di un buon coltello in giovane et\u00e0. &#8220;Ho ricevuto il mio primo coltello quando avevo sette anni e da allora non sono pi\u00f9 rimasto senza.&#8221; Alla fine degli anni &#8217;80 anni, quando Jon era di stanza ad Aviaono AB Italia, scopr\u00ec i coltelli fatti a mano in una rivista e cap\u00ec che era qualcosa che voleva fare. Dopo aver lasciato l&#8217;Aeronautica Militare e essersi sistemato in un lavoro, Jon ha iniziato a produrre coltelli da tavolo con strumenti di base nel 1994. Stanco di realizzare progetti di altre persone, Jon chiese a suo fratello Josh nel 1999 di procurarsi dell&#8217;attrezzatura e di imparare a realizzare coltelli mediante rottamazione. Da allora ne \u00e8 rimasto affascinato, cercando costantemente di migliorare i suoi progetti e le sue competenze, basandosi sulla sua esperienza come tecnico di motori diesel. Graham Knives \u00e8 specializzato in design tattici utilitaristici con un&#8217;enfasi sui coltelli tascabili EDC a lama fissa, ma la sua linea di coltelli preferita \u00e8 il Razel personalizzato a doppio taglio, che l&#8217;azienda produce in molte dimensioni e stili. \u00c8 il designer del CRKT Razel e del Folding Razel.<\/p>\n","protected":false},"featured_media":332564,"comment_status":"open","ping_status":"closed","template":"","meta":[],"pwb-brand":[3763],"product_brand":[],"product_cat":[3745,3746],"product_tag":[3755],"class_list":{"0":"post-332607","1":"product","2":"type-product","3":"status-publish","4":"has-post-thumbnail","6":"pwb-brand-crkt-it","7":"product_cat-coltelli","8":"product_cat-coltelli-solidi","9":"product_tag-b2b-it","11":"first","12":"instock","13":"taxable","14":"shipping-taxable","15":"purchasable","16":"product-type-simple"},"brands":[{"id":3763,"name":"CRKT","slug":"crkt-it"}],"_links":{"self":[{"href":"https:\/\/www.moskito.cz\/it\/wp-json\/wp\/v2\/product\/332607","targetHints":{"allow":["GET"]}}],"collection":[{"href":"https:\/\/www.moskito.cz\/it\/wp-json\/wp\/v2\/product"}],"about":[{"href":"https:\/\/www.moskito.cz\/it\/wp-json\/wp\/v2\/types\/product"}],"replies":[{"embeddable":true,"href":"https:\/\/www.moskito.cz\/it\/wp-json\/wp\/v2\/comments?post=332607"}],"wp:featuredmedia":[{"embeddable":true,"href":"https:\/\/www.moskito.cz\/it\/wp-json\/wp\/v2\/media\/332564"}],"wp:attachment":[{"href":"https:\/\/www.moskito.cz\/it\/wp-json\/wp\/v2\/media?parent=332607"}],"wp:term":[{"taxonomy":"pwb-brand","embeddable":true,"href":"https:\/\/www.moskito.cz\/it\/wp-json\/wp\/v2\/pwb-brand?post=332607"},{"taxonomy":"product_brand","embeddable":true,"href":"https:\/\/www.moskito.cz\/it\/wp-json\/wp\/v2\/product_brand?post=332607"},{"taxonomy":"product_cat","embeddable":true,"href":"https:\/\/www.moskito.cz\/it\/wp-json\/wp\/v2\/product_cat?post=332607"},{"taxonomy":"product_tag","embeddable":true,"href":"https:\/\/www.moskito.cz\/it\/wp-json\/wp\/v2\/product_tag?post=332607"}],"curies":[{"name":"wp","href":"https:\/\/api.w.org\/{rel}","templated":true}]}}