{"id":332756,"date":"2024-04-14T20:35:06","date_gmt":"2024-04-14T19:42:19","guid":{"rendered":"https:\/\/www.moskito.cz\/produkt\/coltello-di-chiusura-crkt-orca-7930\/"},"modified":"2025-05-07T11:11:11","modified_gmt":"2025-05-07T10:11:11","slug":"coltello-di-chiusura-crkt-orca-7930","status":"publish","type":"product","link":"https:\/\/www.moskito.cz\/it\/produkt\/coltello-di-chiusura-crkt-orca-7930\/","title":{"rendered":"Coltello di chiusura CRKT Orca 7930"},"content":{"rendered":"<p>Coltello di chiusura <strong>CRKT<\/strong> Orca 7930<\/p>\n<div class=\"flex-1 overflow-hidden @container\/thread\">\n<div class=\"h-full\">\n<div class=\"react-scroll-to-bottom--css-quzxw-79elbk h-full\">\n<div class=\"react-scroll-to-bottom--css-quzxw-1n7m0yu\">\n<div class=\"flex flex-col text-sm md:pb-9\">\n<article class=\"w-full scroll-mb-[var(--thread-trailing-height,150px)] text-token-text-primary focus-visible:outline-2 focus-visible:outline-offset-[-4px]\" dir=\"auto\" data-testid=\"conversation-turn-173\" data-scroll-anchor=\"true\">\n<div class=\"m-auto text-base py-[18px] px-3 md:px-4 w-full md:px-5 lg:px-4 xl:px-5\">\n<div class=\"mx-auto flex flex-1 gap-4 text-base md:gap-5 lg:gap-6 md:max-w-3xl\">\n<div class=\"group\/conversation-turn relative flex w-full min-w-0 flex-col agent-turn\">\n<div class=\"flex-col gap-1 md:gap-3\">\n<div class=\"flex max-w-full flex-col flex-grow\">\n<div class=\"min-h-8 text-message flex w-full flex-col items-end gap-2 whitespace-normal break-words text-start [.text-message+&amp;]:mt-5\" dir=\"auto\" data-message-author-role=\"assistant\" data-message-id=\"4fbf0619-a580-43af-9370-fc51dbba6d4c\" data-message-model-slug=\"gpt-4o-mini\">\n<div class=\"flex w-full flex-col gap-1 empty:hidden first:pt-[3px]\">\n<div class=\"markdown prose w-full break-words dark:prose-invert light\">\n<p><strong>Il coltello pieghevole CRKT Orca 7930<\/strong> \u00e8 <strong>un coltello compatto, potente e discreto<\/strong> che coniuga <strong>elementi di design eccezionali<\/strong> con caratteristiche pratiche. Progettato da Jim Hammond, <strong>l&#8217;Orca<\/strong> trae ispirazione dal suo animale marino preferito, <strong>l&#8217;orca<\/strong> , come si evince chiaramente dal design del coltello. Questo coltello si distingue non solo per il suo aspetto, ma anche per la sua funzionalit\u00e0, che comprende <strong>l&#8217;apertura assistita<\/strong> e <strong>l&#8217;elevata resistenza dei materiali<\/strong> .  <\/p>\n<h3>Propriet\u00e0 chiave:<\/h3>\n<ul>\n<li><strong>Apertura assistita:<\/strong> il coltello \u00e8 dotato di <strong>apertura assistita<\/strong> , il che significa che la lama si apre rapidamente e facilmente con una sola mano. <strong>Il perno IKBS<\/strong> (IKBS \u2013 Ikoma Korth Bearing System) garantisce un&#8217;apertura fluida anche con movimenti minimi.<\/li>\n<li><strong>Lama in acciaio per utensili D2:<\/strong> l&#8217;acciaio <strong>D2<\/strong> \u00e8 un acciaio di alta qualit\u00e0 con eccellenti propriet\u00e0 di mantenimento del filo, il che significa che la lama rimane affilata a lungo anche in caso di utilizzo intensivo.<\/li>\n<li><strong>Design compatto:<\/strong> con <strong>una lunghezza della lama di 4,53 cm<\/strong> e <strong>una lunghezza complessiva di 11,84 cm,<\/strong> questo coltello \u00e8 molto compatto e facile da trasportare, il che lo rende ideale per il trasporto quotidiano in tasca.<\/li>\n<li><strong>Impugnatura ergonomica:<\/strong> l&#8217;impugnatura \u00e8 realizzata in <strong>nylon rinforzato con fibra di vetro nero<\/strong> , che garantisce <strong>elevata resistenza e durata<\/strong> , ed \u00e8 <strong>leggermente ruvida<\/strong> , per una buona presa.<\/li>\n<li><strong>Blocco di sicurezza:<\/strong> questo modello \u00e8 dotato di <strong>Liner Lock<\/strong> , un meccanismo di blocco che assicura che la lama resti saldamente in posizione quando \u00e8 aperta e impedisce la chiusura accidentale durante l&#8217;uso.<\/li>\n<li><strong>Pratica clip da tasca:<\/strong> la clip da tasca consente il <strong>trasporto con la mano destra<\/strong> e consente di trasportare facilmente il coltello in tasca o alla cintura.<\/li>\n<\/ul>\n<h3>Specifiche:<\/h3>\n<ul>\n<li><strong>Lunghezza lama:<\/strong> 4,53 cm<\/li>\n<li><strong>Lunghezza del manico:<\/strong> 7,55 cm<\/li>\n<li><strong>Lunghezza totale:<\/strong> 11,84 cm<\/li>\n<li><strong>Materiale della lama:<\/strong> <strong>D2<\/strong> (acciaio per utensili)<\/li>\n<li><strong>Stile lama:<\/strong> <strong>punta cadente<\/strong><\/li>\n<li><strong>Trattamento superficiale della lama:<\/strong> Satinato<\/li>\n<li><strong>Materiale dell&#8217;impugnatura:<\/strong> nylon rinforzato con fibra di vetro nero<\/li>\n<li><strong>Meccanismo di bloccaggio:<\/strong> <strong>Liner Lock<\/strong><\/li>\n<li><strong>Clip da tasca:<\/strong> ribaltabile, trasporto a destra<\/li>\n<li><strong>Peso:<\/strong> 2,60 oz. (73,71 grammi)<\/li>\n<li><strong>Progettista:<\/strong> <strong>Jim Hammond<\/strong><\/li>\n<li><strong>Assistenza Pivot IKBS<\/strong> (per un&#8217;apertura rapida e fluida)<\/li>\n<\/ul>\n<h3>Uso adatto:<\/h3>\n<ul>\n<li><strong>Trasporto quotidiano (EDC):<\/strong> le sue dimensioni ridotte lo rendono ideale per il trasporto quotidiano. Pu\u00f2 essere utile per <strong>aprire buste<\/strong> , <strong>risolvere piccoli compiti<\/strong> o <strong>effettuare piccoli tagli<\/strong> . <\/li>\n<li><strong>Utilizzo in ufficio:<\/strong> il suo design discreto a forma di penna lo rende la scelta ideale per <strong>gli ambienti d&#8217;ufficio<\/strong> in cui non si vuole che il coltello sia troppo in vista.<\/li>\n<li><strong>Attivit\u00e0 all&#8217;aperto:<\/strong> Grazie alle sue dimensioni compatte, \u00e8 adatto per <strong>attivit\u00e0 all&#8217;aperto leggere<\/strong> in cui \u00e8 necessario avere a portata di mano un coltello piccolo ma potente.<\/li>\n<li><strong>Espressione di s\u00e9 e scopo collezionabile:<\/strong> \u00e8 anche <strong>un coltello elegante<\/strong> per i collezionisti che apprezzeranno il suo design unico ispirato all&#8217;orca.<\/li>\n<\/ul>\n<h3>Design ispirato alla natura:<\/h3>\n<p>Oltre alla funzionalit\u00e0, <strong>il design dell&#8217;Orca<\/strong> trae ispirazione <strong>dall&#8217;orca<\/strong> (Orcinus orca), come si evince dalla curvatura dell&#8217;impugnatura e dall&#8217;aspetto generale del coltello, che ricorda le pinne dorsali e pettorali di questo maestoso mammifero marino. Questo coltello non \u00e8 solo uno strumento, ma anche <strong>un pezzo di design<\/strong> che potrai portare con te con orgoglio ovunque. <\/p>\n<p><strong>Il CRKT Orca 7930<\/strong> \u00e8 la scelta ideale per chi cerca <strong>un coltello compatto ma potente,<\/strong> con un design eccellente e <strong>un&#8217;apertura assistita<\/strong> , che trover\u00e0 facilmente posto nel proprio equipaggiamento quotidiano.<\/p>\n<\/div>\n<\/div>\n<\/div>\n<\/div>\n<div class=\"mb-2 flex gap-3 empty:hidden -ml-2\">\n<div class=\"items-center justify-start rounded-xl p-1 flex\">\n<div class=\"flex items-center\"><\/div>\n<\/div>\n<\/div>\n<div class=\"pr-2 lg:pr-0\"><\/div>\n<div class=\"mt-3 w-full empty:hidden\">\n<div class=\"text-center\"><\/div>\n<\/div>\n<\/div>\n<div class=\"absolute\">\n<div class=\"flex items-center justify-center\"><\/div>\n<\/div>\n<\/div>\n<\/div>\n<\/div>\n<\/article>\n<\/div>\n<\/div>\n<\/div>\n<\/div>\n<\/div>\n<div class=\"md:pt-0 dark:border-white\/20 md:border-transparent md:dark:border-transparent w-full\">\n<div>\n<div class=\"m-auto text-base px-3 md:px-4 w-full md:px-5 lg:px-4 xl:px-5\">\n<div class=\"mx-auto flex flex-1 gap-4 text-base md:gap-5 lg:gap-6 md:max-w-3xl\">\n<div class=\"flex justify-center\"><\/div>\n<\/div>\n<\/div>\n<\/div>\n<\/div>\n<p>&nbsp;<\/p>\n<p><iframe title=\"CRKT Orca Assisted | Jim Hammond Design\" width=\"800\" height=\"450\" src=\"https:\/\/www.youtube.com\/embed\/WVN8A4kcy_A?feature=oembed\" frameborder=\"0\" allow=\"accelerometer; autoplay; clipboard-write; encrypted-media; gyroscope; picture-in-picture; web-share\" referrerpolicy=\"strict-origin-when-cross-origin\" allowfullscreen><\/iframe><\/p>\n<p>&nbsp;<\/p>\n","protected":false},"excerpt":{"rendered":"<div class=\"flex max-w-full flex-col flex-grow\">\n<div class=\"min-h-8 text-message flex w-full flex-col items-end gap-2 whitespace-normal break-words text-start [.text-message+&amp;]:mt-5\" dir=\"auto\" data-message-author-role=\"assistant\" data-message-id=\"4fbf0619-a580-43af-9370-fc51dbba6d4c\" data-message-model-slug=\"gpt-4o-mini\">\n<div class=\"flex w-full flex-col gap-1 empty:hidden first:pt-[3px]\">\n<div class=\"markdown prose w-full break-words dark:prose-invert light\">\n<p><strong>Il CRKT Orca 7930 \u00e8 la scelta ideale per chi cerca un coltello compatto ma potente, con un design eccellente e un&#8217;apertura assistita, che trover\u00e0 facilmente posto nel proprio equipaggiamento quotidiano.<\/strong><\/p>\n<\/div>\n<\/div>\n<\/div>\n<\/div>\n<div class=\"mb-2 flex gap-3 empty:hidden -ml-2\">\n<div class=\"items-center justify-start rounded-xl p-1 flex\">\n<div class=\"flex items-center\"><\/div>\n<\/div>\n<\/div>\n","protected":false},"featured_media":332708,"comment_status":"open","ping_status":"closed","template":"","meta":[],"pwb-brand":[3763],"product_brand":[],"product_cat":[3749,3745],"product_tag":[3755],"class_list":{"0":"post-332756","1":"product","2":"type-product","3":"status-publish","4":"has-post-thumbnail","6":"pwb-brand-crkt-it","7":"product_cat-coltelli-di-chiusura","8":"product_cat-coltelli","9":"product_tag-b2b-it","11":"first","12":"instock","13":"sale","14":"taxable","15":"shipping-taxable","16":"purchasable","17":"product-type-simple"},"brands":[{"id":3763,"name":"CRKT","slug":"crkt-it"}],"_links":{"self":[{"href":"https:\/\/www.moskito.cz\/it\/wp-json\/wp\/v2\/product\/332756","targetHints":{"allow":["GET"]}}],"collection":[{"href":"https:\/\/www.moskito.cz\/it\/wp-json\/wp\/v2\/product"}],"about":[{"href":"https:\/\/www.moskito.cz\/it\/wp-json\/wp\/v2\/types\/product"}],"replies":[{"embeddable":true,"href":"https:\/\/www.moskito.cz\/it\/wp-json\/wp\/v2\/comments?post=332756"}],"wp:featuredmedia":[{"embeddable":true,"href":"https:\/\/www.moskito.cz\/it\/wp-json\/wp\/v2\/media\/332708"}],"wp:attachment":[{"href":"https:\/\/www.moskito.cz\/it\/wp-json\/wp\/v2\/media?parent=332756"}],"wp:term":[{"taxonomy":"pwb-brand","embeddable":true,"href":"https:\/\/www.moskito.cz\/it\/wp-json\/wp\/v2\/pwb-brand?post=332756"},{"taxonomy":"product_brand","embeddable":true,"href":"https:\/\/www.moskito.cz\/it\/wp-json\/wp\/v2\/product_brand?post=332756"},{"taxonomy":"product_cat","embeddable":true,"href":"https:\/\/www.moskito.cz\/it\/wp-json\/wp\/v2\/product_cat?post=332756"},{"taxonomy":"product_tag","embeddable":true,"href":"https:\/\/www.moskito.cz\/it\/wp-json\/wp\/v2\/product_tag?post=332756"}],"curies":[{"name":"wp","href":"https:\/\/api.w.org\/{rel}","templated":true}]}}