{"id":332795,"date":"2024-04-14T20:57:36","date_gmt":"2024-04-14T19:58:17","guid":{"rendered":"https:\/\/www.moskito.cz\/produkt\/penna-a-pinza-crkt-tpenwu\/"},"modified":"2025-05-07T11:11:12","modified_gmt":"2025-05-07T10:11:12","slug":"penna-a-pinza-crkt-tpenwu","status":"publish","type":"product","link":"https:\/\/www.moskito.cz\/it\/produkt\/penna-a-pinza-crkt-tpenwu\/","title":{"rendered":"Penna a pinza CRKT TPENWU"},"content":{"rendered":"<p>Penna a pinza <strong>CRKT<\/strong> TPENWU<\/p>\n<p>La penna Collet combina uno strumento di scrittura portatile con uno strumento di incisione flessibile in una custodia in alluminio attraente e leggera. Nascosto sotto il coperchio posteriore c&#8217;\u00e8 un ago in carburo di tungsteno abbastanza forte da marcare la maggior parte dei materiali duri. \u00c8 tenuto in posizione da un mandrino a pinza che pu\u00f2 accettare qualsiasi tipo di strumento di incisione opzionale.<\/p>\n<p>Ed \u00e8 semplicemente un ottimo strumento di scrittura.<\/p>\n<p>Specifiche:<br \/>\nLunghezza totale: 13,8 centimetri<br \/>\nMateriale: alluminio grigio<br \/>\nPeso: 1,10 once (31,18 g)<br \/>\nCartuccia: Schmidt MegaLine 4876 M<br \/>\nProgettista: Joe Wu<br \/>\nProgettato a Mountain View, California<\/p>\n<p>&nbsp;<\/p>\n","protected":false},"excerpt":{"rendered":"<p>PROGETTISTA<br \/>\nJoe Wu<br \/>\nVista sulle montagne, California<br \/>\nSempre armeggiando e cercando nuovi modi per migliorare i progetti esistenti, Joe Wu ha iniziato con la progettazione di prodotti presso Scout Leather Co. realizzando prodotti in base alle esigenze e all&#8217;esperienza personali. Negli ultimi anni ha preso le sue idee e affinato le sue capacit\u00e0 imprenditoriali utilizzando metodi tradizionali con un approccio moderno. I suoi progetti e le sue idee sono guidati dalla semplicit\u00e0 e dall&#8217;esperienza dell&#8217;utente; un buon design non deve essere complicato.<\/p>\n","protected":false},"featured_media":332765,"comment_status":"open","ping_status":"closed","template":"","meta":[],"pwb-brand":[3763],"product_brand":[],"product_cat":[3745,3749],"product_tag":[3755],"class_list":{"0":"post-332795","1":"product","2":"type-product","3":"status-publish","4":"has-post-thumbnail","6":"pwb-brand-crkt-it","7":"product_cat-coltelli","8":"product_cat-coltelli-di-chiusura","9":"product_tag-b2b-it","11":"first","12":"instock","13":"taxable","14":"shipping-taxable","15":"purchasable","16":"product-type-simple"},"brands":[{"id":3763,"name":"CRKT","slug":"crkt-it"}],"_links":{"self":[{"href":"https:\/\/www.moskito.cz\/it\/wp-json\/wp\/v2\/product\/332795","targetHints":{"allow":["GET"]}}],"collection":[{"href":"https:\/\/www.moskito.cz\/it\/wp-json\/wp\/v2\/product"}],"about":[{"href":"https:\/\/www.moskito.cz\/it\/wp-json\/wp\/v2\/types\/product"}],"replies":[{"embeddable":true,"href":"https:\/\/www.moskito.cz\/it\/wp-json\/wp\/v2\/comments?post=332795"}],"wp:featuredmedia":[{"embeddable":true,"href":"https:\/\/www.moskito.cz\/it\/wp-json\/wp\/v2\/media\/332765"}],"wp:attachment":[{"href":"https:\/\/www.moskito.cz\/it\/wp-json\/wp\/v2\/media?parent=332795"}],"wp:term":[{"taxonomy":"pwb-brand","embeddable":true,"href":"https:\/\/www.moskito.cz\/it\/wp-json\/wp\/v2\/pwb-brand?post=332795"},{"taxonomy":"product_brand","embeddable":true,"href":"https:\/\/www.moskito.cz\/it\/wp-json\/wp\/v2\/product_brand?post=332795"},{"taxonomy":"product_cat","embeddable":true,"href":"https:\/\/www.moskito.cz\/it\/wp-json\/wp\/v2\/product_cat?post=332795"},{"taxonomy":"product_tag","embeddable":true,"href":"https:\/\/www.moskito.cz\/it\/wp-json\/wp\/v2\/product_tag?post=332795"}],"curies":[{"name":"wp","href":"https:\/\/api.w.org\/{rel}","templated":true}]}}