{"id":332898,"date":"2022-06-30T21:01:54","date_gmt":"2022-06-30T20:01:54","guid":{"rendered":"https:\/\/www.moskito.cz\/produkt\/coltello-chiuditore-extrema-ratio-resolza-12-stone-washed\/"},"modified":"2025-05-07T11:11:15","modified_gmt":"2025-05-07T10:11:15","slug":"coltello-chiuditore-extrema-ratio-resolza-12-stone-washed","status":"publish","type":"product","link":"https:\/\/www.moskito.cz\/it\/produkt\/coltello-chiuditore-extrema-ratio-resolza-12-stone-washed\/","title":{"rendered":"Coltello Chiuditore Extrema Ratio Resolza 12 Stone Washed"},"content":{"rendered":"<p>Coltello Chiuditore <strong>Extrema Ratio<\/strong> Resolza 12 Stone Washed<\/p>\n<p>RESOLZA, termine di antica origine, \u00e8 oggi uno dei coltelli tradizionali pi\u00f9 famosi del nostro Paese. Non \u00e8 un caso che il nome faccia pensare ad un rasoio. Nato secoli fa in Sardegna, accompagna ancora oggi i suoi abitanti nel loro lavoro quotidiano di contadini e pastori, seguendoli anche quando i loro uomini sono chiamati in guerra. Le cronache della Brigata Sassari durante la Prima Guerra Mondiale menzionano questo coltello tra l&#8217;equipaggiamento dei propri soldati. Abbiamo voluto rendergli omaggio rivisitandolo secondo i nostri canoni, senza voler fare nulla di male a nessuno dei prestigiosi artigiani sardi che ancora oggi tramandano la tradizione e la saggezza dei loro antenati. Le dimensioni e le proporzioni sono quelle originali della lama da 12 cm, ma i materiali e la tecnologia sono di nostra produzione. Manico rivisto nel nostro stile, lama fedele alla tradizione. Oltre all&#8217;originale \u00e8 dotato di blocca lama in apertura. Disponibile nelle versioni RESOLZA BLACK, RESOLZA STONE WASHED.<\/p>\n<p>PESO G: 93<br \/>\nPESO DI ONCE.: 3,3<br \/>\nLUNGHEZZA LAMA (MM): 122<br \/>\nLUNGHEZZA LAMA (POLLICI): 4,8<br \/>\nLUNGHEZZA TOTALE (MM): 268<br \/>\nLUNGHEZZA TOTALE (H): 10,6<br \/>\nSPESSORE LAMA (MM): 3<br \/>\nSPESSORE LAMA (IN): 0,12<br \/>\nMATERIALE LAMA: ACCIAIO B\u00d6HLER N690 (58HRC)<br \/>\nFINITURA LAMA: STONE WASHED<br \/>\nLAMA DELLA FRECCIA: FILO PIATTO<br \/>\nMATERIALE MANIGLIA: ALLUMINIO ANODIZZATO ANTICORRODALE<\/p>\n<p>&nbsp;<\/p>\n","protected":false},"excerpt":{"rendered":"<p>Con sede a Prato, in Italia , Extrema Ratio progetta e produce coltelli da combattimento, militari, da cucina, da caccia e tattici ad alte prestazioni dal 1997 e ha una reputazione di qualit\u00e0 superiore che non \u00e8 seconda a nessuno nel settore dei coltelli militari e tattici. Trasporto gratuito.<\/p>\n","protected":false},"featured_media":332899,"comment_status":"open","ping_status":"closed","template":"","meta":[],"pwb-brand":[3768],"product_brand":[],"product_cat":[3749,3745],"product_tag":[3755],"class_list":{"0":"post-332898","1":"product","2":"type-product","3":"status-publish","4":"has-post-thumbnail","6":"pwb-brand-rapporto-estremo","7":"product_cat-coltelli-di-chiusura","8":"product_cat-coltelli","9":"product_tag-b2b-it","11":"first","12":"instock","13":"taxable","14":"shipping-taxable","15":"purchasable","16":"product-type-simple"},"brands":[{"id":3768,"name":"Rapporto estremo","slug":"rapporto-estremo"}],"_links":{"self":[{"href":"https:\/\/www.moskito.cz\/it\/wp-json\/wp\/v2\/product\/332898","targetHints":{"allow":["GET"]}}],"collection":[{"href":"https:\/\/www.moskito.cz\/it\/wp-json\/wp\/v2\/product"}],"about":[{"href":"https:\/\/www.moskito.cz\/it\/wp-json\/wp\/v2\/types\/product"}],"replies":[{"embeddable":true,"href":"https:\/\/www.moskito.cz\/it\/wp-json\/wp\/v2\/comments?post=332898"}],"wp:featuredmedia":[{"embeddable":true,"href":"https:\/\/www.moskito.cz\/it\/wp-json\/wp\/v2\/media\/332899"}],"wp:attachment":[{"href":"https:\/\/www.moskito.cz\/it\/wp-json\/wp\/v2\/media?parent=332898"}],"wp:term":[{"taxonomy":"pwb-brand","embeddable":true,"href":"https:\/\/www.moskito.cz\/it\/wp-json\/wp\/v2\/pwb-brand?post=332898"},{"taxonomy":"product_brand","embeddable":true,"href":"https:\/\/www.moskito.cz\/it\/wp-json\/wp\/v2\/product_brand?post=332898"},{"taxonomy":"product_cat","embeddable":true,"href":"https:\/\/www.moskito.cz\/it\/wp-json\/wp\/v2\/product_cat?post=332898"},{"taxonomy":"product_tag","embeddable":true,"href":"https:\/\/www.moskito.cz\/it\/wp-json\/wp\/v2\/product_tag?post=332898"}],"curies":[{"name":"wp","href":"https:\/\/api.w.org\/{rel}","templated":true}]}}