{"id":333085,"date":"2022-10-30T21:12:13","date_gmt":"2022-10-30T20:12:13","guid":{"rendered":"https:\/\/www.moskito.cz\/produkt\/coltello-chiudibile-extrema-ratio-bf2-r-ct-desert\/"},"modified":"2026-03-17T14:22:34","modified_gmt":"2026-03-17T13:22:34","slug":"coltello-chiudibile-extrema-ratio-bf2-r-ct-desert","status":"publish","type":"product","link":"https:\/\/www.moskito.cz\/it\/produkt\/coltello-chiudibile-extrema-ratio-bf2-r-ct-desert\/","title":{"rendered":"Coltello Chiudibile Extrema Ratio BF2 R CT DESERT"},"content":{"rendered":"<p>Coltello Chiudibile Extrema Ratio BF2 R CT DESERT.<\/p>\n<p>L&#8217;Extrema Ratio BF2 R CT Desert \u00e8 un coltello chiudibile particolarmente adatto all&#8217;utilizzo professionale da parte del personale militare o di polizia. Ha una lama con filo liscio in acciaio BOHLER N690 di colore grigio-sabbia da guerra del deserto. Si apre utilizzando il sistema di apertura Razor ad alta velocit\u00e0 ed \u00e8 protetto da un Linerlock con un meccanismo di bloccaggio secondario. Il manico \u00e8 in alluminio anodizzato color sabbia con clip da tasca.<\/p>\n<p>Materiale della lama: N690<br \/>\n Materiale dell&#8217;impugnatura: Alluminio<br \/>\n Fusibile: Linerlock<br \/>\n Lunghezza lama: 9 cm<br \/>\n Lunghezza totale: 21,5 cm<br \/>\n Lunghezza manico: 12,5 cm<br \/>\n Spessore lama: 3 mm<br \/>\n Peso: 140g<br \/>\n Uso: tattico<\/p>\n","protected":false},"excerpt":{"rendered":"<p>Con sede a Prato, in Italia, Extrema Ratio progetta e produce coltelli da combattimento, militari, da cucina, da caccia e tattici ad alte prestazioni dal 1997 e gode di una reputazione di qualit\u00e0 superiore che non \u00e8 seconda a nessuno nel settore dei coltelli militari e tattici. <strong>Spedizione gratuita.<\/strong><\/p>\n","protected":false},"featured_media":333086,"comment_status":"open","ping_status":"closed","template":"","meta":[],"pwb-brand":[3768],"product_brand":[],"product_cat":[3749,3745],"product_tag":[3755],"class_list":{"0":"post-333085","1":"product","2":"type-product","3":"status-publish","4":"has-post-thumbnail","6":"pwb-brand-rapporto-estremo","7":"product_cat-coltelli-di-chiusura","8":"product_cat-coltelli","9":"product_tag-b2b-it","11":"first","12":"instock","13":"taxable","14":"shipping-taxable","15":"purchasable","16":"product-type-simple"},"brands":[{"id":3768,"name":"Rapporto estremo","slug":"rapporto-estremo"}],"_links":{"self":[{"href":"https:\/\/www.moskito.cz\/it\/wp-json\/wp\/v2\/product\/333085","targetHints":{"allow":["GET"]}}],"collection":[{"href":"https:\/\/www.moskito.cz\/it\/wp-json\/wp\/v2\/product"}],"about":[{"href":"https:\/\/www.moskito.cz\/it\/wp-json\/wp\/v2\/types\/product"}],"replies":[{"embeddable":true,"href":"https:\/\/www.moskito.cz\/it\/wp-json\/wp\/v2\/comments?post=333085"}],"wp:featuredmedia":[{"embeddable":true,"href":"https:\/\/www.moskito.cz\/it\/wp-json\/wp\/v2\/media\/333086"}],"wp:attachment":[{"href":"https:\/\/www.moskito.cz\/it\/wp-json\/wp\/v2\/media?parent=333085"}],"wp:term":[{"taxonomy":"pwb-brand","embeddable":true,"href":"https:\/\/www.moskito.cz\/it\/wp-json\/wp\/v2\/pwb-brand?post=333085"},{"taxonomy":"product_brand","embeddable":true,"href":"https:\/\/www.moskito.cz\/it\/wp-json\/wp\/v2\/product_brand?post=333085"},{"taxonomy":"product_cat","embeddable":true,"href":"https:\/\/www.moskito.cz\/it\/wp-json\/wp\/v2\/product_cat?post=333085"},{"taxonomy":"product_tag","embeddable":true,"href":"https:\/\/www.moskito.cz\/it\/wp-json\/wp\/v2\/product_tag?post=333085"}],"curies":[{"name":"wp","href":"https:\/\/api.w.org\/{rel}","templated":true}]}}