{"id":333093,"date":"2022-10-30T22:29:00","date_gmt":"2024-04-15T10:06:05","guid":{"rendered":"https:\/\/www.moskito.cz\/produkt\/coltello-chiudibile-extrema-ratio-bf2-r-ct-stone-washed\/"},"modified":"2025-05-07T11:11:21","modified_gmt":"2025-05-07T10:11:21","slug":"coltello-chiudibile-extrema-ratio-bf2-r-ct-stone-washed","status":"publish","type":"product","link":"https:\/\/www.moskito.cz\/it\/produkt\/coltello-chiudibile-extrema-ratio-bf2-r-ct-stone-washed\/","title":{"rendered":"Coltello Chiudibile Extrema Ratio BF2 R CT STONE WASHED"},"content":{"rendered":"<p>Coltello Chiudibile <strong>Extrema Ratio<\/strong> BF2 R CT STONE WASHED.<\/p>\n<p>Extrema Ratio BF2 R CT Stone Washed \u00e8 un coltello chiudibile particolarmente adatto all&#8217;uso professionale da parte del personale militare o di polizia. Ha una lama a filo liscio realizzata in acciaio BOHLER N690 con finitura Stonewash. Si apre utilizzando il sistema di apertura Razor ad alta velocit\u00e0 ed \u00e8 protetto da un Linerlock con un meccanismo di bloccaggio secondario. La maniglia \u00e8 in alluminio anodizzato nero con clip da tasca.<\/p>\n<p>Materiale della lama: N690<br \/>\n Materiale dell&#8217;impugnatura: Alluminio<br \/>\n Fusibile: Linerlock<br \/>\n Lunghezza lama: 9 cm<br \/>\n Lunghezza totale: 21,5 cm<br \/>\n Lunghezza manico: 12,5 cm<br \/>\n Spessore lama: 3 mm<br \/>\n Peso: 140g<br \/>\n Uso: tattico<\/p>\n","protected":false},"excerpt":{"rendered":"<p>Con sede a Prato, in Italia <strong>, Extrema Ratio<\/strong> progetta e produce coltelli da combattimento, militari, da cucina, da caccia e tattici ad alte prestazioni dal 1997 e ha una reputazione di qualit\u00e0 superiore che non \u00e8 seconda a nessuno nel settore dei coltelli militari e tattici. <strong>Trasporto gratuito.<\/strong><\/p>\n","protected":false},"featured_media":333096,"comment_status":"open","ping_status":"closed","template":"","meta":[],"pwb-brand":[3768],"product_brand":[],"product_cat":[3745,3749],"product_tag":[3755],"class_list":{"0":"post-333093","1":"product","2":"type-product","3":"status-publish","4":"has-post-thumbnail","6":"pwb-brand-rapporto-estremo","7":"product_cat-coltelli","8":"product_cat-coltelli-di-chiusura","9":"product_tag-b2b-it","11":"first","12":"instock","13":"taxable","14":"shipping-taxable","15":"purchasable","16":"product-type-simple"},"brands":[{"id":3768,"name":"Rapporto estremo","slug":"rapporto-estremo"}],"_links":{"self":[{"href":"https:\/\/www.moskito.cz\/it\/wp-json\/wp\/v2\/product\/333093","targetHints":{"allow":["GET"]}}],"collection":[{"href":"https:\/\/www.moskito.cz\/it\/wp-json\/wp\/v2\/product"}],"about":[{"href":"https:\/\/www.moskito.cz\/it\/wp-json\/wp\/v2\/types\/product"}],"replies":[{"embeddable":true,"href":"https:\/\/www.moskito.cz\/it\/wp-json\/wp\/v2\/comments?post=333093"}],"wp:featuredmedia":[{"embeddable":true,"href":"https:\/\/www.moskito.cz\/it\/wp-json\/wp\/v2\/media\/333096"}],"wp:attachment":[{"href":"https:\/\/www.moskito.cz\/it\/wp-json\/wp\/v2\/media?parent=333093"}],"wp:term":[{"taxonomy":"pwb-brand","embeddable":true,"href":"https:\/\/www.moskito.cz\/it\/wp-json\/wp\/v2\/pwb-brand?post=333093"},{"taxonomy":"product_brand","embeddable":true,"href":"https:\/\/www.moskito.cz\/it\/wp-json\/wp\/v2\/product_brand?post=333093"},{"taxonomy":"product_cat","embeddable":true,"href":"https:\/\/www.moskito.cz\/it\/wp-json\/wp\/v2\/product_cat?post=333093"},{"taxonomy":"product_tag","embeddable":true,"href":"https:\/\/www.moskito.cz\/it\/wp-json\/wp\/v2\/product_tag?post=333093"}],"curies":[{"name":"wp","href":"https:\/\/api.w.org\/{rel}","templated":true}]}}