{"id":333101,"date":"2023-08-11T16:10:09","date_gmt":"2024-04-15T15:17:12","guid":{"rendered":"https:\/\/www.moskito.cz\/produkt\/penna-stilografica-microtech-kyroh-403-ti-dlctri\/"},"modified":"2025-05-07T11:11:21","modified_gmt":"2025-05-07T10:11:21","slug":"penna-stilografica-microtech-kyroh-403-ti-dlctri","status":"publish","type":"product","link":"https:\/\/www.moskito.cz\/it\/produkt\/penna-stilografica-microtech-kyroh-403-ti-dlctri\/","title":{"rendered":"Penna stilografica Microtech Kyroh 403-TI-DLCTRI"},"content":{"rendered":"<p>Penna stilografica <strong>Microtech<\/strong> Kyroh 403-TI-DLCTRI<\/p>\n<p><strong>Kyroh<\/strong> \u00e8 una penna a vite che ruota e si blocca in posizione e consente cartucce Fisher Space Pen intercambiabili. La penna \u00e8 realizzata con impugnatura strutturata, vetro infrangibile, una robusta clip da tasca e una cartuccia d&#8217;inchiostro sostituibile Fisher Space Pen. Kyroh sar\u00e0 sicuramente una solida aggiunta al tuo trasporto quotidiano ed \u00e8 disponibile in due dimensioni: standard e mini. \u00c8 il primo nel suo genere a utilizzare una clip da tasca come meccanismo a vite e pensiamo che non sar\u00e0 l&#8217;ultimo.<br \/>\nSpecifiche<\/p>\n<p>Lunghezza totale: <span id=\"cwos\" class=\"qv3Wpe\">14,67<\/span> cm<br \/>\nDiametro: <span id=\"cwos\" class=\"qv3Wpe\">1,25<\/span> cm<br \/>\nMateriale: titanio 6Al4V e fibra di carbonio<br \/>\nFinitura: DLC nero<br \/>\nColore dell&#8217;inserto: nero<br \/>\nInserire il cappuccio al trizio<br \/>\nPeso: 1,8 once.<\/p>\n<p><iframe title=\"Microtech Combat Troodon Torture Test\" width=\"800\" height=\"450\" src=\"https:\/\/www.youtube.com\/embed\/xE9TeOFYEjg?feature=oembed\" frameborder=\"0\" allow=\"accelerometer; autoplay; clipboard-write; encrypted-media; gyroscope; picture-in-picture; web-share\" referrerpolicy=\"strict-origin-when-cross-origin\" allowfullscreen><\/iframe><\/p>\n<p>&nbsp;<\/p>\n<p>&nbsp;<\/p>\n","protected":false},"excerpt":{"rendered":"<p><strong>Penna in titanio Microtech Kyroh standard nera DLC Bolt-Action con clip da tasca.<\/strong><\/p>\n","protected":false},"featured_media":333102,"comment_status":"open","ping_status":"closed","template":"","meta":[],"pwb-brand":[3753],"product_brand":[],"product_cat":[3745,3749],"product_tag":[3755],"class_list":{"0":"post-333101","1":"product","2":"type-product","3":"status-publish","4":"has-post-thumbnail","6":"pwb-brand-microtecnologia-it","7":"product_cat-coltelli","8":"product_cat-coltelli-di-chiusura","9":"product_tag-b2b-it","11":"first","12":"outofstock","13":"taxable","14":"shipping-taxable","15":"purchasable","16":"product-type-simple"},"brands":[{"id":3753,"name":"Microtecnologia","slug":"microtecnologia-it"}],"_links":{"self":[{"href":"https:\/\/www.moskito.cz\/it\/wp-json\/wp\/v2\/product\/333101","targetHints":{"allow":["GET"]}}],"collection":[{"href":"https:\/\/www.moskito.cz\/it\/wp-json\/wp\/v2\/product"}],"about":[{"href":"https:\/\/www.moskito.cz\/it\/wp-json\/wp\/v2\/types\/product"}],"replies":[{"embeddable":true,"href":"https:\/\/www.moskito.cz\/it\/wp-json\/wp\/v2\/comments?post=333101"}],"wp:featuredmedia":[{"embeddable":true,"href":"https:\/\/www.moskito.cz\/it\/wp-json\/wp\/v2\/media\/333102"}],"wp:attachment":[{"href":"https:\/\/www.moskito.cz\/it\/wp-json\/wp\/v2\/media?parent=333101"}],"wp:term":[{"taxonomy":"pwb-brand","embeddable":true,"href":"https:\/\/www.moskito.cz\/it\/wp-json\/wp\/v2\/pwb-brand?post=333101"},{"taxonomy":"product_brand","embeddable":true,"href":"https:\/\/www.moskito.cz\/it\/wp-json\/wp\/v2\/product_brand?post=333101"},{"taxonomy":"product_cat","embeddable":true,"href":"https:\/\/www.moskito.cz\/it\/wp-json\/wp\/v2\/product_cat?post=333101"},{"taxonomy":"product_tag","embeddable":true,"href":"https:\/\/www.moskito.cz\/it\/wp-json\/wp\/v2\/product_tag?post=333101"}],"curies":[{"name":"wp","href":"https:\/\/api.w.org\/{rel}","templated":true}]}}