{"id":333180,"date":"2024-04-15T18:12:23","date_gmt":"2024-04-15T17:16:01","guid":{"rendered":"https:\/\/www.moskito.cz\/produkt\/coltello-di-chiusura-crkt-ceo-flipper-7097rk\/"},"modified":"2025-05-07T11:11:23","modified_gmt":"2025-05-07T10:11:23","slug":"coltello-di-chiusura-crkt-ceo-flipper-7097rk","status":"publish","type":"product","link":"https:\/\/www.moskito.cz\/it\/produkt\/coltello-di-chiusura-crkt-ceo-flipper-7097rk\/","title":{"rendered":"Coltello di chiusura CRKT CEO Flipper 7097RK"},"content":{"rendered":"<p>Coltello di chiusura <strong>CRKT<\/strong> CEO Flipper 7097RK.<\/p>\n<p>A prima vista potrebbe essere confusa con una penna infilata nel taschino della camicia. Ed \u00e8 proprio cos\u00ec che \u00e8 stato progettato il coltello pieghevole CEO Flipper. Con un profilo estremamente basso e senza angoli a scapito dell&#8217;usabilit\u00e0 e dell&#8217;ergonomia, incarna lo spirito lavorativo dell&#8217;uso quotidiano.<br \/>\nAffilatura semplice: la lama in acciaio inossidabile ad alto tenore di carbonio mantiene bene il filo<br \/>\nApertura fluida: il perno con cuscinetto a sfera IKBS\u2122 distribuisce la lama senza intoppi<br \/>\nApertura rapida: Flipper apre rapidamente la lama<br \/>\nForte e leggero: la maniglia in nylon rinforzato con vetro \u00e8 resistente e leggera<br \/>\nFacile da chiudere: il blocco dell&#8217;inserto pu\u00f2 essere facilmente chiuso con una mano<br \/>\nOpzioni di trasporto: clip regolabile per il trasporto con la mano sinistra o destra<\/p>\n<p>Acciaio della lama: AUS 8<br \/>\nBordo della lama liscio<br \/>\nFinitura superficiale della lama EDP<br \/>\nLunghezza lama 8,51 cm<br \/>\nLunghezza totale: 19,52 centimetri<br \/>\nLunghezza da chiuso: 11,03 cm<br \/>\nPeso 1,90 once. (53,86 g)<\/p>\n<p>&nbsp;<\/p>\n","protected":false},"excerpt":{"rendered":"<p>PROGETTISTA<br \/>\nRichard Rogers<br \/>\nMaddalena, Nuovo Messico<br \/>\nI componenti semplici e pratici da indossare ogni giorno sono la mia passione. Con ogni progetto, sono determinato su cosa pu\u00f2 fare per rendere la vita pi\u00f9 facile alla persona che lo tiene.<\/p>\n","protected":false},"featured_media":333129,"comment_status":"open","ping_status":"closed","template":"","meta":[],"pwb-brand":[3763],"product_brand":[],"product_cat":[3745,3749],"product_tag":[],"class_list":{"0":"post-333180","1":"product","2":"type-product","3":"status-publish","4":"has-post-thumbnail","6":"pwb-brand-crkt-it","7":"product_cat-coltelli","8":"product_cat-coltelli-di-chiusura","10":"first","11":"outofstock","12":"taxable","13":"shipping-taxable","14":"purchasable","15":"product-type-simple"},"brands":[{"id":3763,"name":"CRKT","slug":"crkt-it"}],"_links":{"self":[{"href":"https:\/\/www.moskito.cz\/it\/wp-json\/wp\/v2\/product\/333180","targetHints":{"allow":["GET"]}}],"collection":[{"href":"https:\/\/www.moskito.cz\/it\/wp-json\/wp\/v2\/product"}],"about":[{"href":"https:\/\/www.moskito.cz\/it\/wp-json\/wp\/v2\/types\/product"}],"replies":[{"embeddable":true,"href":"https:\/\/www.moskito.cz\/it\/wp-json\/wp\/v2\/comments?post=333180"}],"wp:featuredmedia":[{"embeddable":true,"href":"https:\/\/www.moskito.cz\/it\/wp-json\/wp\/v2\/media\/333129"}],"wp:attachment":[{"href":"https:\/\/www.moskito.cz\/it\/wp-json\/wp\/v2\/media?parent=333180"}],"wp:term":[{"taxonomy":"pwb-brand","embeddable":true,"href":"https:\/\/www.moskito.cz\/it\/wp-json\/wp\/v2\/pwb-brand?post=333180"},{"taxonomy":"product_brand","embeddable":true,"href":"https:\/\/www.moskito.cz\/it\/wp-json\/wp\/v2\/product_brand?post=333180"},{"taxonomy":"product_cat","embeddable":true,"href":"https:\/\/www.moskito.cz\/it\/wp-json\/wp\/v2\/product_cat?post=333180"},{"taxonomy":"product_tag","embeddable":true,"href":"https:\/\/www.moskito.cz\/it\/wp-json\/wp\/v2\/product_tag?post=333180"}],"curies":[{"name":"wp","href":"https:\/\/api.w.org\/{rel}","templated":true}]}}