{"id":333242,"date":"2024-04-15T18:29:09","date_gmt":"2024-04-15T17:31:03","guid":{"rendered":"https:\/\/www.moskito.cz\/produkt\/penna-da-difesa-crkt-williams-penna-tattica-2-tpenwp\/"},"modified":"2025-05-07T11:11:24","modified_gmt":"2025-05-07T10:11:24","slug":"penna-da-difesa-crkt-williams-penna-tattica-2-tpenwp","status":"publish","type":"product","link":"https:\/\/www.moskito.cz\/it\/produkt\/penna-da-difesa-crkt-williams-penna-tattica-2-tpenwp\/","title":{"rendered":"Penna da Difesa CRKT Williams Penna Tattica 2 TPENWP"},"content":{"rendered":"<p>Penna da Difesa <strong>CRKT<\/strong> Williams Penna Tattica 2 TPENWP.<\/p>\n<p>Le apparenze ingannano. Una situazione che richiede l&#8217;autodifesa \u00e8 naturalmente inaspettata. I pi\u00f9 intelligenti sono quelli che pensano al futuro. \u00c8 qui che entra in gioco la Williams Tactical Pen 2. Travestito da sofisticato strumento di scrittura, la sua estremit\u00e0 tattica racchiude un potente pugno. Questa \u00e8 la sottigliezza al suo meglio.<\/p>\n<p>L&#8217;ex ufficiale dell&#8217;esercito e istruttore di arti marziali James Williams \u00e8 un uomo che parla fluentemente gli strumenti di autodifesa di una vasta gamma, abile con la spada quanto con qualsiasi cosa tranne che con una torcia tattica. Anni fa ha progettato una penna tattica nel suo negozio di Encinitas, in California. Il mondo dei coltelli lo adorava. Ora ha risolto il problema ed \u00e8 meglio che mai.<\/p>\n<p>Il corpo in alluminio aeronautico 6061 presenta il leggendario Schmidt MegaLine 4889 M; davvero all&#8217;avanguardia quando si tratta di indossare ogni giorno. L&#8217;elegante strumento ha una finitura nera anodizzata dura e scanalature sagomate per una migliore presa. Ad un&#8217;estremit\u00e0, il cappuccio scatta saldamente in posizione con una clip da tasca rimovibile, mentre all&#8217;altra estremit\u00e0 la punta smussata rimane pronta in modo innocuo in caso di problemi.<\/p>\n<p>Il tuo kit di trasporto quotidiano \u00e8 appena diventato un po&#8217; pi\u00f9 luminoso.<\/p>\n<p>Specifiche:<br \/>\nLunghezza totale: 15,08 centimetri<br \/>\nLunghezza chiusa: 15,83 cm<br \/>\nPeso 1,40 once. (39,69 g)<br \/>\nMateriale: alluminio aeronautico 6061<br \/>\nPeso: 1,4 once.<br \/>\nProgettista: James Williams<\/p>\n","protected":false},"excerpt":{"rendered":"<p>Giacomo Williams<br \/>\nVas, Carolina del Nord<br \/>\nNon vuoi scherzare con Sensei James Williams. Un ex ufficiale dell&#8217;esercito americano con oltre 50 anni di esperienza nelle arti marziali ha sviluppato il Sistema di Strategia. Si tratta di un approccio unico al combattimento senza armi che viene insegnato alle forze operative speciali e alle forze dell&#8217;ordine di tutto il mondo. Tuttavia, quando \u00e8 armato, lo troverai a brandire le lame da lui create, come le lame solide Hisshou\u00ae e Hissatsu\u2122, lo Shizuka noh Ken\u2122 e l&#8217;ormai leggendario Hissatsu\u2122.<\/p>\n","protected":false},"featured_media":333187,"comment_status":"open","ping_status":"closed","template":"","meta":[],"pwb-brand":[3763],"product_brand":[],"product_cat":[3745,3749],"product_tag":[],"class_list":{"0":"post-333242","1":"product","2":"type-product","3":"status-publish","4":"has-post-thumbnail","6":"pwb-brand-crkt-it","7":"product_cat-coltelli","8":"product_cat-coltelli-di-chiusura","10":"first","11":"outofstock","12":"taxable","13":"shipping-taxable","14":"purchasable","15":"product-type-simple"},"brands":[{"id":3763,"name":"CRKT","slug":"crkt-it"}],"_links":{"self":[{"href":"https:\/\/www.moskito.cz\/it\/wp-json\/wp\/v2\/product\/333242","targetHints":{"allow":["GET"]}}],"collection":[{"href":"https:\/\/www.moskito.cz\/it\/wp-json\/wp\/v2\/product"}],"about":[{"href":"https:\/\/www.moskito.cz\/it\/wp-json\/wp\/v2\/types\/product"}],"replies":[{"embeddable":true,"href":"https:\/\/www.moskito.cz\/it\/wp-json\/wp\/v2\/comments?post=333242"}],"wp:featuredmedia":[{"embeddable":true,"href":"https:\/\/www.moskito.cz\/it\/wp-json\/wp\/v2\/media\/333187"}],"wp:attachment":[{"href":"https:\/\/www.moskito.cz\/it\/wp-json\/wp\/v2\/media?parent=333242"}],"wp:term":[{"taxonomy":"pwb-brand","embeddable":true,"href":"https:\/\/www.moskito.cz\/it\/wp-json\/wp\/v2\/pwb-brand?post=333242"},{"taxonomy":"product_brand","embeddable":true,"href":"https:\/\/www.moskito.cz\/it\/wp-json\/wp\/v2\/product_brand?post=333242"},{"taxonomy":"product_cat","embeddable":true,"href":"https:\/\/www.moskito.cz\/it\/wp-json\/wp\/v2\/product_cat?post=333242"},{"taxonomy":"product_tag","embeddable":true,"href":"https:\/\/www.moskito.cz\/it\/wp-json\/wp\/v2\/product_tag?post=333242"}],"curies":[{"name":"wp","href":"https:\/\/api.w.org\/{rel}","templated":true}]}}