{"id":333470,"date":"2024-04-15T19:53:20","date_gmt":"2024-04-15T18:57:58","guid":{"rendered":"https:\/\/www.moskito.cz\/produkt\/strumento-esagonale-crkt-rullo-driver-punta-esagonale-9911\/"},"modified":"2025-05-07T11:11:32","modified_gmt":"2025-05-07T10:11:32","slug":"strumento-esagonale-crkt-rullo-driver-punta-esagonale-9911","status":"publish","type":"product","link":"https:\/\/www.moskito.cz\/it\/produkt\/strumento-esagonale-crkt-rullo-driver-punta-esagonale-9911\/","title":{"rendered":"Strumento esagonale CRKT Rullo driver punta esagonale 9911"},"content":{"rendered":"<p>Strumento esagonale <strong>CRKT<\/strong> Rullo driver punta esagonale 9911.<\/p>\n<p>Arrotolalo e prendilo. Quando sei lontano dalla tua panchina e il tuo trasporto quotidiano necessita di manutenzione, lo strumento driver bit esagonale \u00e8 progettato per essere a portata di mano per una soluzione rapida. Questo cilindro portautensili compatto ma potente \u00e8 attrezzato per contenere fino a 13 punte e due driver (un driver \u00e8 incluso), cos\u00ec non ti ritroverai mai pi\u00f9 con un EDC sporco.<\/p>\n<p>Il designer Joe Wu di Mountain View, California, ha progettato il rotolo di strumenti per driver esagonali come parte della sua collezione di manutenzione. Il driver in ottone a scorrimento regolare \u00e8 dotato di un cuscinetto a sfera per la rimozione o l&#8217;installazione rapida delle parti. Il cilindro portautensili in pelle pieno fiore pu\u00f2 contenere fino a 13 punte ed \u00e8 completamente personalizzabile. Spedito da T6, T7, T8, T9, T10, T15, T20, PH1, PH2, PH3 equipaggiati con CRKT\u00ae, 1,0 x 6 mm, 0,8 x 5,5 mm e 0,6 x 4,5 mm.<\/p>\n<p>Kit di manutenzione completo. Un semplice cilindro portautensili.<\/p>\n<p>Il cuscinetto a sfere nel driver consente un rapido smontaggio o montaggio delle parti<br \/>\nUn magnete nella punta del driver fissa la punta del driver<br \/>\nIl controller si adatta facilmente alla mano e consente un maggiore controllo per un lavoro preciso<br \/>\nDriver in ottone testurizzato per l&#8217;impugnatura<br \/>\nIl cilindro degli strumenti in pelle pu\u00f2 contenere fino a due controller<br \/>\nPu\u00f2 contenere fino a 13 bit: viene fornito con T6, T7, T8, T9, T10, T15, T20, PH1, PH2, PH3, 1,0 x 6 mm, 0,8 x 5,5 mm, 0,6 x 4, 5 mm<\/p>\n<p>Specifiche:<br \/>\nLunghezza totale: 9,47 cm<br \/>\nMateriale manico: ottone<br \/>\nPeso: 2,50 once. (70,87 g)<br \/>\nPeso della cassa: 2,60 once. (73,71 grammi)<br \/>\nProgettista: Joe Wu<\/p>\n<p>&nbsp;<\/p>\n","protected":false},"excerpt":{"rendered":"<p>PROGETTISTA<br \/>\nJoe Wu<br \/>\nVista sulle montagne, California<br \/>\nSempre armeggiando e cercando nuovi modi per migliorare i progetti esistenti, Joe Wu ha iniziato con la progettazione di prodotti presso Scout Leather Co. realizzando prodotti in base alle esigenze e all&#8217;esperienza personali. Negli ultimi anni ha preso le sue idee e affinato le sue capacit\u00e0 imprenditoriali utilizzando metodi tradizionali con un approccio moderno. I suoi progetti e le sue idee sono guidati dalla semplicit\u00e0 e dall&#8217;esperienza dell&#8217;utente; un buon design non deve essere complicato.<\/p>\n","protected":false},"featured_media":333423,"comment_status":"open","ping_status":"closed","template":"","meta":[],"pwb-brand":[3763],"product_brand":[],"product_cat":[3744],"product_tag":[],"class_list":{"0":"post-333470","1":"product","2":"type-product","3":"status-publish","4":"has-post-thumbnail","6":"pwb-brand-crkt-it","7":"product_cat-multi-attrezzo","9":"first","10":"instock","11":"taxable","12":"shipping-taxable","13":"purchasable","14":"product-type-simple"},"brands":[{"id":3763,"name":"CRKT","slug":"crkt-it"}],"_links":{"self":[{"href":"https:\/\/www.moskito.cz\/it\/wp-json\/wp\/v2\/product\/333470","targetHints":{"allow":["GET"]}}],"collection":[{"href":"https:\/\/www.moskito.cz\/it\/wp-json\/wp\/v2\/product"}],"about":[{"href":"https:\/\/www.moskito.cz\/it\/wp-json\/wp\/v2\/types\/product"}],"replies":[{"embeddable":true,"href":"https:\/\/www.moskito.cz\/it\/wp-json\/wp\/v2\/comments?post=333470"}],"wp:featuredmedia":[{"embeddable":true,"href":"https:\/\/www.moskito.cz\/it\/wp-json\/wp\/v2\/media\/333423"}],"wp:attachment":[{"href":"https:\/\/www.moskito.cz\/it\/wp-json\/wp\/v2\/media?parent=333470"}],"wp:term":[{"taxonomy":"pwb-brand","embeddable":true,"href":"https:\/\/www.moskito.cz\/it\/wp-json\/wp\/v2\/pwb-brand?post=333470"},{"taxonomy":"product_brand","embeddable":true,"href":"https:\/\/www.moskito.cz\/it\/wp-json\/wp\/v2\/product_brand?post=333470"},{"taxonomy":"product_cat","embeddable":true,"href":"https:\/\/www.moskito.cz\/it\/wp-json\/wp\/v2\/product_cat?post=333470"},{"taxonomy":"product_tag","embeddable":true,"href":"https:\/\/www.moskito.cz\/it\/wp-json\/wp\/v2\/product_tag?post=333470"}],"curies":[{"name":"wp","href":"https:\/\/api.w.org\/{rel}","templated":true}]}}