{"id":333607,"date":"2021-07-29T21:23:32","date_gmt":"2021-07-29T20:23:32","guid":{"rendered":"https:\/\/www.moskito.cz\/produkt\/coltello-di-chiusura-crkt-lck-3801\/"},"modified":"2025-05-07T11:11:34","modified_gmt":"2025-05-07T10:11:34","slug":"coltello-di-chiusura-crkt-lck-3801","status":"publish","type":"product","link":"https:\/\/www.moskito.cz\/it\/produkt\/coltello-di-chiusura-crkt-lck-3801\/","title":{"rendered":"Coltello di chiusura CRKT LCK+ 3801"},"content":{"rendered":"<p><strong style=\"font-family: -apple-system, BlinkMacSystemFont, 'Segoe UI', Roboto, 'Helvetica Neue', Arial, 'Noto Sans', sans-serif, 'Apple Color Emoji', 'Segoe UI Emoji', 'Segoe UI Symbol', 'Noto Color Emoji';\">Coltello pieghevole CRKT LCK+ 3801<\/strong><\/p>\n<div class=\"flex-1 overflow-hidden @container\/thread\">\n<div class=\"h-full\">\n<div class=\"react-scroll-to-bottom--css-vxybp-79elbk h-full\">\n<div class=\"react-scroll-to-bottom--css-vxybp-1n7m0yu\">\n<div class=\"flex flex-col text-sm md:pb-9\">\n<article class=\"w-full scroll-mb-[var(--thread-trailing-height,150px)] text-token-text-primary focus-visible:outline-2 focus-visible:outline-offset-[-4px]\" dir=\"auto\" data-testid=\"conversation-turn-463\" data-scroll-anchor=\"true\">\n<div class=\"m-auto text-base py-[18px] px-3 md:px-4 w-full md:px-5 lg:px-4 xl:px-5\">\n<div class=\"mx-auto flex flex-1 gap-4 text-base md:gap-5 lg:gap-6 md:max-w-3xl\">\n<div class=\"group\/conversation-turn relative flex w-full min-w-0 flex-col agent-turn\">\n<div class=\"flex-col gap-1 md:gap-3\">\n<div class=\"flex max-w-full flex-col flex-grow\">\n<div class=\"min-h-8 text-message flex w-full flex-col items-end gap-2 whitespace-normal break-words text-start [.text-message+&amp;]:mt-5\" dir=\"auto\" data-message-author-role=\"assistant\" data-message-id=\"aef4849f-584c-45ea-851d-e4d75e9ddba5\" data-message-model-slug=\"gpt-4o-mini\">\n<div class=\"flex w-full flex-col gap-1 empty:hidden first:pt-[3px]\">\n<div class=\"markdown prose w-full break-words dark:prose-invert light\">\n<p><strong>Progettato da:<\/strong> Matthew Lerch, Sussex, Wisconsin<br \/>\n<strong>Stile:<\/strong> coltello pieghevole assistito con design lineare<\/p>\n<p><strong>Il CRKT LCK+ 3801<\/strong> \u00e8 un coltello pieghevole compatto e potente per l&#8217;uso quotidiano, progettato con particolare attenzione alla <strong>velocit\u00e0 e alla funzionalit\u00e0<\/strong> . Questo modello \u00e8 dotato <strong>di apertura assistita<\/strong> , che garantisce <strong>l&#8217;apertura rapidissima della lama<\/strong> con il minimo sforzo, rendendolo la scelta ideale per l&#8217;uso quotidiano quando \u00e8 importante <strong>una risposta rapida<\/strong> . <\/p>\n<h3><strong>Caratteristiche e vantaggi principali:<\/strong><\/h3>\n<h4>1. <strong>Apertura assistita:<\/strong><\/h4>\n<ul>\n<li>Il vantaggio principale di questo coltello \u00e8 <strong>l&#8217;apertura assistita<\/strong> . Una volta <strong>estesa parzialmente la lama<\/strong> , <strong>si attiva automaticamente un meccanismo<\/strong> che apre la lama <strong>con una velocit\u00e0 incredibile<\/strong> . Questo sistema consente <strong>un&#8217;apertura semplice e veloce<\/strong> con una sola mano, rendendolo ideale per un utilizzo immediato.  <\/li>\n<\/ul>\n<h4>2. <strong>Cuscinetto a sfere IKBS\u2122:<\/strong><\/h4>\n<ul>\n<li><strong>Il sistema di cuscinetti a sfere IKBS\u2122<\/strong> assicura <strong>un movimento fluido e regolare della lama<\/strong> , riducendo al minimo la resistenza durante la rotazione e consentendo un&#8217;apertura rapida ed efficiente del coltello.<\/li>\n<\/ul>\n<h4>3. <strong>Design compatto e leggero:<\/strong><\/h4>\n<ul>\n<li><strong>Lunghezza totale:<\/strong> 7,47&#8243; (189,71 mm)<\/li>\n<li><strong>Lunghezza lama:<\/strong> 3,31&#8243; (84,18 mm)<\/li>\n<li><strong>Peso:<\/strong> 2,40 oz. (68,04 g)<\/li>\n<li>Questo coltello \u00e8 <strong>leggero e compatto<\/strong> , quindi \u00e8 facile da trasportare in tasca senza aggiungere peso o ingombro inutili.<\/li>\n<\/ul>\n<h4>4. <strong>Lama in acciaio inossidabile 8Cr13MoV di alta qualit\u00e0:<\/strong><\/h4>\n<ul>\n<li><strong>La lama in acciaio 8Cr13MoV<\/strong> \u00e8 nota per il suo <strong>buon equilibrio tra durevolezza e capacit\u00e0 di mantenere il filo<\/strong> . La finitura <strong>laccata satinata<\/strong> conferisce alla lama un aspetto gradevole e la protegge dalla corrosione e dall&#8217;usura. <\/li>\n<\/ul>\n<h4>5. <strong>Impugnatura ergonomica in nylon rinforzato con fibra di vetro:<\/strong><\/h4>\n<ul>\n<li><strong>L&#8217;impugnatura in nylon rinforzato con fibra di vetro<\/strong> garantisce <strong>elevata durevolezza<\/strong> e <strong>leggerezza<\/strong> , rendendo il coltello comodo da trasportare e da usare.<\/li>\n<li><strong>Le scanalature sull&#8217;impugnatura<\/strong> garantiscono una <strong>presa<\/strong> migliore, anche quando il coltello \u00e8 bagnato, fangoso o unto, aumentando <strong>la sicurezza<\/strong> durante l&#8217;uso.<\/li>\n<\/ul>\n<h4>6. <strong>Blocco della linea:<\/strong><\/h4>\n<ul>\n<li><strong>Il sistema Liner Lock<\/strong> garantisce il <strong>bloccaggio sicuro<\/strong> della lama durante l&#8217;uso. Questo meccanismo consente di <strong>aprire e chiudere<\/strong> il coltello in modo semplice e comodo con una sola mano. <\/li>\n<\/ul>\n<h4>7. <strong>Design moderno e funzionale:<\/strong><\/h4>\n<ul>\n<li>Il coltello ha <strong>un aspetto elegante e lineare<\/strong> che coniuga <strong>elevata funzionalit\u00e0<\/strong> e <strong>stile minimalista<\/strong> . Il design punta a conferire al coltello un aspetto moderno, ma al tempo stesso il pi\u00f9 pratico possibile. <\/li>\n<\/ul>\n<h3><strong>Specifiche:<\/strong><\/h3>\n<ul>\n<li><strong>Lunghezza lama:<\/strong> 3,31&#8243; (84,18 mm)<\/li>\n<li><strong>Bordo:<\/strong> liscio<\/li>\n<li><strong>Acciaio della lama:<\/strong> 8Cr13MoV<\/li>\n<li><strong>Finitura lama:<\/strong> satinata<\/li>\n<li><strong>Spessore della lama:<\/strong> 0,13&#8243; (3,23 mm)<\/li>\n<li><strong>Lunghezza totale:<\/strong> 7,47&#8243; (189,71 mm)<\/li>\n<li><strong>Lunghezza chiusa:<\/strong> 4,16&#8243; (105,66 mm)<\/li>\n<li><strong>Peso:<\/strong> 2,40 oz. (68,04 g)<\/li>\n<li><strong>Manico:<\/strong> nylon rinforzato con fibra di vetro<\/li>\n<li><strong>Stile:<\/strong> coltello pieghevole assistito con blocco liner<\/li>\n<\/ul>\n<h3><strong>Utilizzo:<\/strong><\/h3>\n<ul>\n<li><strong>Coltellino tascabile per uso quotidiano (EDC):<\/strong> le dimensioni compatte e l&#8217;apertura rapida rendono questo coltello ideale per l&#8217;uso quotidiano. Che si tratti di aprire una busta, tagliare materiale da imballaggio o svolgere qualsiasi altra attivit\u00e0 comune, LCK+ ti consentir\u00e0 di lavorare in modo rapido ed efficiente. <\/li>\n<li><strong>Situazioni di emergenza:<\/strong> grazie all&#8217;apertura assistita e al meccanismo fluido, questo coltello \u00e8 perfetto per intervenire rapidamente in caso di emergenza.<\/li>\n<li><strong>Attivit\u00e0 all&#8217;aperto:<\/strong> grazie al manico resistente e alle dimensioni pratiche, \u00e8 ideale per l&#8217;uso nella natura, in campeggio, a pesca o durante le escursioni.<\/li>\n<\/ul>\n<h3><strong>Conclusione:<\/strong><\/h3>\n<p><strong>Il CRKT LCK+ 3801<\/strong> \u00e8 il coltello chiudibile ideale per chi cerca <strong>velocit\u00e0, leggerezza e affidabilit\u00e0<\/strong> . Grazie all&#8217;apertura assistita, alla lama di qualit\u00e0 e al design elegante, \u00e8 lo strumento perfetto per l&#8217;uso quotidiano, che unisce senza compromessi <strong>funzionalit\u00e0 e stile<\/strong> . Che lo utilizziate per le attivit\u00e0 quotidiane o in situazioni in cui \u00e8 necessaria una risposta rapida e sicura, non sentirete la mancanza dell&#8217;LCK+.  <\/p>\n<\/div>\n<\/div>\n<\/div>\n<\/div>\n<div class=\"mb-2 flex gap-3 empty:hidden -ml-2\">\n<div class=\"items-center justify-start rounded-xl p-1 flex\">\n<div class=\"flex items-center\"><\/div>\n<\/div>\n<\/div>\n<div class=\"pr-2 lg:pr-0\"><\/div>\n<\/div>\n<\/div>\n<\/div>\n<\/div>\n<\/article>\n<\/div>\n<\/div>\n<\/div>\n<\/div>\n<\/div>\n<p><iframe title=\"CRKT LCK+ | Matthew Lerch Design\" width=\"800\" height=\"450\" src=\"https:\/\/www.youtube.com\/embed\/xP_OCzLOsWA?feature=oembed\" frameborder=\"0\" allow=\"accelerometer; autoplay; clipboard-write; encrypted-media; gyroscope; picture-in-picture; web-share\" referrerpolicy=\"strict-origin-when-cross-origin\" allowfullscreen><\/iframe><\/p>\n<p>&nbsp;<\/p>\n","protected":false},"excerpt":{"rendered":"<div class=\"flex max-w-full flex-col flex-grow\">\n<div class=\"min-h-8 text-message flex w-full flex-col items-end gap-2 whitespace-normal break-words text-start [.text-message+&amp;]:mt-5\" dir=\"auto\" data-message-author-role=\"assistant\" data-message-id=\"aef4849f-584c-45ea-851d-e4d75e9ddba5\" data-message-model-slug=\"gpt-4o-mini\">\n<div class=\"flex w-full flex-col gap-1 empty:hidden first:pt-[3px]\">\n<div class=\"markdown prose w-full break-words dark:prose-invert light\">\n<p><strong>Il CRKT LCK+ 3801 \u00e8 il coltello pieghevole ideale per chi cerca velocit\u00e0, leggerezza e affidabilit\u00e0. Grazie all&#8217;apertura assistita, alla lama di qualit\u00e0 e al design elegante, \u00e8 lo strumento perfetto per l&#8217;uso quotidiano, che unisce senza compromessi funzionalit\u00e0 e stile. Che lo utilizziate per le attivit\u00e0 quotidiane o in situazioni in cui \u00e8 necessaria una risposta rapida e sicura, non sentirete la mancanza dell&#8217;LCK+.  <\/strong><\/p>\n<\/div>\n<\/div>\n<\/div>\n<\/div>\n<div class=\"mb-2 flex gap-3 empty:hidden -ml-2\">\n<div class=\"items-center justify-start rounded-xl p-1 flex\">\n<div class=\"flex items-center\"><\/div>\n<\/div>\n<\/div>\n","protected":false},"featured_media":333608,"comment_status":"open","ping_status":"closed","template":"","meta":[],"pwb-brand":[3763],"product_brand":[],"product_cat":[3749,3745],"product_tag":[3755],"class_list":{"0":"post-333607","1":"product","2":"type-product","3":"status-publish","4":"has-post-thumbnail","6":"pwb-brand-crkt-it","7":"product_cat-coltelli-di-chiusura","8":"product_cat-coltelli","9":"product_tag-b2b-it","11":"first","12":"instock","13":"taxable","14":"shipping-taxable","15":"purchasable","16":"product-type-simple"},"brands":[{"id":3763,"name":"CRKT","slug":"crkt-it"}],"_links":{"self":[{"href":"https:\/\/www.moskito.cz\/it\/wp-json\/wp\/v2\/product\/333607","targetHints":{"allow":["GET"]}}],"collection":[{"href":"https:\/\/www.moskito.cz\/it\/wp-json\/wp\/v2\/product"}],"about":[{"href":"https:\/\/www.moskito.cz\/it\/wp-json\/wp\/v2\/types\/product"}],"replies":[{"embeddable":true,"href":"https:\/\/www.moskito.cz\/it\/wp-json\/wp\/v2\/comments?post=333607"}],"wp:featuredmedia":[{"embeddable":true,"href":"https:\/\/www.moskito.cz\/it\/wp-json\/wp\/v2\/media\/333608"}],"wp:attachment":[{"href":"https:\/\/www.moskito.cz\/it\/wp-json\/wp\/v2\/media?parent=333607"}],"wp:term":[{"taxonomy":"pwb-brand","embeddable":true,"href":"https:\/\/www.moskito.cz\/it\/wp-json\/wp\/v2\/pwb-brand?post=333607"},{"taxonomy":"product_brand","embeddable":true,"href":"https:\/\/www.moskito.cz\/it\/wp-json\/wp\/v2\/product_brand?post=333607"},{"taxonomy":"product_cat","embeddable":true,"href":"https:\/\/www.moskito.cz\/it\/wp-json\/wp\/v2\/product_cat?post=333607"},{"taxonomy":"product_tag","embeddable":true,"href":"https:\/\/www.moskito.cz\/it\/wp-json\/wp\/v2\/product_tag?post=333607"}],"curies":[{"name":"wp","href":"https:\/\/api.w.org\/{rel}","templated":true}]}}