{"id":333765,"date":"2023-07-03T12:18:29","date_gmt":"2023-07-03T11:18:29","guid":{"rendered":"https:\/\/www.moskito.cz\/produkt\/coltello-pieghevole-spyderco-dragonfly-2-salt-c28pyl2\/"},"modified":"2025-05-07T11:11:38","modified_gmt":"2025-05-07T10:11:38","slug":"coltello-pieghevole-spyderco-dragonfly-2-salt-c28pyl2","status":"publish","type":"product","link":"https:\/\/www.moskito.cz\/it\/produkt\/coltello-pieghevole-spyderco-dragonfly-2-salt-c28pyl2\/","title":{"rendered":"Coltello pieghevole Spyderco Dragonfly 2 Salt C28PYL2"},"content":{"rendered":"<p>Coltello pieghevole <strong>Spyderco<\/strong> Dragonfly 2 Salt C28PYL2<\/p>\n<p>Spyderco Dragonfly 2 \u00e8 ora offerto con un&#8217;opzione lama H2 ultra resistente alla ruggine, chiamata Dragonfly 2 Salt. Ci\u00f2 che rende la Dragonfly un bestseller \u00e8 la sua lama di medie dimensioni, l&#8217;impugnatura ergonomica con un intaglio per l&#8217;indice e la protuberanza dorsale. La sua geometria lama-impugnatura e i punti di leva riempiono la mano di presa, dandoti la sensazione di tagliare con un coltello molto pi\u00f9 grande. L&#8217;impugnatura FRN (nylon rinforzato con fibra di vetro) \u00e8 scolpita con un modello di presa chiamato testurizzazione bidirezionale che riempie ergonomicamente la mano con una variet\u00e0 di angoli e punti di leva ed \u00e8 disponibile in giallo marino.<\/p>\n<p>L&#8217;aggiunta di profili testurizzati sulla base, sul retro e sulla struttura della maniglia avvitata e la clip metallica pieghevole sinistra\/destra consentono un trasporto in tasca facile e comodo. Il posizionamento preciso di Spyderco del foro rotondo svasato rispetto al perno consente un&#8217;apertura\/chiusura fluida. La mola cava per elevate prestazioni di taglio \u00e8 disponibile nella configurazione PlainEdge o SpyderEdge.<br \/>\nFunzione<\/p>\n<p>Clip metallica ribaltabile sinistra\/destra<br \/>\nDavid Boye Dent<br \/>\nSpyderco con foro tondo da 11 mm<br \/>\nImpugnature bidirezionali con texture FRN<br \/>\nDorso, choil e manico jimping<br \/>\nLama a forma di foglia con rettifica piatta<\/p>\n<p>Specifiche<\/p>\n<p>Lunghezza lama: <span id=\"cwos\" class=\"qv3Wpe\">5,62 cm<\/span><br \/>\nLunghezza da chiuso: <span id=\"cwos\" class=\"qv3Wpe\">8,27 cm<\/span><br \/>\nLunghezza totale: 14 cm<br \/>\nAcciaio: acciaio ultra resistente alla corrosione H2<br \/>\nPeso: 1,2 once (34g)<br \/>\nFatto in Giappone<\/p>\n<p>&nbsp;<\/p>\n","protected":false},"excerpt":{"rendered":"<p><strong>Spyderco Dragonfly 2 \u00e8 ora offerto con un&#8217;opzione lama H2 ultra resistente alla corrosione, chiamata Dragonfly 2 Salt.<\/strong><\/p>\n","protected":false},"featured_media":333766,"comment_status":"open","ping_status":"closed","template":"","meta":[],"pwb-brand":[3774],"product_brand":[],"product_cat":[3749,3745],"product_tag":[3755],"class_list":{"0":"post-333765","1":"product","2":"type-product","3":"status-publish","4":"has-post-thumbnail","6":"pwb-brand-spyderco-it","7":"product_cat-coltelli-di-chiusura","8":"product_cat-coltelli","9":"product_tag-b2b-it","11":"first","12":"instock","13":"taxable","14":"shipping-taxable","15":"purchasable","16":"product-type-simple"},"brands":[{"id":3774,"name":"Spyderco","slug":"spyderco-it"}],"_links":{"self":[{"href":"https:\/\/www.moskito.cz\/it\/wp-json\/wp\/v2\/product\/333765","targetHints":{"allow":["GET"]}}],"collection":[{"href":"https:\/\/www.moskito.cz\/it\/wp-json\/wp\/v2\/product"}],"about":[{"href":"https:\/\/www.moskito.cz\/it\/wp-json\/wp\/v2\/types\/product"}],"replies":[{"embeddable":true,"href":"https:\/\/www.moskito.cz\/it\/wp-json\/wp\/v2\/comments?post=333765"}],"wp:featuredmedia":[{"embeddable":true,"href":"https:\/\/www.moskito.cz\/it\/wp-json\/wp\/v2\/media\/333766"}],"wp:attachment":[{"href":"https:\/\/www.moskito.cz\/it\/wp-json\/wp\/v2\/media?parent=333765"}],"wp:term":[{"taxonomy":"pwb-brand","embeddable":true,"href":"https:\/\/www.moskito.cz\/it\/wp-json\/wp\/v2\/pwb-brand?post=333765"},{"taxonomy":"product_brand","embeddable":true,"href":"https:\/\/www.moskito.cz\/it\/wp-json\/wp\/v2\/product_brand?post=333765"},{"taxonomy":"product_cat","embeddable":true,"href":"https:\/\/www.moskito.cz\/it\/wp-json\/wp\/v2\/product_cat?post=333765"},{"taxonomy":"product_tag","embeddable":true,"href":"https:\/\/www.moskito.cz\/it\/wp-json\/wp\/v2\/product_tag?post=333765"}],"curies":[{"name":"wp","href":"https:\/\/api.w.org\/{rel}","templated":true}]}}