{"id":333843,"date":"2023-01-10T21:15:06","date_gmt":"2024-04-17T08:08:13","guid":{"rendered":"https:\/\/www.moskito.cz\/produkt\/martello-crkt-chogan-2724-ascia\/"},"modified":"2025-05-07T11:11:40","modified_gmt":"2025-05-07T10:11:40","slug":"martello-crkt-chogan-2724-ascia","status":"publish","type":"product","link":"https:\/\/www.moskito.cz\/it\/produkt\/martello-crkt-chogan-2724-ascia\/","title":{"rendered":"MARTELLO CRKT CHOGAN\u2122 2724 ascia"},"content":{"rendered":"<p>MARTELLO <strong>CRKT<\/strong> CHOGAN\u2122 2724 ascia<\/p>\n<p>Met\u00e0 martello, met\u00e0 ascia.<\/p>\n<p>Completamente costruito per resistere a qualsiasi compito. Progettato da Ryan Johnson di RMJ Tactical, Hammer Chogan\u2122 divide in due il lavoro di allestimento del tuo accampamento. Pratica e tattica, questa combinazione di ascia e martello taglier\u00e0 tutta la legna da ardere di cui avrai bisogno e conficcher\u00e0 i paletti della tua tenda in profondit\u00e0 nel terreno senza sforzo. Trasporto multiuso, ha perfettamente senso in qualsiasi borsa da avventura.<br \/>\nRobustezza forgiata: l&#8217;acciaio al carbonio 1055 garantisce durata e ritenzione dei bordi<br \/>\nProtezione migliorata: il rivestimento in fosfato di manganese migliora la resistenza alla corrosione<br \/>\nDurevole: il noce americano del Tennessee \u00e8 un materiale denso che pu\u00f2 resistere a un uso intenso<br \/>\nStrumento multiuso: spacca facilmente il legno o martella i picchetti della tenda<br \/>\nSPECIFICHE<br \/>\nLunghezza lama 2,60&#8243; (66,04 mm)<br \/>\nLama d&#8217;ascia con martello<br \/>\nLama in acciaio al carbonio 1055<br \/>\nTrattamento superficiale della lama Rivestimento a base di fosfato di manganese<br \/>\nSpessore lama 1,47&#8243; (37,21 mm)<br \/>\nLunghezza totale 17,88&#8243; (454,03 mm)<br \/>\nPeso 0,81 kg (1,78 libbre)<br \/>\nManico in noce americano Tennessee<br \/>\nStile ascia<\/p>\n<p><iframe title=\"CRKT CHOGAN\u2122 HAMMER | Ryan Johnson of RMJ Tactical Design\" width=\"800\" height=\"450\" src=\"https:\/\/www.youtube.com\/embed\/8xo9LgWYahI?feature=oembed\" frameborder=\"0\" allow=\"accelerometer; autoplay; clipboard-write; encrypted-media; gyroscope; picture-in-picture; web-share\" referrerpolicy=\"strict-origin-when-cross-origin\" allowfullscreen><\/iframe><\/p>\n<p>&nbsp;<\/p>\n","protected":false},"excerpt":{"rendered":"<p>Progettato da Ryan Johnson di RMJ Tactical a Chattanooga, Tennessee.<\/p>\n","protected":false},"featured_media":333844,"comment_status":"open","ping_status":"closed","template":"","meta":[],"pwb-brand":[3763],"product_brand":[],"product_cat":[3733],"product_tag":[3755],"class_list":{"0":"post-333843","1":"product","2":"type-product","3":"status-publish","4":"has-post-thumbnail","6":"pwb-brand-crkt-it","7":"product_cat-assi","8":"product_tag-b2b-it","10":"first","11":"instock","12":"taxable","13":"shipping-taxable","14":"purchasable","15":"product-type-simple"},"brands":[{"id":3763,"name":"CRKT","slug":"crkt-it"}],"_links":{"self":[{"href":"https:\/\/www.moskito.cz\/it\/wp-json\/wp\/v2\/product\/333843","targetHints":{"allow":["GET"]}}],"collection":[{"href":"https:\/\/www.moskito.cz\/it\/wp-json\/wp\/v2\/product"}],"about":[{"href":"https:\/\/www.moskito.cz\/it\/wp-json\/wp\/v2\/types\/product"}],"replies":[{"embeddable":true,"href":"https:\/\/www.moskito.cz\/it\/wp-json\/wp\/v2\/comments?post=333843"}],"wp:featuredmedia":[{"embeddable":true,"href":"https:\/\/www.moskito.cz\/it\/wp-json\/wp\/v2\/media\/333844"}],"wp:attachment":[{"href":"https:\/\/www.moskito.cz\/it\/wp-json\/wp\/v2\/media?parent=333843"}],"wp:term":[{"taxonomy":"pwb-brand","embeddable":true,"href":"https:\/\/www.moskito.cz\/it\/wp-json\/wp\/v2\/pwb-brand?post=333843"},{"taxonomy":"product_brand","embeddable":true,"href":"https:\/\/www.moskito.cz\/it\/wp-json\/wp\/v2\/product_brand?post=333843"},{"taxonomy":"product_cat","embeddable":true,"href":"https:\/\/www.moskito.cz\/it\/wp-json\/wp\/v2\/product_cat?post=333843"},{"taxonomy":"product_tag","embeddable":true,"href":"https:\/\/www.moskito.cz\/it\/wp-json\/wp\/v2\/product_tag?post=333843"}],"curies":[{"name":"wp","href":"https:\/\/api.w.org\/{rel}","templated":true}]}}