{"id":333939,"date":"2021-05-09T20:33:50","date_gmt":"2021-05-09T19:33:50","guid":{"rendered":"https:\/\/www.moskito.cz\/produkt\/coltello-chiudibile-extrema-ratio-resolza-10-stone-washed\/"},"modified":"2026-03-02T13:59:34","modified_gmt":"2026-03-02T12:59:34","slug":"coltello-chiudibile-extrema-ratio-resolza-10-stone-washed","status":"publish","type":"product","link":"https:\/\/www.moskito.cz\/it\/produkt\/coltello-chiudibile-extrema-ratio-resolza-10-stone-washed\/","title":{"rendered":"Coltello Chiudibile Extrema Ratio RESOLZA 10 STONE WASHED"},"content":{"rendered":"<p>Coltello Chiudibile <strong>Extrema Ratio<\/strong> RESOLZA 10 STONE WASHED.<\/p>\n<p><strong>RESOLZA<\/strong> \u00e8 un nome antico che ricorda la parola italiana per rasoio. La secolare &#8220;resolza&#8221; sarda, uno dei coltelli tradizionali pi\u00f9 famosi del nostro Paese, \u00e8 ancora oggi una compagna costante dei contadini e dei pastori dell&#8217;isola nel loro lavoro quotidiano. Li segu\u00ec anche quando furono chiamati in guerra: le cronache della Brigata Sassari durante la Prima Guerra Mondiale menzionano un coltello tra l&#8217;equipaggiamento dei soldati. Il nostro tentativo di rivalutare questo design tradizionale secondo i nostri standard \u00e8 inteso come un tributo, senza trascurare gli artigiani sardi che praticano ancora i vecchi modi di realizzare coltelli e mantenere in vita gli antenati. Questa RESOLZA mantiene le dimensioni e le proporzioni originali con una lama da 3,9 pollici, ma \u00e8 prodotta con i consueti materiali e tecnologie di fascia alta di Extrema Ratio. Il manico \u00e8 stato ridisegnato, mentre la lama segue pi\u00f9 da vicino la forma tradizionale. Come miglioramento rispetto alla tradizione, abbiamo aggiunto un meccanismo di bloccaggio della lama. Versioni disponibili: RESOLZA 10 BLACK, RESOLZA 10 STONE WASHED.<br \/>\nSCHEDA TECNICA<br \/>\nPeso oz.: 2,29<br \/>\nLunghezza lama (mm): 100<br \/>\nLunghezza lama (pollici): 3,93<br \/>\nLunghezza totale (mm): 220<br \/>\nLunghezza totale (in pollici): 8,66<br \/>\nSpessore lama (mm): 3<br \/>\nSpessore lama (in pollici): 0,11<br \/>\nMateriale lama: ACCIAIO B\u00f6HLER N690 (58HRC)<br \/>\nFinitura lama: RIVESTITO IN PIETRA<br \/>\nGriglia principale: PIATTA<br \/>\nMateriale impugnatura: ALLUMINIO ANODIZZATO ANTICORODAL<\/p>\n","protected":false},"excerpt":{"rendered":"<p>Con sede a Prato, in Italia <strong>, Extrema Ratio<\/strong> progetta e produce coltelli da combattimento, militari, da cucina, da caccia e tattici ad alte prestazioni dal 1997 e ha una reputazione di qualit\u00e0 superiore che non \u00e8 seconda a nessuno nel settore dei coltelli militari e tattici. <strong>Trasporto gratuito.<\/strong><\/p>\n","protected":false},"featured_media":333940,"comment_status":"open","ping_status":"closed","template":"","meta":[],"pwb-brand":[3768],"product_brand":[],"product_cat":[3749,3745],"product_tag":[3755],"class_list":{"0":"post-333939","1":"product","2":"type-product","3":"status-publish","4":"has-post-thumbnail","6":"pwb-brand-rapporto-estremo","7":"product_cat-coltelli-di-chiusura","8":"product_cat-coltelli","9":"product_tag-b2b-it","11":"first","12":"outofstock","13":"taxable","14":"shipping-taxable","15":"purchasable","16":"product-type-simple"},"brands":[{"id":3768,"name":"Rapporto estremo","slug":"rapporto-estremo"}],"_links":{"self":[{"href":"https:\/\/www.moskito.cz\/it\/wp-json\/wp\/v2\/product\/333939","targetHints":{"allow":["GET"]}}],"collection":[{"href":"https:\/\/www.moskito.cz\/it\/wp-json\/wp\/v2\/product"}],"about":[{"href":"https:\/\/www.moskito.cz\/it\/wp-json\/wp\/v2\/types\/product"}],"replies":[{"embeddable":true,"href":"https:\/\/www.moskito.cz\/it\/wp-json\/wp\/v2\/comments?post=333939"}],"wp:featuredmedia":[{"embeddable":true,"href":"https:\/\/www.moskito.cz\/it\/wp-json\/wp\/v2\/media\/333940"}],"wp:attachment":[{"href":"https:\/\/www.moskito.cz\/it\/wp-json\/wp\/v2\/media?parent=333939"}],"wp:term":[{"taxonomy":"pwb-brand","embeddable":true,"href":"https:\/\/www.moskito.cz\/it\/wp-json\/wp\/v2\/pwb-brand?post=333939"},{"taxonomy":"product_brand","embeddable":true,"href":"https:\/\/www.moskito.cz\/it\/wp-json\/wp\/v2\/product_brand?post=333939"},{"taxonomy":"product_cat","embeddable":true,"href":"https:\/\/www.moskito.cz\/it\/wp-json\/wp\/v2\/product_cat?post=333939"},{"taxonomy":"product_tag","embeddable":true,"href":"https:\/\/www.moskito.cz\/it\/wp-json\/wp\/v2\/product_tag?post=333939"}],"curies":[{"name":"wp","href":"https:\/\/api.w.org\/{rel}","templated":true}]}}