{"id":334160,"date":"2024-04-17T19:41:20","date_gmt":"2024-04-17T18:43:07","guid":{"rendered":"https:\/\/www.moskito.cz\/produkt\/coltello-pieghevole-crkt-facet-k253tm390-in-edizione-limitata\/"},"modified":"2025-05-07T11:11:50","modified_gmt":"2025-05-07T10:11:50","slug":"coltello-pieghevole-crkt-facet-k253tm390-in-edizione-limitata","status":"publish","type":"product","link":"https:\/\/www.moskito.cz\/it\/produkt\/coltello-pieghevole-crkt-facet-k253tm390-in-edizione-limitata\/","title":{"rendered":"Coltello pieghevole CRKT Facet K253TM390 in edizione limitata"},"content":{"rendered":"<p>Coltello pieghevole <strong>CRKT<\/strong> Facet K253TM390 in edizione limitata.<\/p>\n<p>Ken Onion \u00e8 noto per il suo design elegante e pratico e il K253TM390 non fa eccezione. Gli angoli e le sfaccettature del manico completano il design sottile e la forma angolare della lama. Dotate del sistema di perni con cuscinetti a sfera IKBS di CRKT, le racchette Blade si aprono come non avresti creduto. La lama \u00e8 realizzata in acciaio Bohler M390 di prima qualit\u00e0 per un&#8217;eccezionale ritenzione del filo e ha una finitura satinata. Il blocco del telaio inserito utilizza una robusta barra di bloccaggio per fissare saldamente la lama. Con l&#8217;aggiunta di una clip da tasca semi-profonda, Facet \u00e8 facile da trasportare senza attirare l&#8217;attenzione o intralciarsi.<\/p>\n<p>Questa speciale edizione limitata del popolare design Facet presenta un sostanziale miglioramento delle maniglie in acciaio e titanio con un fantastico design a &#8220;rivetto&#8221;. Limitato a 500 pezzi.<\/p>\n<p>Informazioni sul designer di coltelli<\/p>\n<p>Ken Onion \u2013 \u201cSebbene sia stato un appassionato collezionista di coltelli fin dall&#8217;infanzia, collezionando principalmente coltelli da magazzino e qualsiasi altra cosa potessi trovare, non ero a conoscenza dell&#8217;industria dei coltelli personalizzati fino al 1989, quando ho visto un numero di Knives Illustrated nella mia farmacia locale. Da l\u00ec ho trovato un coltellinaio locale di nome Stan Fujisaka e lo ho implorato di insegnarmi. Ho realizzato il mio primo coltello nel novembre 1991 e da allora ho lavorato nel settore in convalescenza dopo un intervento chirurgico alla schiena nel 1996 e ho deciso di progettare una cartella che fosse pi\u00f9 facile da maneggiare rispetto a quella disponibile e non una lama da tiro. Il risultato fu il primo coltello assistito, che chiamai &#8220;Speed \u200b\u200bSafe&#8221;. una categoria di coltelli completamente nuova tra manuale e automatico.&#8221;<\/p>\n<p>Lama in acciaio M390<br \/>\nBordo della lama liscio<br \/>\nFinitura lama satinata<\/p>\n<p>Lunghezza lama: 8,88 cm<br \/>\nSpessore lama: 0,31 cm<br \/>\nLunghezza totale: 19,6 cm<br \/>\nLunghezza da chiuso: 10,97 cm<br \/>\nPeso 3,00 once. (85,05 g)<\/p>\n","protected":false},"excerpt":{"rendered":"<p>Ken Cipolla<br \/>\nKaneohe, Hawaii<br \/>\nKen \u00e8 il vero affare. Ken, il pi\u00f9 giovane candidato ad essere inserito nella Blade Magazine Hall of Fame nel 2008, \u00e8 riconosciuto come uno dei designer di coltelli pi\u00f9 innovativi e di successo di tutti i tempi. Nel 1996 ha creato il primo meccanismo di apertura assistita di successo commerciale e 20 anni dopo ha presentato la sua pluripremiata tecnologia Field Strip. Ora questa innovazione rivoluzionaria stabilisce un nuovo standard con la tecnologia Field Strip Gen II, una rinascita che deve essere all\u2019altezza del suo nome.<\/p>\n","protected":false},"featured_media":334119,"comment_status":"open","ping_status":"closed","template":"","meta":[],"pwb-brand":[3763],"product_brand":[],"product_cat":[3745,3749],"product_tag":[3755],"class_list":{"0":"post-334160","1":"product","2":"type-product","3":"status-publish","4":"has-post-thumbnail","6":"pwb-brand-crkt-it","7":"product_cat-coltelli","8":"product_cat-coltelli-di-chiusura","9":"product_tag-b2b-it","11":"first","12":"instock","13":"taxable","14":"shipping-taxable","15":"purchasable","16":"product-type-simple"},"brands":[{"id":3763,"name":"CRKT","slug":"crkt-it"}],"_links":{"self":[{"href":"https:\/\/www.moskito.cz\/it\/wp-json\/wp\/v2\/product\/334160","targetHints":{"allow":["GET"]}}],"collection":[{"href":"https:\/\/www.moskito.cz\/it\/wp-json\/wp\/v2\/product"}],"about":[{"href":"https:\/\/www.moskito.cz\/it\/wp-json\/wp\/v2\/types\/product"}],"replies":[{"embeddable":true,"href":"https:\/\/www.moskito.cz\/it\/wp-json\/wp\/v2\/comments?post=334160"}],"wp:featuredmedia":[{"embeddable":true,"href":"https:\/\/www.moskito.cz\/it\/wp-json\/wp\/v2\/media\/334119"}],"wp:attachment":[{"href":"https:\/\/www.moskito.cz\/it\/wp-json\/wp\/v2\/media?parent=334160"}],"wp:term":[{"taxonomy":"pwb-brand","embeddable":true,"href":"https:\/\/www.moskito.cz\/it\/wp-json\/wp\/v2\/pwb-brand?post=334160"},{"taxonomy":"product_brand","embeddable":true,"href":"https:\/\/www.moskito.cz\/it\/wp-json\/wp\/v2\/product_brand?post=334160"},{"taxonomy":"product_cat","embeddable":true,"href":"https:\/\/www.moskito.cz\/it\/wp-json\/wp\/v2\/product_cat?post=334160"},{"taxonomy":"product_tag","embeddable":true,"href":"https:\/\/www.moskito.cz\/it\/wp-json\/wp\/v2\/product_tag?post=334160"}],"curies":[{"name":"wp","href":"https:\/\/api.w.org\/{rel}","templated":true}]}}