{"id":334216,"date":"2024-04-17T20:05:39","date_gmt":"2024-04-17T19:08:06","guid":{"rendered":"https:\/\/www.moskito.cz\/produkt\/coltello-chiudibile-damasco-crkt-folts-ritual-compact-7466\/"},"modified":"2025-05-07T11:11:51","modified_gmt":"2025-05-07T10:11:51","slug":"coltello-chiudibile-damasco-crkt-folts-ritual-compact-7466","status":"publish","type":"product","link":"https:\/\/www.moskito.cz\/it\/produkt\/coltello-chiudibile-damasco-crkt-folts-ritual-compact-7466\/","title":{"rendered":"Coltello Chiudibile Damasco CRKT Folts Ritual Compact 7466"},"content":{"rendered":"<p>Coltello Chiudibile Damasco <strong>CRKT<\/strong> Folts Ritual Compact 7466.<\/p>\n<p>Un&#8217;aggiunta all&#8217;avanguardia alla famiglia Ritual\u2122, il Ritual\u2122 Compact \u00e8 un eccezionale coltello tascabile pieghevole ispirato alle lame fisse persiane del vecchio mondo. Realizzato in acciaio di Damasco con una lama pi\u00f9 corta che misura poco pi\u00f9 di tre pollici, questo straordinario trasporto quotidiano impressioner\u00e0 sicuramente con la sua caratteristica finitura acidata e gli accenti della maniglia in titanio anodizzato blu. Che tu stia combattendo nell&#8217;antica Persia o aggiornando la tua collezione, fallo con senso dello stile.<br \/>\nMateriali premium: lama in acciaio damasco per eccellenti prestazioni di taglio<br \/>\nApertura fluida: il flipper o il pollice con perno con cuscinetto a sfera IKBS\u2122 distribuisce la lama senza intoppi<br \/>\nForte e visivo: la maniglia in fibra di carbonio con rinforzo damascato unisce forza e fascino visivo<br \/>\nFacile da chiudere: la serratura in titanio pu\u00f2 essere chiusa facilmente con una mano<br \/>\nAppeal visivo: backspacer e clip in titanio anodizzato blu<\/p>\n<p>Lama in acciaio Damasco<br \/>\nBordo della lama liscio<br \/>\nTrattamento superficiale della lama Acid Etch<\/p>\n<p>Lunghezza lama: 8,44 cm<br \/>\nSpessore lama: 0,32 cm<br \/>\nLunghezza totale: 18,41 cm<br \/>\nLunghezza da chiuso: 10,15 cm<br \/>\nPeso 3,20 once (90,72 g)<\/p>\n<p>Materiale manico Fibra di carbonio con cuscino damascato<br \/>\nElegante coltello pieghevole con blocco della fodera<\/p>\n<p><iframe title=\"CRKT Ritual\u2122 Compact | Alan Folts Design\" width=\"800\" height=\"450\" src=\"https:\/\/www.youtube.com\/embed\/0UcKXyF5Lf4?feature=oembed\" frameborder=\"0\" allow=\"accelerometer; autoplay; clipboard-write; encrypted-media; gyroscope; picture-in-picture; web-share\" referrerpolicy=\"strict-origin-when-cross-origin\" allowfullscreen><\/iframe><\/p>\n<p>&nbsp;<\/p>\n","protected":false},"excerpt":{"rendered":"<p>Alan Foltz<br \/>\nMelbourne, Florida<br \/>\nQuando si tratta di coltelli, Alan sa tutto su come restituire qualcosa alle persone. Si \u00e8 fatto strada attraverso le universit\u00e0 inserendo coltelli nelle mostre d&#8217;arte. Da allora, \u00e8 stato implacabile nell&#8217;insegnare e trasmettere ad altri le abilit\u00e0 della produzione di coltelli personalizzati. \u00c8 specializzato in lame solide uniche che hanno una grande ergonomia e un elegante design futuristico, come la gamma Folts Minimalist \u00ae pi\u00f9 venduta.<\/p>\n<p>Trasporto gratuito.<\/p>\n","protected":false},"featured_media":334168,"comment_status":"open","ping_status":"closed","template":"","meta":[],"pwb-brand":[3763],"product_brand":[],"product_cat":[3745,3761],"product_tag":[3755],"class_list":{"0":"post-334216","1":"product","2":"type-product","3":"status-publish","4":"has-post-thumbnail","6":"pwb-brand-crkt-it","7":"product_cat-coltelli","8":"product_cat-coltelli-damascenati","9":"product_tag-b2b-it","11":"first","12":"instock","13":"taxable","14":"shipping-taxable","15":"purchasable","16":"product-type-simple"},"brands":[{"id":3763,"name":"CRKT","slug":"crkt-it"}],"_links":{"self":[{"href":"https:\/\/www.moskito.cz\/it\/wp-json\/wp\/v2\/product\/334216","targetHints":{"allow":["GET"]}}],"collection":[{"href":"https:\/\/www.moskito.cz\/it\/wp-json\/wp\/v2\/product"}],"about":[{"href":"https:\/\/www.moskito.cz\/it\/wp-json\/wp\/v2\/types\/product"}],"replies":[{"embeddable":true,"href":"https:\/\/www.moskito.cz\/it\/wp-json\/wp\/v2\/comments?post=334216"}],"wp:featuredmedia":[{"embeddable":true,"href":"https:\/\/www.moskito.cz\/it\/wp-json\/wp\/v2\/media\/334168"}],"wp:attachment":[{"href":"https:\/\/www.moskito.cz\/it\/wp-json\/wp\/v2\/media?parent=334216"}],"wp:term":[{"taxonomy":"pwb-brand","embeddable":true,"href":"https:\/\/www.moskito.cz\/it\/wp-json\/wp\/v2\/pwb-brand?post=334216"},{"taxonomy":"product_brand","embeddable":true,"href":"https:\/\/www.moskito.cz\/it\/wp-json\/wp\/v2\/product_brand?post=334216"},{"taxonomy":"product_cat","embeddable":true,"href":"https:\/\/www.moskito.cz\/it\/wp-json\/wp\/v2\/product_cat?post=334216"},{"taxonomy":"product_tag","embeddable":true,"href":"https:\/\/www.moskito.cz\/it\/wp-json\/wp\/v2\/product_tag?post=334216"}],"curies":[{"name":"wp","href":"https:\/\/api.w.org\/{rel}","templated":true}]}}