{"id":334376,"date":"2024-04-17T20:41:20","date_gmt":"2024-04-17T19:43:55","guid":{"rendered":"https:\/\/www.moskito.cz\/produkt\/coltello-fisso-crkt-clever-girl-2709b\/"},"modified":"2025-05-07T11:11:56","modified_gmt":"2025-05-07T10:11:56","slug":"coltello-fisso-crkt-clever-girl-2709b","status":"publish","type":"product","link":"https:\/\/www.moskito.cz\/it\/produkt\/coltello-fisso-crkt-clever-girl-2709b\/","title":{"rendered":"Coltello Fisso CRKT Clever Girl 2709B"},"content":{"rendered":"<p>Coltello Fisso <strong>CRKT<\/strong> Clever Girl 2709B.<\/p>\n<p>La lama fissa tattica Clever Girl\u2122 pu\u00f2 aiutarti a trovare la via d&#8217;uscita da situazioni difficili con la sua potente lama rivolta verso l&#8217;alto. Questa versione aggiunge ulteriore utilit\u00e0 sotto forma di Veff Serrations\u2122 per tagliare facilmente oggetti come la corda e un manico marmorizzato G10 per una maggiore eleganza e funzionalit\u00e0 di presa per tutte le stagioni.<\/p>\n<p>L&#8217;ente di beneficenza di Austin McGlaun per questo coltello \u00e8 la Green Beret Foundation.<\/p>\n<p>Fondato nel 2016, il programma Forged by War\u00ae ha guidato la collaborazione tra CRKT e Veterani e invita i veri guerrieri ad applicare le loro conoscenze ed esperienze per progettare una linea speciale di coltelli e strumenti pronti per la missione. Oltre a ricevere una commissione per i loro progetti, una parte dei profitti viene donata a un ente di beneficenza per veterani. CRKT \u00e8 orgogliosa di offrire questa raccolta fondi specializzata per sostenere gli enti di beneficenza partecipanti a livello nazionale.<\/p>\n<p>Acciaio ad alte prestazioni: l&#8217;acciaio al carbonio SK-5 trattiene bene la lama<br \/>\nEstremamente affilato: Veff Serrations\u2122 fornisce un eccellente potere di taglio per corde e cinghie<br \/>\nPresa eccezionale: l&#8217;impugnatura G10 offre una presa eccezionale in tutte le condizioni<br \/>\nCompatibile con il cambio: guscio termoplastico resistente con opzione di montaggio<br \/>\nCompatibile con gli attrezzi: le clip interne regolabili garantiscono un&#8217;usura sicura della cintura e del cinturino<br \/>\nSpecifiche<\/p>\n<p>Lama in acciaio SK-5<br \/>\nBlade Edge Veff Serrations\u2122<br \/>\nTrattamento superficiale della verniciatura a polvere della lama<\/p>\n<p>Lunghezza lama: 11,68 cm<br \/>\nSpessore lama 0,40 cm<br \/>\nLunghezza totale: 25,71 cm<br \/>\nPeso 6,30 once. (178,60 g)<br \/>\nALTRO<br \/>\nMateriale manico G10<br \/>\nElegante coltello a lama fissa con fodero<br \/>\nMateriale della calotta Termoplastico<\/p>\n<p><iframe title=\"CRKT Clever Girl\u2122 Fixed | Austin McGlaun Design\" width=\"800\" height=\"450\" src=\"https:\/\/www.youtube.com\/embed\/lsooCJ8hItI?feature=oembed\" frameborder=\"0\" allow=\"accelerometer; autoplay; clipboard-write; encrypted-media; gyroscope; picture-in-picture; web-share\" referrerpolicy=\"strict-origin-when-cross-origin\" allowfullscreen><\/iframe><\/p>\n<p>&nbsp;<\/p>\n<p>&nbsp;<\/p>\n","protected":false},"excerpt":{"rendered":"<p>PROGETTISTA<br \/>\nAustin McGlaun<br \/>\nSpring Lake Park, Minnesota<br \/>\nC&#8217;\u00e8 chi combatte con i coltelli. Ci sono altri che li suggeriscono. E poi&#8230; c&#8217;\u00e8 Austin. Dopo aver prestato servizio con la 101\u00aa Divisione aviotrasportata in Iraq e come poliziotto di strada a Columbus, in Georgia, sa che un coltello deve funzionare sia come arma che come strumento. Nell&#8217;ambito del programma Forged By War\u00ae, ha applicato le sue abilit\u00e0 di veterinario di combattimento e produttore di coltelli allo sviluppo di Clever Girl\u2122. Per non parlare di un nuovo modo per riportare a casa i tuoi compagni. Quando gli chiedi qual \u00e8 la sua filosofia progettuale, ti dice che se un coltello \u00e8 brutto ma efficace, non \u00e8 brutto. \u00c8 perfetto.<\/p>\n","protected":false},"featured_media":334337,"comment_status":"open","ping_status":"closed","template":"","meta":[],"pwb-brand":[3763],"product_brand":[],"product_cat":[3746,3745],"product_tag":[3755],"class_list":{"0":"post-334376","1":"product","2":"type-product","3":"status-publish","4":"has-post-thumbnail","6":"pwb-brand-crkt-it","7":"product_cat-coltelli-solidi","8":"product_cat-coltelli","9":"product_tag-b2b-it","11":"first","12":"instock","13":"sale","14":"taxable","15":"shipping-taxable","16":"purchasable","17":"product-type-simple"},"brands":[{"id":3763,"name":"CRKT","slug":"crkt-it"}],"_links":{"self":[{"href":"https:\/\/www.moskito.cz\/it\/wp-json\/wp\/v2\/product\/334376","targetHints":{"allow":["GET"]}}],"collection":[{"href":"https:\/\/www.moskito.cz\/it\/wp-json\/wp\/v2\/product"}],"about":[{"href":"https:\/\/www.moskito.cz\/it\/wp-json\/wp\/v2\/types\/product"}],"replies":[{"embeddable":true,"href":"https:\/\/www.moskito.cz\/it\/wp-json\/wp\/v2\/comments?post=334376"}],"wp:featuredmedia":[{"embeddable":true,"href":"https:\/\/www.moskito.cz\/it\/wp-json\/wp\/v2\/media\/334337"}],"wp:attachment":[{"href":"https:\/\/www.moskito.cz\/it\/wp-json\/wp\/v2\/media?parent=334376"}],"wp:term":[{"taxonomy":"pwb-brand","embeddable":true,"href":"https:\/\/www.moskito.cz\/it\/wp-json\/wp\/v2\/pwb-brand?post=334376"},{"taxonomy":"product_brand","embeddable":true,"href":"https:\/\/www.moskito.cz\/it\/wp-json\/wp\/v2\/product_brand?post=334376"},{"taxonomy":"product_cat","embeddable":true,"href":"https:\/\/www.moskito.cz\/it\/wp-json\/wp\/v2\/product_cat?post=334376"},{"taxonomy":"product_tag","embeddable":true,"href":"https:\/\/www.moskito.cz\/it\/wp-json\/wp\/v2\/product_tag?post=334376"}],"curies":[{"name":"wp","href":"https:\/\/api.w.org\/{rel}","templated":true}]}}