{"id":334382,"date":"2022-06-08T10:06:35","date_gmt":"2024-04-18T06:12:30","guid":{"rendered":"https:\/\/www.moskito.cz\/produkt\/coltello-fisso-boker-plus-boker-plus-v-42\/"},"modified":"2025-05-07T11:11:57","modified_gmt":"2025-05-07T10:11:57","slug":"coltello-fisso-boker-plus-boker-plus-v-42","status":"publish","type":"product","link":"https:\/\/www.moskito.cz\/it\/produkt\/coltello-fisso-boker-plus-boker-plus-v-42\/","title":{"rendered":"Coltello fisso B\u00f6ker Plus B\u00f6ker Plus V-42"},"content":{"rendered":"<p>Coltello <strong>fisso B\u00f6ker<\/strong> Plus B\u00f6ker Plus V-42.<\/p>\n<p>La Brigata del Diavolo fu costituita nel luglio 1942. Sotto il nome ufficiale 1. unit\u00e0 di servizio speciale, i soldati americani e canadesi furono uniti per formare una task force speciale addestrata a combattere dietro le linee nemiche. Le origini di molte forze speciali possono essere ricondotte a questa forza speciale. A causa delle numerose operazioni notturne in cui tutti i volti venivano anneriti per mimetizzarsi, la Wehrmacht tedesca coni\u00f2 il soprannome di Diavoli Neri, che testimoniava il grande rispetto che avevano per il nemico, nonostante l&#8217;unit\u00e0 fosse relativamente piccola. Negli anni 1943 e 1944 1. La SSF ha portato a termine con successo numerose operazioni in Italia e in Francia ed \u00e8 stata in grado di influenzare una serie di situazioni importanti.<\/p>\n<p>Una parte importante dell&#8217;equipaggiamento della Brigata del Diavolo era il coltello da combattimento V-42 appositamente progettato, che faceva anche parte di un intenso addestramento al combattimento ravvicinato. L&#8217;impugnatura dei dischi in pelle pressata termina con un cappuccio a punta. La spessa imbottitura in pelle sotto la testa leggermente curva deve aver impedito lesioni. La lama a doppio taglio in acciaio al carbonio inossidabile SK-85 \u00e8 rivestita e presenta un poggiapollice ondulato attorno all&#8217;area del ricasso. Questo leggendario pugnale \u00e8 ancora decorato con le insegne delle forze speciali dell&#8217;esercito americano.<\/p>\n<p>Questo esclusivo oggetto da collezione viene fornito non solo con una classica custodia in pelle, ma anche con una replica dell&#8217;insegna in tessuto dell&#8217;unit\u00e0, che \u00e8 una punta di lancia rossa, e con una riproduzione dell&#8217;adesivo originale tedesco con il testo &#8220;Il peggio deve ancora venire! &#8221; &#8220;. Inoltre, visualizza l&#8217;etichetta 1. Il SSF che veniva attaccato su muri, automobili, porte, ecc. dietro le linee nemiche per demoralizzare il nemico. Un set da collezione premium non solo per gli amanti della storia militare!<\/p>\n<p>Tipo: Lama fissa<br \/>\nLunghezza totale: 30,40 cm<br \/>\nLunghezza lama: 17,80 cm<br \/>\nSpessore lama: 5,00 mm<br \/>\nPeso: 196,00 grammi<br \/>\nMateriale lama: SK-85<br \/>\nMateriale manico: Pelle<br \/>\nColore: marrone<br \/>\nColore lama: nero<br \/>\nMateriale della scocca: pelle<br \/>\nCodice articolo: 02BO047<\/p>\n<p>&nbsp;<\/p>\n","protected":false},"excerpt":{"rendered":"<p>Il pugnale da combattimento <strong>V-42<\/strong> divenne famoso al servizio dell&#8217;unit\u00e0 alleata americano-canadese Devil&#8217;s Brigade.<\/p>\n","protected":false},"featured_media":334397,"comment_status":"open","ping_status":"closed","template":"","meta":[],"pwb-brand":[3798],"product_brand":[],"product_cat":[3745,3746],"product_tag":[3755],"class_list":{"0":"post-334382","1":"product","2":"type-product","3":"status-publish","4":"has-post-thumbnail","6":"pwb-brand-boker-it","7":"product_cat-coltelli","8":"product_cat-coltelli-solidi","9":"product_tag-b2b-it","11":"first","12":"outofstock","13":"taxable","14":"shipping-taxable","15":"purchasable","16":"product-type-simple"},"brands":[{"id":3798,"name":"Boker","slug":"boker-it"}],"_links":{"self":[{"href":"https:\/\/www.moskito.cz\/it\/wp-json\/wp\/v2\/product\/334382","targetHints":{"allow":["GET"]}}],"collection":[{"href":"https:\/\/www.moskito.cz\/it\/wp-json\/wp\/v2\/product"}],"about":[{"href":"https:\/\/www.moskito.cz\/it\/wp-json\/wp\/v2\/types\/product"}],"replies":[{"embeddable":true,"href":"https:\/\/www.moskito.cz\/it\/wp-json\/wp\/v2\/comments?post=334382"}],"wp:featuredmedia":[{"embeddable":true,"href":"https:\/\/www.moskito.cz\/it\/wp-json\/wp\/v2\/media\/334397"}],"wp:attachment":[{"href":"https:\/\/www.moskito.cz\/it\/wp-json\/wp\/v2\/media?parent=334382"}],"wp:term":[{"taxonomy":"pwb-brand","embeddable":true,"href":"https:\/\/www.moskito.cz\/it\/wp-json\/wp\/v2\/pwb-brand?post=334382"},{"taxonomy":"product_brand","embeddable":true,"href":"https:\/\/www.moskito.cz\/it\/wp-json\/wp\/v2\/product_brand?post=334382"},{"taxonomy":"product_cat","embeddable":true,"href":"https:\/\/www.moskito.cz\/it\/wp-json\/wp\/v2\/product_cat?post=334382"},{"taxonomy":"product_tag","embeddable":true,"href":"https:\/\/www.moskito.cz\/it\/wp-json\/wp\/v2\/product_tag?post=334382"}],"curies":[{"name":"wp","href":"https:\/\/api.w.org\/{rel}","templated":true}]}}