{"id":334420,"date":"2021-09-22T22:25:23","date_gmt":"2024-04-18T13:34:09","guid":{"rendered":"https:\/\/www.moskito.cz\/produkt\/coltello-di-chiusura-adv-tattico-barlow-slipjoint-n690\/"},"modified":"2025-05-07T11:11:59","modified_gmt":"2025-05-07T10:11:59","slug":"coltello-di-chiusura-adv-tattico-barlow-slipjoint-n690","status":"publish","type":"product","link":"https:\/\/www.moskito.cz\/it\/produkt\/coltello-di-chiusura-adv-tattico-barlow-slipjoint-n690\/","title":{"rendered":"Coltello di Chiusura ADV Tattico Barlow Slipjoint N690"},"content":{"rendered":"<p>Coltello di Chiusura <strong>ADV Tattico<\/strong> Barlow Slipjoint N690.<\/p>\n<p>Il Barlow \u00e8 un coltello slip joint di Andre De Villiers dal profilo molto a forma di pugnale. La sottile lama del grilletto ha un chiodo lungo per una facile apertura e un mezzo fermo per una chiusura fluida. \u00c8 lungo ben tre pollici, che \u00e8 il massimo consentito sia per i coltelli bloccabili che per quelli non bloccabili in molte posizioni, il che dimostra che ADV sa esattamente cosa sta facendo. Il manico ha una forma a goccia liscia con un&#8217;area estesa di protezione per le dita che conduce alla lama, rendendo questo coltello molto facile da indicizzare. \u00c8 realizzato in acciaio inossidabile rinforzato con diversi materiali in scala e inserto e perni in ottone. Sembra solido come una roccia e il contorno lo rende facile da infilare dentro e fuori dalla tasca. Potresti anche dimenticare che \u00e8 uno slipjoint perch\u00e9 sembra cos\u00ec solido da usare e non assomiglia alla tipica cartella non bloccabile.<\/p>\n<p>Specifiche<br \/>\nLunghezza lama: 7,5 cm<br \/>\nLunghezza totale: 17 cm<br \/>\nMateriale lama: acciaio inossidabile N690<br \/>\nStile lama: punto di caduta<br \/>\nAffilatura della lama: piatta<br \/>\nTrattamento superficiale della lama: satinato<br \/>\nMateriale manico: acciaio inox rinforzato con guancette in ebano<br \/>\nMateriale inserto: acciaio inossidabile<br \/>\nMeccanismo di bloccaggio: Slipjoint, Half-Stop<br \/>\nGruppo perno: rondelle<br \/>\nClip da tasca: nessuna<br \/>\nMateriale della custodia: custodia in nylon<br \/>\nPeso: 2,9 once.<br \/>\nProgettista: Andr\u00e9 De Villiers<br \/>\nScudo e perni in ottone<br \/>\nProdotto in Sud Africa<\/p>\n<p>La Barlow \u00e8 una sottile cartella slipjoint di Andre De Villiers con un profilo molto simile a un pugnale. La lama sottile con punto di caduta ha una lunga tacca per unghia per una facile apertura e una sicurezza a mezzo arresto per una chiusura senza preoccupazioni. \u00c8 una bella lunghezza di tre pollici che \u00e8 il massimo consentito in molte localit\u00e0 sia per le lame bloccabili che per quelle non bloccabili, dimostrando che ADV sa esattamente cosa sta facendo. Il manico ha una forma liscia a goccia con un&#8217;area svasata di protezione per le dita che conduce alla lama che rende questo coltello molto facile da indicizzare. \u00c8 realizzato in acciaio inossidabile rinforzato con vari materiali per la scala della maniglia e un inserto e perni dello scudo in ottone. Sembra solido come una roccia e il contorno gli consente di scivolare dentro e fuori dalla tasca con facilit\u00e0. Potresti anche dimenticare che si tratta di un giunto scorrevole poich\u00e9 sembra cos\u00ec solido durante l&#8217;uso e non assomiglia alla tipica cartella non bloccabile. L&#8217;ADV Barlow \u00e8 un impressionante coltello a tutto tondo e questo \u00e8 davvero tutto quello che c&#8217;\u00e8 da fare.<\/p>\n<p>Specifiche<br \/>\nLunghezza lama: 3,00&#8243;<br \/>\nTagliente: 2,75&#8243;<br \/>\nLunghezza chiusa: 3,80&#8243;<br \/>\nLunghezza totale: 6,80&#8243;<br \/>\nMateriale lama: acciaio inossidabile N690<br \/>\nSpessore lama: 0,134&#8243;<br \/>\nStile lama: punto di caduta<br \/>\nAffilatura della lama: piatta<br \/>\nFinitura lama: satinata<br \/>\nMateriale manico: acciaio inossidabile rinforzato con scaglie in legno di ebano<br \/>\nSpessore della maniglia: 0,51&#8243;<br \/>\nMateriale della fodera: acciaio inossidabile<br \/>\nMeccanismo di bloccaggio: Slipjoint, Half-Stop<br \/>\nGruppo perno: rondelle<br \/>\nClip da tasca: nessuna<br \/>\nMateriale della guaina: custodia in nylon<br \/>\nPeso: 2,9 once.<br \/>\nProgettista: Andr\u00e9 De Villiers<br \/>\nScudo e perni in ottone<br \/>\nProdotto in Sud Africa<\/p>\n","protected":false},"excerpt":{"rendered":"<p>Andre de Villiers , fondatore di ADV Tactical dal Sud Africa, \u00e8 un produttore di coltelli a tempo pieno dal 1990.<\/p>\n<p><strong>Questo coltello \u00e8 un Barlow<\/strong> <strong>, uno deve essere tuo!<\/strong><\/p>\n","protected":false},"featured_media":334425,"comment_status":"open","ping_status":"closed","template":"","meta":[],"pwb-brand":[3825],"product_brand":[],"product_cat":[3745,3749],"product_tag":[],"class_list":{"0":"post-334420","1":"product","2":"type-product","3":"status-publish","4":"has-post-thumbnail","6":"pwb-brand-andre-de-villiers-it","7":"product_cat-coltelli","8":"product_cat-coltelli-di-chiusura","10":"first","11":"outofstock","12":"taxable","13":"shipping-taxable","14":"purchasable","15":"product-type-simple"},"brands":[{"id":3825,"name":"Andr\u00e9 De Villiers","slug":"andre-de-villiers-it"}],"_links":{"self":[{"href":"https:\/\/www.moskito.cz\/it\/wp-json\/wp\/v2\/product\/334420","targetHints":{"allow":["GET"]}}],"collection":[{"href":"https:\/\/www.moskito.cz\/it\/wp-json\/wp\/v2\/product"}],"about":[{"href":"https:\/\/www.moskito.cz\/it\/wp-json\/wp\/v2\/types\/product"}],"replies":[{"embeddable":true,"href":"https:\/\/www.moskito.cz\/it\/wp-json\/wp\/v2\/comments?post=334420"}],"wp:featuredmedia":[{"embeddable":true,"href":"https:\/\/www.moskito.cz\/it\/wp-json\/wp\/v2\/media\/334425"}],"wp:attachment":[{"href":"https:\/\/www.moskito.cz\/it\/wp-json\/wp\/v2\/media?parent=334420"}],"wp:term":[{"taxonomy":"pwb-brand","embeddable":true,"href":"https:\/\/www.moskito.cz\/it\/wp-json\/wp\/v2\/pwb-brand?post=334420"},{"taxonomy":"product_brand","embeddable":true,"href":"https:\/\/www.moskito.cz\/it\/wp-json\/wp\/v2\/product_brand?post=334420"},{"taxonomy":"product_cat","embeddable":true,"href":"https:\/\/www.moskito.cz\/it\/wp-json\/wp\/v2\/product_cat?post=334420"},{"taxonomy":"product_tag","embeddable":true,"href":"https:\/\/www.moskito.cz\/it\/wp-json\/wp\/v2\/product_tag?post=334420"}],"curies":[{"name":"wp","href":"https:\/\/api.w.org\/{rel}","templated":true}]}}