{"id":334448,"date":"2021-09-28T11:04:40","date_gmt":"2024-04-18T13:35:56","guid":{"rendered":"https:\/\/www.moskito.cz\/produkt\/coltello-di-chiusura-sog-flare\/"},"modified":"2025-05-07T11:12:00","modified_gmt":"2025-05-07T10:12:00","slug":"coltello-di-chiusura-sog-flare","status":"publish","type":"product","link":"https:\/\/www.moskito.cz\/it\/produkt\/coltello-di-chiusura-sog-flare\/","title":{"rendered":"Coltello di Chiusura SOG FLARE"},"content":{"rendered":"<p>La nostra storia inizia in Vietnam, dove i membri della forza operativa speciale top secret americana, nota come MACV ( <strong>SOG<\/strong> ), trasportavano un coltello segreto unico nella giungla in missioni segrete. Alcuni anni dopo, nel 1986, questo coltello ispir\u00f2 un giovane designer di nome Spencer Frazer a fondare <strong>SOG<\/strong> Specialty Knives. La sua missione: riprodurre il coltello <strong>SOG<\/strong> Bowie originale e rendere omaggio all&#8217;unit\u00e0 operativa speciale che lo ha creato. Ci\u00f2 che era iniziato come un unico modello commemorativo divenne presto un&#8217;intera linea di strumenti innovativi, testati dalle forze speciali statunitensi e premiati persino come il coltello preferito dai Navy SEAL. Oggi i coltelli SOG vengono indossati con sicurezza nelle situazioni pi\u00f9 impegnative. Forgiati dalla tradizione, temprati sul campo, limati per voi.<\/p>\n<p>Che tu stia proteggendo gli altri o guidando un&#8217;epica spedizione di caccia, affrontando una delle sfide quotidiane della vita o affrontando le condizioni pi\u00f9 estreme, fatti strada con <strong>SOG<\/strong> .<\/p>\n<p>Coltello di chiusura <strong>SOG<\/strong> FLARE.<\/p>\n<p>Se stai cercando un ottimo coltello pieghevole, non cercare oltre Flare Assistant. Con il nostro sistema di apertura brevettato SOG Assisted Technology (SAT), il Flare si apre con autorit\u00e0. L&#8217;impugnatura in nylon rinforzato con vetro (GRN) leggera ma resistente e la lama a clip garantiscono durata e versatilit\u00e0. Il Flare \u00e8 molto sottile e presenta anche la nostra caratteristica clip da tasca fronte-retro, cos\u00ec puoi trasportarlo tranquillamente ovunque.<\/p>\n<p>LUNGHEZZA LAMA: 8,5 cm<br \/>\nTIPO DI PRODOTTO: Coltello pieghevole<br \/>\nTIPO FIBBIA CINTURA: Fissa<br \/>\nFINITURE: Satinato lucido<br \/>\nTIPO DI BORDO: Dritto<br \/>\nFORMA DELLA LAMA: Punto di aggancio<br \/>\nDUREZZA: RC 54-58<br \/>\nCOLORE MANICO: Nero<\/p>\n<p><iframe title=\"SOG Flare\" width=\"800\" height=\"450\" src=\"https:\/\/www.youtube.com\/embed\/sN9VjcMTNFg?feature=oembed\" frameborder=\"0\" allow=\"accelerometer; autoplay; clipboard-write; encrypted-media; gyroscope; picture-in-picture; web-share\" referrerpolicy=\"strict-origin-when-cross-origin\" allowfullscreen><\/iframe><\/p>\n<p>&nbsp;<\/p>\n<p>Se stai cercando un ottimo coltello pieghevole, non cercare oltre il Flare Assist. Dotato del nostro sistema di apertura brevettato SOG Assisted Technology (SAT), il Flare si apre con autorit\u00e0. Il manico leggero ma resistente in nylon rinforzato con vetro (GRN) e una lama con punta a clip garantiscono durata e versatilit\u00e0. Il Flare \u00e8 molto sottile e include anche la nostra clip da tasca reversibile a basso trasporto, cos\u00ec puoi portarlo ovunque con sicurezza.<\/p>\n<p>&nbsp;<\/p>\n","protected":false},"excerpt":{"rendered":"<p>Che tu stia proteggendo gli altri o guidando un&#8217;epica spedizione di caccia, affrontando una delle sfide quotidiane della vita o affrontando le condizioni pi\u00f9 estreme, fatti strada con <strong>SOG<\/strong> .<\/p>\n<p><strong>Diamo una garanzia a vita su tutti i coltelli SOG!<\/strong><\/p>\n","protected":false},"featured_media":334449,"comment_status":"open","ping_status":"closed","template":"","meta":[],"pwb-brand":[3850],"product_brand":[],"product_cat":[3745,3749],"product_tag":[3755],"class_list":{"0":"post-334448","1":"product","2":"type-product","3":"status-publish","4":"has-post-thumbnail","6":"pwb-brand-sog-it","7":"product_cat-coltelli","8":"product_cat-coltelli-di-chiusura","9":"product_tag-b2b-it","11":"first","12":"instock","13":"taxable","14":"shipping-taxable","15":"purchasable","16":"product-type-simple"},"brands":[{"id":3850,"name":"SOG","slug":"sog-it"}],"_links":{"self":[{"href":"https:\/\/www.moskito.cz\/it\/wp-json\/wp\/v2\/product\/334448","targetHints":{"allow":["GET"]}}],"collection":[{"href":"https:\/\/www.moskito.cz\/it\/wp-json\/wp\/v2\/product"}],"about":[{"href":"https:\/\/www.moskito.cz\/it\/wp-json\/wp\/v2\/types\/product"}],"replies":[{"embeddable":true,"href":"https:\/\/www.moskito.cz\/it\/wp-json\/wp\/v2\/comments?post=334448"}],"wp:featuredmedia":[{"embeddable":true,"href":"https:\/\/www.moskito.cz\/it\/wp-json\/wp\/v2\/media\/334449"}],"wp:attachment":[{"href":"https:\/\/www.moskito.cz\/it\/wp-json\/wp\/v2\/media?parent=334448"}],"wp:term":[{"taxonomy":"pwb-brand","embeddable":true,"href":"https:\/\/www.moskito.cz\/it\/wp-json\/wp\/v2\/pwb-brand?post=334448"},{"taxonomy":"product_brand","embeddable":true,"href":"https:\/\/www.moskito.cz\/it\/wp-json\/wp\/v2\/product_brand?post=334448"},{"taxonomy":"product_cat","embeddable":true,"href":"https:\/\/www.moskito.cz\/it\/wp-json\/wp\/v2\/product_cat?post=334448"},{"taxonomy":"product_tag","embeddable":true,"href":"https:\/\/www.moskito.cz\/it\/wp-json\/wp\/v2\/product_tag?post=334448"}],"curies":[{"name":"wp","href":"https:\/\/api.w.org\/{rel}","templated":true}]}}