{"id":334645,"date":"2022-04-26T21:34:21","date_gmt":"2024-04-18T14:40:05","guid":{"rendered":"https:\/\/www.moskito.cz\/produkt\/coltello-solido-sog-gambit\/"},"modified":"2025-05-07T11:12:05","modified_gmt":"2025-05-07T10:12:05","slug":"coltello-solido-sog-gambit","status":"publish","type":"product","link":"https:\/\/www.moskito.cz\/it\/produkt\/coltello-solido-sog-gambit\/","title":{"rendered":"Coltello solido SOG GAMBIT"},"content":{"rendered":"<p>Coltello solido <strong>SOG<\/strong> GAMBIT.<\/p>\n<p>Una lama solida progettata per gestire molteplici usi tra cui protezione personale, attivit\u00e0 di utilit\u00e0 e altro ancora, il SOG Gambit \u00e8 costruito per funzionare in tutte le circostanze. L&#8217;esclusiva impugnatura ergonomica, comoda sia nella presa in avanti che all&#8217;indietro, \u00e8 trattenuta dal design a lama intera per una maggiore resistenza. La lama uncinata da 2,6 pollici, che ricorda un artiglio, offre ulteriori capacit\u00e0 di aggancio, strappo e strappo. Il Gambit viene fornito con una robusta custodia in nylon per un facile trasporto. Storicamente, questo stile di lama era destinato all&#8217;autodifesa e all&#8217;uso agricolo. Anche se viene ancora utilizzato per questi scopi, \u00e8 ottimo anche per l&#8217;uso esterno.<\/p>\n<p>Robusta fondina in nylon stampato con clip per cintura\/scarpe, punti di attacco per cintura e cordino per molteplici opzioni di trasporto.<\/p>\n<p>Utilizzo versatile che include protezione personale, attivit\u00e0 utili e molto altro ancora<\/p>\n<p>Lunghezza totale: 185 mm, Peso: 79 g. Lunghezza lama: 66 mm<\/p>\n<p>&nbsp;<\/p>\n","protected":false},"excerpt":{"rendered":"<p>Che tu stia proteggendo gli altri o guidando un&#8217;epica spedizione di caccia, affrontando una delle sfide quotidiane della vita o affrontando le condizioni pi\u00f9 estreme, fatti strada con <strong>SOG<\/strong> .<\/p>\n<p><strong>Diamo una garanzia a vita su tutti i coltelli SOG!<\/strong><\/p>\n","protected":false},"featured_media":334646,"comment_status":"open","ping_status":"closed","template":"","meta":[],"pwb-brand":[3850],"product_brand":[],"product_cat":[3745,3746],"product_tag":[3755],"class_list":{"0":"post-334645","1":"product","2":"type-product","3":"status-publish","4":"has-post-thumbnail","6":"pwb-brand-sog-it","7":"product_cat-coltelli","8":"product_cat-coltelli-solidi","9":"product_tag-b2b-it","11":"first","12":"outofstock","13":"taxable","14":"shipping-taxable","15":"purchasable","16":"product-type-simple"},"brands":[{"id":3850,"name":"SOG","slug":"sog-it"}],"_links":{"self":[{"href":"https:\/\/www.moskito.cz\/it\/wp-json\/wp\/v2\/product\/334645","targetHints":{"allow":["GET"]}}],"collection":[{"href":"https:\/\/www.moskito.cz\/it\/wp-json\/wp\/v2\/product"}],"about":[{"href":"https:\/\/www.moskito.cz\/it\/wp-json\/wp\/v2\/types\/product"}],"replies":[{"embeddable":true,"href":"https:\/\/www.moskito.cz\/it\/wp-json\/wp\/v2\/comments?post=334645"}],"wp:featuredmedia":[{"embeddable":true,"href":"https:\/\/www.moskito.cz\/it\/wp-json\/wp\/v2\/media\/334646"}],"wp:attachment":[{"href":"https:\/\/www.moskito.cz\/it\/wp-json\/wp\/v2\/media?parent=334645"}],"wp:term":[{"taxonomy":"pwb-brand","embeddable":true,"href":"https:\/\/www.moskito.cz\/it\/wp-json\/wp\/v2\/pwb-brand?post=334645"},{"taxonomy":"product_brand","embeddable":true,"href":"https:\/\/www.moskito.cz\/it\/wp-json\/wp\/v2\/product_brand?post=334645"},{"taxonomy":"product_cat","embeddable":true,"href":"https:\/\/www.moskito.cz\/it\/wp-json\/wp\/v2\/product_cat?post=334645"},{"taxonomy":"product_tag","embeddable":true,"href":"https:\/\/www.moskito.cz\/it\/wp-json\/wp\/v2\/product_tag?post=334645"}],"curies":[{"name":"wp","href":"https:\/\/api.w.org\/{rel}","templated":true}]}}