{"id":334684,"date":"2023-03-07T22:14:58","date_gmt":"2024-04-18T14:46:31","guid":{"rendered":"https:\/\/www.moskito.cz\/produkt\/coltello-solid-sog-tellus-fx-wolf-grigio\/"},"modified":"2025-05-07T11:12:06","modified_gmt":"2025-05-07T10:12:06","slug":"coltello-solid-sog-tellus-fx-wolf-grigio","status":"publish","type":"product","link":"https:\/\/www.moskito.cz\/it\/produkt\/coltello-solid-sog-tellus-fx-wolf-grigio\/","title":{"rendered":"Coltello Solid SOG TELLUS FX WOLF GRIGIO"},"content":{"rendered":"<p>Coltello Solid <strong>SOG<\/strong> TELLUS FX WOLF GRIGIO<\/p>\n<p>La spina dorsale di questo potente coltello \u00e8 una lama all-over in acciaio inossidabile CYRO 440 con una spalla larga. L&#8217;impugnatura GRN \u00e8 facile da maneggiare per un&#8217;ampia gamma di attivit\u00e0 di bushcrafting, anche se bagnata. Il fodero offre flessibilit\u00e0 su come e dove il coltello pu\u00f2 essere trasportato in sicurezza. Include custodia compatibile UMS regolabile.<\/p>\n<p><strong>CYRO 440C INOSSIDABILE<\/strong><br \/>\nL&#8217;acciaio inossidabile CRYO 440C ha la combinazione perfetta di eccellente resistenza alla corrosione e all&#8217;usura richiesta per un coltello progettato per un uso esterno intenso. La finitura Stonewashed offre una maggiore resistenza alla corrosione e nasconde i graffi per mantenere il tuo coltello in ottime condizioni.<\/p>\n<p><strong>MANIGLIA GR<\/strong><br \/>\nIl nylon \u00e8 un materiale popolare per i manici dei coltelli grazie alla sua robustezza, resistenza agli urti, inerzia chimica e stabilit\u00e0 alle alte temperature. Tutte queste propriet\u00e0 sono migliorate nel Tellus FX aggiungendo fibre di vetro al nylon per creare un materiale nuovo e ancora pi\u00f9 durevole, il nylon rinforzato con fibra di vetro (GRN).<\/p>\n<p>CUSTODIA COMPATIBILE CON UMS<br \/>\nLa guaina incorpora le parti migliori del sistema di montaggio universale SOG, consentendo un trasporto sicuro e personalizzato per un&#8217;ampia gamma di avventure all&#8217;aria aperta.<\/p>\n<p>ACCIAIO: CRYO 440 (9Cr18MoV)<br \/>\nMATERIALE CASSA: PP<br \/>\nPESO: 191 g<br \/>\nLUNGHEZZA LAMA: 10,8 cm<br \/>\nDIMENSIONE GLOBALE: 22,9 cm<br \/>\nColore grigio<br \/>\nMATERIALE MANICO: GRN<br \/>\nSPESSORE LAMA: 3,8 mm<\/p>\n<p>&nbsp;<\/p>\n","protected":false},"excerpt":{"rendered":"<p><strong>Il coltello da lavoro per eccellenza. Puoi trovare la sua applicazione in natura.<\/strong><\/p>\n","protected":false},"featured_media":334685,"comment_status":"open","ping_status":"closed","template":"","meta":[],"pwb-brand":[3850],"product_brand":[],"product_cat":[3745,3746],"product_tag":[3755],"class_list":{"0":"post-334684","1":"product","2":"type-product","3":"status-publish","4":"has-post-thumbnail","6":"pwb-brand-sog-it","7":"product_cat-coltelli","8":"product_cat-coltelli-solidi","9":"product_tag-b2b-it","11":"first","12":"outofstock","13":"taxable","14":"shipping-taxable","15":"purchasable","16":"product-type-simple"},"brands":[{"id":3850,"name":"SOG","slug":"sog-it"}],"_links":{"self":[{"href":"https:\/\/www.moskito.cz\/it\/wp-json\/wp\/v2\/product\/334684","targetHints":{"allow":["GET"]}}],"collection":[{"href":"https:\/\/www.moskito.cz\/it\/wp-json\/wp\/v2\/product"}],"about":[{"href":"https:\/\/www.moskito.cz\/it\/wp-json\/wp\/v2\/types\/product"}],"replies":[{"embeddable":true,"href":"https:\/\/www.moskito.cz\/it\/wp-json\/wp\/v2\/comments?post=334684"}],"wp:featuredmedia":[{"embeddable":true,"href":"https:\/\/www.moskito.cz\/it\/wp-json\/wp\/v2\/media\/334685"}],"wp:attachment":[{"href":"https:\/\/www.moskito.cz\/it\/wp-json\/wp\/v2\/media?parent=334684"}],"wp:term":[{"taxonomy":"pwb-brand","embeddable":true,"href":"https:\/\/www.moskito.cz\/it\/wp-json\/wp\/v2\/pwb-brand?post=334684"},{"taxonomy":"product_brand","embeddable":true,"href":"https:\/\/www.moskito.cz\/it\/wp-json\/wp\/v2\/product_brand?post=334684"},{"taxonomy":"product_cat","embeddable":true,"href":"https:\/\/www.moskito.cz\/it\/wp-json\/wp\/v2\/product_cat?post=334684"},{"taxonomy":"product_tag","embeddable":true,"href":"https:\/\/www.moskito.cz\/it\/wp-json\/wp\/v2\/product_tag?post=334684"}],"curies":[{"name":"wp","href":"https:\/\/api.w.org\/{rel}","templated":true}]}}